{"id":82,"date":"2024-06-20T09:07:10","date_gmt":"2024-06-20T09:07:10","guid":{"rendered":"https:\/\/eplglobal.verifinow.in\/?page_id=82"},"modified":"2024-11-21T05:28:51","modified_gmt":"2024-11-21T05:28:51","slug":"home","status":"publish","type":"page","link":"https:\/\/eplglobal.verifinow.in\/pl\/","title":{"rendered":"Dom"},"content":{"rendered":"","protected":false},"excerpt":{"rendered":"","protected":false},"author":1,"featured_media":318,"parent":0,"menu_order":0,"comment_status":"closed","ping_status":"closed","template":"front-page.php","meta":{"_acf_changed":false,"inline_featured_image":false,"footnotes":""},"class_list":["post-82","page","type-page","status-publish","has-post-thumbnail","hentry"],"acf":[],"yoast_head":"<!-- This site is optimized with the Yoast SEO plugin v27.3 - https:\/\/yoast.com\/product\/yoast-seo-wordpress\/ -->\n<title>Home - EPL - Leading the pack<\/title>\n<meta name=\"robots\" content=\"noindex, follow, max-snippet:-1, max-image-preview:large, max-video-preview:-1\" \/>\n<meta property=\"og:locale\" content=\"pl_PL\" \/>\n<meta property=\"og:type\" content=\"article\" \/>\n<meta property=\"og:title\" content=\"Home - EPL - Leading the pack\" \/>\n<meta property=\"og:url\" content=\"https:\/\/eplglobal.verifinow.in\/pl\/\" \/>\n<meta property=\"og:site_name\" content=\"EPL - Leading the pack\" \/>\n<meta property=\"article:publisher\" content=\"https:\/\/www.facebook.com\/EPLGlobalLimited\" \/>\n<meta property=\"article:modified_time\" content=\"2024-11-21T05:28:51+00:00\" \/>\n<meta property=\"og:image\" content=\"https:\/\/eplglobal.verifinow.in\/wp-content\/uploads\/2024\/06\/banner.png\" \/>\n\t<meta property=\"og:image:width\" content=\"2904\" \/>\n\t<meta property=\"og:image:height\" content=\"1246\" \/>\n\t<meta property=\"og:image:type\" content=\"image\/png\" \/>\n<meta name=\"twitter:card\" content=\"summary_large_image\" \/>\n<meta name=\"twitter:site\" content=\"@EPL_Limited\" \/>\n<meta name=\"twitter:label1\" content=\"Szacowany czas czytania\" \/>\n\t<meta name=\"twitter:data1\" content=\"1 minuta\" \/>\n<script type=\"application\/ld+json\" class=\"yoast-schema-graph\">{\"@context\":\"https:\\\/\\\/schema.org\",\"@graph\":[{\"@type\":\"WebPage\",\"@id\":\"https:\\\/\\\/eplglobal.verifinow.in\\\/\",\"url\":\"https:\\\/\\\/eplglobal.verifinow.in\\\/\",\"name\":\"Home - EPL - Leading the pack\",\"isPartOf\":{\"@id\":\"https:\\\/\\\/eplglobal.verifinow.in\\\/#website\"},\"primaryImageOfPage\":{\"@id\":\"https:\\\/\\\/eplglobal.verifinow.in\\\/#primaryimage\"},\"image\":{\"@id\":\"https:\\\/\\\/eplglobal.verifinow.in\\\/#primaryimage\"},\"thumbnailUrl\":\"https:\\\/\\\/eplglobal.verifinow.in\\\/wp-content\\\/uploads\\\/2024\\\/06\\\/banner.png\",\"datePublished\":\"2024-06-20T09:07:10+00:00\",\"dateModified\":\"2024-11-21T05:28:51+00:00\",\"breadcrumb\":{\"@id\":\"https:\\\/\\\/eplglobal.verifinow.in\\\/#breadcrumb\"},\"inLanguage\":\"pl-PL\",\"potentialAction\":[{\"@type\":\"ReadAction\",\"target\":[\"https:\\\/\\\/eplglobal.verifinow.in\\\/\"]}]},{\"@type\":\"ImageObject\",\"inLanguage\":\"pl-PL\",\"@id\":\"https:\\\/\\\/eplglobal.verifinow.in\\\/#primaryimage\",\"url\":\"https:\\\/\\\/eplglobal.verifinow.in\\\/wp-content\\\/uploads\\\/2024\\\/06\\\/banner.png\",\"contentUrl\":\"https:\\\/\\\/eplglobal.verifinow.in\\\/wp-content\\\/uploads\\\/2024\\\/06\\\/banner.png\",\"width\":2904,\"height\":1246},{\"@type\":\"BreadcrumbList\",\"@id\":\"https:\\\/\\\/eplglobal.verifinow.in\\\/#breadcrumb\",\"itemListElement\":[{\"@type\":\"ListItem\",\"position\":1,\"name\":\"Home\",\"item\":\"https:\\\/\\\/eplglobal.verifinow.in\\\/\"},{\"@type\":\"ListItem\",\"position\":2,\"name\":\"Home\"}]},{\"@type\":\"WebSite\",\"@id\":\"https:\\\/\\\/eplglobal.verifinow.in\\\/#website\",\"url\":\"https:\\\/\\\/eplglobal.verifinow.in\\\/\",\"name\":\"EPL\",\"description\":\"EPL ltd\",\"publisher\":{\"@id\":\"https:\\\/\\\/eplglobal.verifinow.in\\\/#organization\"},\"potentialAction\":[{\"@type\":\"SearchAction\",\"target\":{\"@type\":\"EntryPoint\",\"urlTemplate\":\"https:\\\/\\\/eplglobal.verifinow.in\\\/?s={search_term_string}\"},\"query-input\":{\"@type\":\"PropertyValueSpecification\",\"valueRequired\":true,\"valueName\":\"search_term_string\"}}],\"inLanguage\":\"pl-PL\"},{\"@type\":\"Organization\",\"@id\":\"https:\\\/\\\/eplglobal.verifinow.in\\\/#organization\",\"name\":\"EPL Ltd\",\"url\":\"https:\\\/\\\/eplglobal.verifinow.in\\\/\",\"logo\":{\"@type\":\"ImageObject\",\"inLanguage\":\"pl-PL\",\"@id\":\"https:\\\/\\\/eplglobal.verifinow.in\\\/#\\\/schema\\\/logo\\\/image\\\/\",\"url\":\"https:\\\/\\\/eplglobal.verifinow.in\\\/wp-content\\\/uploads\\\/2024\\\/07\\\/EPL-logo-300x207-1-3.png\",\"contentUrl\":\"https:\\\/\\\/eplglobal.verifinow.in\\\/wp-content\\\/uploads\\\/2024\\\/07\\\/EPL-logo-300x207-1-3.png\",\"width\":300,\"height\":207,\"caption\":\"EPL Ltd\"},\"image\":{\"@id\":\"https:\\\/\\\/eplglobal.verifinow.in\\\/#\\\/schema\\\/logo\\\/image\\\/\"},\"sameAs\":[\"https:\\\/\\\/www.facebook.com\\\/EPLGlobalLimited\",\"https:\\\/\\\/x.com\\\/EPL_Limited\",\"https:\\\/\\\/www.instagram.com\\\/epl_limited\\\/\",\"https:\\\/\\\/www.linkedin.com\\\/company\\\/epl-limited\\\/\",\"https:\\\/\\\/www.youtube.com\\\/channel\\\/UCciHlQEzUjUqievawSyoNcw\"]}]}<\/script>\n<!-- \/ Yoast SEO plugin. -->","yoast_head_json":{"title":"Strona g\u0142\u00f3wna - EPL - Prowadzenie stada","robots":{"index":"noindex","follow":"follow","max-snippet":"max-snippet:-1","max-image-preview":"max-image-preview:large","max-video-preview":"max-video-preview:-1"},"og_locale":"pl_PL","og_type":"article","og_title":"Home - EPL - Leading the pack","og_url":"https:\/\/eplglobal.verifinow.in\/pl\/","og_site_name":"EPL - Leading the pack","article_publisher":"https:\/\/www.facebook.com\/EPLGlobalLimited","article_modified_time":"2024-11-21T05:28:51+00:00","og_image":[{"width":2904,"height":1246,"url":"https:\/\/eplglobal.verifinow.in\/wp-content\/uploads\/2024\/06\/banner.png","type":"image\/png"}],"twitter_card":"summary_large_image","twitter_site":"@EPL_Limited","twitter_misc":{"Szacowany czas czytania":"1 minuta"},"schema":{"@context":"https:\/\/schema.org","@graph":[{"@type":"WebPage","@id":"https:\/\/eplglobal.verifinow.in\/","url":"https:\/\/eplglobal.verifinow.in\/","name":"Strona g\u0142\u00f3wna - EPL - Prowadzenie stada","isPartOf":{"@id":"https:\/\/eplglobal.verifinow.in\/#website"},"primaryImageOfPage":{"@id":"https:\/\/eplglobal.verifinow.in\/#primaryimage"},"image":{"@id":"https:\/\/eplglobal.verifinow.in\/#primaryimage"},"thumbnailUrl":"https:\/\/eplglobal.verifinow.in\/wp-content\/uploads\/2024\/06\/banner.png","datePublished":"2024-06-20T09:07:10+00:00","dateModified":"2024-11-21T05:28:51+00:00","breadcrumb":{"@id":"https:\/\/eplglobal.verifinow.in\/#breadcrumb"},"inLanguage":"pl-PL","potentialAction":[{"@type":"ReadAction","target":["https:\/\/eplglobal.verifinow.in\/"]}]},{"@type":"ImageObject","inLanguage":"pl-PL","@id":"https:\/\/eplglobal.verifinow.in\/#primaryimage","url":"https:\/\/eplglobal.verifinow.in\/wp-content\/uploads\/2024\/06\/banner.png","contentUrl":"https:\/\/eplglobal.verifinow.in\/wp-content\/uploads\/2024\/06\/banner.png","width":2904,"height":1246},{"@type":"BreadcrumbList","@id":"https:\/\/eplglobal.verifinow.in\/#breadcrumb","itemListElement":[{"@type":"ListItem","position":1,"name":"Home","item":"https:\/\/eplglobal.verifinow.in\/"},{"@type":"ListItem","position":2,"name":"Home"}]},{"@type":"WebSite","@id":"https:\/\/eplglobal.verifinow.in\/#website","url":"https:\/\/eplglobal.verifinow.in\/","name":"Premier League","description":"EPL sp\u00f3\u0142ka z ograniczon\u0105 odpowiedzialno\u015bci\u0105","publisher":{"@id":"https:\/\/eplglobal.verifinow.in\/#organization"},"potentialAction":[{"@type":"SearchAction","target":{"@type":"EntryPoint","urlTemplate":"https:\/\/eplglobal.verifinow.in\/?s={search_term_string}"},"query-input":{"@type":"PropertyValueSpecification","valueRequired":true,"valueName":"search_term_string"}}],"inLanguage":"pl-PL"},{"@type":"Organization","@id":"https:\/\/eplglobal.verifinow.in\/#organization","name":"EPL Sp. z o.o.","url":"https:\/\/eplglobal.verifinow.in\/","logo":{"@type":"ImageObject","inLanguage":"pl-PL","@id":"https:\/\/eplglobal.verifinow.in\/#\/schema\/logo\/image\/","url":"https:\/\/eplglobal.verifinow.in\/wp-content\/uploads\/2024\/07\/EPL-logo-300x207-1-3.png","contentUrl":"https:\/\/eplglobal.verifinow.in\/wp-content\/uploads\/2024\/07\/EPL-logo-300x207-1-3.png","width":300,"height":207,"caption":"EPL Ltd"},"image":{"@id":"https:\/\/eplglobal.verifinow.in\/#\/schema\/logo\/image\/"},"sameAs":["https:\/\/www.facebook.com\/EPLGlobalLimited","https:\/\/x.com\/EPL_Limited","https:\/\/www.instagram.com\/epl_limited\/","https:\/\/www.linkedin.com\/company\/epl-limited\/","https:\/\/www.youtube.com\/channel\/UCciHlQEzUjUqievawSyoNcw"]}]}},"_links":{"self":[{"href":"https:\/\/eplglobal.verifinow.in\/pl\/wp-json\/wp\/v2\/pages\/82","targetHints":{"allow":["GET"]}}],"collection":[{"href":"https:\/\/eplglobal.verifinow.in\/pl\/wp-json\/wp\/v2\/pages"}],"about":[{"href":"https:\/\/eplglobal.verifinow.in\/pl\/wp-json\/wp\/v2\/types\/page"}],"author":[{"embeddable":true,"href":"https:\/\/eplglobal.verifinow.in\/pl\/wp-json\/wp\/v2\/users\/1"}],"replies":[{"embeddable":true,"href":"https:\/\/eplglobal.verifinow.in\/pl\/wp-json\/wp\/v2\/comments?post=82"}],"version-history":[{"count":1,"href":"https:\/\/eplglobal.verifinow.in\/pl\/wp-json\/wp\/v2\/pages\/82\/revisions"}],"predecessor-version":[{"id":3773,"href":"https:\/\/eplglobal.verifinow.in\/pl\/wp-json\/wp\/v2\/pages\/82\/revisions\/3773"}],"wp:featuredmedia":[{"embeddable":true,"href":"https:\/\/eplglobal.verifinow.in\/pl\/wp-json\/wp\/v2\/media\/318"}],"wp:attachment":[{"href":"https:\/\/eplglobal.verifinow.in\/pl\/wp-json\/wp\/v2\/media?parent=82"}],"curies":[{"name":"wp","href":"https:\/\/api.w.org\/{rel}","templated":true}]}}