{"id":1740,"date":"2024-07-31T12:31:39","date_gmt":"2024-07-31T12:31:39","guid":{"rendered":"https:\/\/eplglobal.verifinow.in\/?page_id=1740"},"modified":"2024-07-31T12:31:40","modified_gmt":"2024-07-31T12:31:40","slug":"cookie-policy","status":"publish","type":"page","link":"https:\/\/eplglobal.verifinow.in\/pl\/cookie-policy\/","title":{"rendered":"Polityka dotycz\u0105ca plik\u00f3w cookie"},"content":{"rendered":"<p>EPL Limited (dawniej znana jako Essel Propack Limited) (\"my\", \"nas\", \"EPL\") rozumie, \u017ce prywatno\u015b\u0107 u\u017cytkownika jest wa\u017cna dla podmiotu danych (\"u\u017cytkownik\", \"tw\u00f3j\", \"u\u017cytkownik\", \"subskrybent\") i zobowi\u0105zujemy si\u0119 do zachowania przejrzysto\u015bci w zakresie stosowanych przez nas technologii. Niniejsza Polityka dotycz\u0105ca plik\u00f3w cookie wyja\u015bnia, w jaki spos\u00f3b i dlaczego pliki cookie i inne podobne technologie mog\u0105 by\u0107 przechowywane na urz\u0105dzeniu u\u017cytkownika i uzyskiwane z niego dost\u0119p podczas korzystania lub odwiedzania strony internetowej lub aplikacji EPL Limited (dawniej znanej jako Essel Propack Limited), kt\u00f3ra publikuje link do niniejszej Polityki (\u0142\u0105cznie \"Witryny\"). Niniejsza Polityka dotycz\u0105ca plik\u00f3w cookie powinna by\u0107 czytana razem z nasz\u0105 Polityk\u0105 prywatno\u015bci i Warunkami u\u017cytkowania.<\/p>\n\n\n\n<h4 class=\"wp-block-heading\">Czym s\u0105 pliki cookie i inne technologie \u015bledzenia?<\/h4>\n\n\n\n<p>Plik cookie to niewielki plik tekstowy zapisywany przez witryn\u0119 internetow\u0105 na komputerze lub urz\u0105dzeniu mobilnym u\u017cytkownika podczas odwiedzania witryny. Umo\u017cliwia on stronie internetowej zapami\u0119tywanie dzia\u0142a\u0144 i preferencji u\u017cytkownika (takich jak login, j\u0119zyk, rozmiar czcionki i inne preferencje wy\u015bwietlania) przez pewien czas, dzi\u0119ki czemu u\u017cytkownik nie musi ich ponownie wprowadza\u0107 za ka\u017cdym razem, gdy powraca na stron\u0119 lub przegl\u0105da j\u0105 od jednej strony do drugiej. Inne technologie \u015bledzenia dzia\u0142aj\u0105 podobnie do plik\u00f3w cookie i umieszczaj\u0105 ma\u0142e pliki danych na urz\u0105dzeniach u\u017cytkownik\u00f3w lub monitoruj\u0105 ich aktywno\u015b\u0107 w witrynie, aby umo\u017cliwi\u0107 nam gromadzenie informacji o sposobie korzystania z naszych witryn internetowych. Umo\u017cliwia to naszym stronom internetowym rozpoznanie urz\u0105dzenia u\u017cytkownika od urz\u0105dze\u0144 innych u\u017cytkownik\u00f3w stron internetowych. Podane poni\u017cej informacje dotycz\u0105ce plik\u00f3w cookie maj\u0105 r\u00f3wnie\u017c zastosowanie do tych innych technologii \u015bledzenia.<\/p>\n\n\n\n<h4 class=\"wp-block-heading\">W jaki spos\u00f3b nasze witryny wykorzystuj\u0105 pliki cookie i inne technologie \u015bledzenia?<\/h4>\n\n\n\n<p>U\u017cywamy plik\u00f3w cookie do gromadzenia i przechowywania informacji podczas uzyskiwania dost\u0119pu do naszej witryny internetowej i korzystania z innych us\u0142ug EPL Limited (dawniej znanej jako Essel Propack Limited). U\u017cywamy plik\u00f3w cookie do r\u00f3\u017cnych cel\u00f3w, takich jak:<\/p>\n\n\n\n<ul class=\"wp-block-list\">\n<li>W celu \u015bwiadczenia us\u0142ug EPL Limited (dawniej znanej jako Essel Propack Limited)<\/li>\n\n\n\n<li>Dostarczanie niespersonalizowanych lub spersonalizowanych reklam<\/li>\n\n\n\n<li>Aby zidentyfikowa\u0107 swoj\u0105 lokalizacj\u0119<\/li>\n\n\n\n<li>Aby zidentyfikowa\u0107 przegl\u0105dark\u0119 i urz\u0105dzenie.<\/li>\n\n\n\n<li>Do cel\u00f3w analitycznych i badawczych<\/li>\n<\/ul>\n\n\n\n<p>Pomiar i analiza odbiorc\u00f3w ka\u017cdej strony w celu p\u00f3\u017aniejszej poprawy ergonomii, przegl\u0105dania lub widoczno\u015bci tre\u015bci; Pomiar niezawodno\u015bci witryny poprzez analiz\u0119 liczby odwiedzin na jej stronach w czasie rzeczywistym oraz oferowanie zr\u00f3\u017cnicowanych reklam dostosowanych do obszar\u00f3w zainteresowa\u0144 u\u017cytkownik\u00f3w; Pliki cookie mog\u0105 by\u0107 r\u00f3wnie\u017c zapisywane przez narz\u0119dzia medi\u00f3w spo\u0142eczno\u015bciowych, je\u015bli korzystasz z tych funkcji (np. Facebook, Twitter).<\/p>\n\n\n\n<p>Rodzaj plik\u00f3w cookie<\/p>\n\n\n\n<p>\"W\u0142asne pliki cookie\" to pliki cookie, kt\u00f3re nale\u017c\u0105 do nas i kt\u00f3re umieszczamy na urz\u0105dzeniu u\u017cytkownika lub kt\u00f3re s\u0105 ustawiane przez witryn\u0119 internetow\u0105 odwiedzan\u0105 w danym momencie przez u\u017cytkownika (np. pliki cookie umieszczane przez EPL Limited (dawniej znan\u0105 jako Essel Propack Limited) Group).<\/p>\n\n\n\n<p>\"Pliki cookie stron trzecich\" to pliki cookie, kt\u00f3re inna strona umieszcza na urz\u0105dzeniu u\u017cytkownika za po\u015brednictwem naszej witryny (np. agencje reklamowe mog\u0105 umieszcza\u0107 swoje pliki cookie w naszej witrynie, kt\u00f3re b\u0119d\u0105 gromadzi\u0107 informacje o \u015bledzeniu i wy\u015bwietla\u0107 reklamy).<\/p>\n\n\n\n<p>U\u017cywamy nast\u0119puj\u0105cych rodzaj\u00f3w plik\u00f3w cookie:<br>Trwa\u0142e pliki cookie. U\u017cywamy trwa\u0142ych plik\u00f3w cookie, aby poprawi\u0107 komfort korzystania z witryn. Obejmuje to rejestrowanie akceptacji naszej Polityki plik\u00f3w cookie w celu usuni\u0119cia komunikatu o plikach cookie, kt\u00f3ry pojawia si\u0119 po raz pierwszy podczas odwiedzania witryny.<\/p>\n\n\n\n<p>Sesyjne pliki cookie. Sesyjne pliki cookie s\u0105 tymczasowe i usuwane z komputera u\u017cytkownika po zamkni\u0119ciu przegl\u0105darki internetowej. U\u017cywamy sesyjnych plik\u00f3w cookie, aby pom\u00f3c nam \u015bledzi\u0107 korzystanie z Internetu, jak opisano powy\u017cej.<\/p>\n\n\n\n<p>U\u017cytkownik mo\u017ce odm\u00f3wi\u0107 akceptacji plik\u00f3w cookie przegl\u0105darki, aktywuj\u0105c odpowiednie ustawienie w przegl\u0105darce. Je\u015bli jednak u\u017cytkownik wybierze to ustawienie, mo\u017ce nie by\u0107 w stanie uzyska\u0107 dost\u0119pu do niekt\u00f3rych cz\u0119\u015bci Witryn. O ile u\u017cytkownik nie dostosowa\u0142 ustawie\u0144 przegl\u0105darki tak, aby odrzuca\u0142a pliki cookie, nasz system sprawdzi, czy pliki cookie mog\u0105 by\u0107 przechwytywane, gdy u\u017cytkownik skieruje przegl\u0105dark\u0119 do naszych Witryn. Dane gromadzone przez strony internetowe i\/lub za po\u015brednictwem plik\u00f3w cookie, kt\u00f3re mog\u0105 by\u0107 umieszczane na komputerze u\u017cytkownika, nie b\u0119d\u0105 przechowywane d\u0142u\u017cej ni\u017c jest to konieczne do realizacji cel\u00f3w wymienionych powy\u017cej. W ka\u017cdym przypadku takie informacje b\u0119d\u0105 przechowywane w naszej bazie danych do momentu uzyskania wyra\u017anej zgody u\u017cytkownika na usuni\u0119cie wszystkich przechowywanych plik\u00f3w cookie.<\/p>\n\n\n\n<p>Pliki cookie dzielimy na nast\u0119puj\u0105ce kategorie:<\/p>\n\n\n\n<h4 class=\"wp-block-heading\">Niezb\u0119dne\/techniczne<\/h4>\n\n\n\n<p>Te pliki cookie s\u0105 niezb\u0119dne do umo\u017cliwienia nam obs\u0142ugi naszych Witryn, aby u\u017cytkownik m\u00f3g\u0142 uzyska\u0107 do nich dost\u0119p zgodnie z \u017c\u0105daniem. Te pliki cookie pozwalaj\u0105 nam na przyk\u0142ad rozpozna\u0107, \u017ce u\u017cytkownik utworzy\u0142 konto i zalogowa\u0142 si\u0119\/wylogowa\u0142, aby uzyska\u0107 dost\u0119p do zawarto\u015bci Witryny. Obejmuj\u0105 one r\u00f3wnie\u017c pliki cookie, kt\u00f3re umo\u017cliwiaj\u0105 nam zapami\u0119tywanie poprzednich dzia\u0142a\u0144 u\u017cytkownika w ramach tej samej sesji przegl\u0105dania i zabezpieczanie naszych Witryn.<\/p>\n\n\n\n<h4 class=\"wp-block-heading\">Analityka\/Wydajno\u015b\u0107<\/h4>\n\n\n\n<p>Te pliki cookie s\u0105 wykorzystywane przez nas lub zewn\u0119trznych dostawc\u00f3w us\u0142ug do analizowania sposobu korzystania z Witryn i ich wydajno\u015bci. Na przyk\u0142ad te pliki cookie \u015bledz\u0105, jakie tre\u015bci s\u0105 najcz\u0119\u015bciej odwiedzane, histori\u0119 ogl\u0105dania i z jakich lokalizacji pochodz\u0105 nasi u\u017cytkownicy. Je\u015bli u\u017cytkownik subskrybuje biuletyn lub w inny spos\u00f3b rejestruje si\u0119 w Witrynach, te pliki cookie mog\u0105 by\u0107 z nim powi\u0105zane. Te pliki cookie obejmuj\u0105 na przyk\u0142ad pliki cookie Google Analytics, pliki cookie Comscore.<\/p>\n\n\n\n<h4 class=\"wp-block-heading\">Funkcjonalno\u015b\u0107<\/h4>\n\n\n\n<p>Te pliki cookie pozwalaj\u0105 nam obs\u0142ugiwa\u0107 Witryny zgodnie z wyborami dokonanymi przez u\u017cytkownika. Te pliki cookie pozwalaj\u0105 nam \"zapami\u0119tywa\u0107\" u\u017cytkownika mi\u0119dzy kolejnymi wizytami. Na przyk\u0142ad, rozpoznamy nazw\u0119 u\u017cytkownika i zapami\u0119tamy spos\u00f3b, w jaki u\u017cytkownik dostosowa\u0142 Witryny i us\u0142ugi, na przyk\u0142ad poprzez dostosowanie rozmiaru tekstu, czcionek, j\u0119zyk\u00f3w i innych cz\u0119\u015bci stron internetowych, kt\u00f3re mo\u017cna zmieni\u0107, i zapewnimy u\u017cytkownikowi<br>te same dostosowania podczas przysz\u0142ych wizyt.<\/p>\n\n\n\n<h4 class=\"wp-block-heading\">Docelowe lub reklamowe pliki cookie.<\/h4>\n\n\n\n<p>Te pliki cookie s\u0142u\u017c\u0105 do dostarczania tre\u015bci, kt\u00f3re s\u0105 bardziej odpowiednie dla u\u017cytkownika i jego zainteresowa\u0144. S\u0105 one r\u00f3wnie\u017c wykorzystywane do dostarczania ukierunkowanych reklam lub ograniczania liczby wy\u015bwietle\u0144 reklamy, a tak\u017ce pomagaj\u0105 mierzy\u0107 skuteczno\u015b\u0107 kampanii reklamowych w Grupie EPL Limited (dawniej znanej jako Essel Propack Limited) i innych witrynach internetowych. Zapami\u0119tuj\u0105 one, \u017ce u\u017cytkownik odwiedzi\u0142 jedn\u0105 z naszych witryn internetowych, a informacje te s\u0105 udost\u0119pniane innym stronom, w tym reklamodawcom i naszym agencjom. Te pliki cookie mog\u0105 by\u0107 r\u00f3wnie\u017c powi\u0105zane z funkcjami witryny zapewnianymi przez strony trzecie, takie jak Google DFP i Affinity.<\/p>\n\n\n\n<h4 class=\"wp-block-heading\">Czy te pliki cookie zbieraj\u0105 dane osobowe\/identyfikuj\u0105 mnie?<\/h4>\n\n\n\n<p>Wi\u0119kszo\u015b\u0107 rodzaj\u00f3w tych plik\u00f3w cookie \u015bledzi konsument\u00f3w za pomoc\u0105 ich identyfikatora urz\u0105dzenia lub adresu IP, dlatego mog\u0105 gromadzi\u0107 dane osobowe.<\/p>\n\n\n\n<p>W zale\u017cno\u015bci od rodzaju plik\u00f3w cookie u\u017cywanych przez dan\u0105 stron\u0119 trzeci\u0105, informacje gromadzone przez te pliki cookie mog\u0105 obejmowa\u0107 dane osobowe, ale nie b\u0119d\u0105 one w stanie bezpo\u015brednio zidentyfikowa\u0107 u\u017cytkownika jako osoby fizycznej ani posiada\u0107 \u017cadnych danych osobowych, takich jak imi\u0119 i nazwisko, identyfikator e-mail lub numer telefonu kom\u00f3rkowego.<\/p>\n\n\n\n<h4 class=\"wp-block-heading\">Zarz\u0105dzanie reklamowymi plikami cookie<\/h4>\n\n\n\n<p>Pami\u0119taj, \u017ce je\u015bli chcesz zrezygnowa\u0107 z otrzymywania ukierunkowanych reklam, nie oznacza to, \u017ce b\u0119dziesz otrzymywa\u0107 mniej reklam podczas korzystania z naszej Witryny. Oznacza to jedynie, \u017ce wy\u015bwietlane reklamy nie b\u0119d\u0105 w takim samym stopniu dostosowane do u\u017cytkownika.&nbsp;<\/p>\n\n\n\n<p>Je\u015bli jednak nadal chcesz wy\u0142\u0105czy\u0107 reklamowe pliki cookie stron trzecich, mo\u017cesz to zrobi\u0107, odwiedzaj\u0105c witryn\u0119 z poradami dla konsument\u00f3w Internet Advertising Bureau, Youronlinechoices.com. Zawiera ona list\u0119 wszystkich plik\u00f3w cookie, kt\u00f3re s\u0105 obecnie ustawione na Twoim urz\u0105dzeniu oraz spos\u00f3b rezygnacji z ka\u017cdego z nich.<\/p>\n\n\n\n<p>Aby uzyska\u0107 wi\u0119cej informacji i zrezygnowa\u0107 z reklam opartych na zainteresowaniach z wielu sieci reklamowych, przejd\u017a do: Unia Europejska:&nbsp;<a href=\"http:\/\/www.youronlinechoices.eu\/\" target=\"_blank\" rel=\"noreferrer noopener\">www.youronlinechoices.eu<\/a><\/p>\n\n\n\n<h4 class=\"wp-block-heading\">Jak mog\u0119 odm\u00f3wi\u0107 lub wycofa\u0107 zgod\u0119 na korzystanie z plik\u00f3w cookie?<\/h4>\n\n\n\n<p>Je\u015bli u\u017cytkownik nie chce, aby pliki cookie by\u0142y umieszczane na jego urz\u0105dzeniu, mo\u017ce dostosowa\u0107 ustawienia przegl\u0105darki internetowej tak, aby odrzuca\u0142a wszystkie lub niekt\u00f3re pliki cookie i informowa\u0142a o umieszczeniu pliku cookie na urz\u0105dzeniu. Wi\u0119cej informacji na ten temat mo\u017cna znale\u017a\u0107 w sekcji \"pomoc\" \/ \"narz\u0119dzie\" lub \"edytuj\" przegl\u0105darki, aby uzyska\u0107 informacje na temat ustawie\u0144 plik\u00f3w cookie w przegl\u0105darce, kt\u00f3r\u0105 mo\u017ce by\u0107 Google Chrome, Safari, Mozilla Firefox itp.<\/p>\n\n\n\n<p>Nale\u017cy pami\u0119ta\u0107, \u017ce je\u015bli ustawienia przegl\u0105darki s\u0105 ju\u017c skonfigurowane tak, aby blokowa\u0107 wszystkie pliki cookie (w tym \u015bci\u015ble niezb\u0119dne pliki cookie), u\u017cytkownik mo\u017ce nie by\u0107 w stanie uzyska\u0107 dost\u0119pu do wszystkich lub niekt\u00f3rych funkcji naszych Witryn lub z nich korzysta\u0107.<\/p>\n\n\n\n<p>Je\u015bli u\u017cytkownik chce usun\u0105\u0107 wcze\u015bniej zapisane pliki cookie, mo\u017ce je usun\u0105\u0107 r\u0119cznie w dowolnym momencie. Nie uniemo\u017cliwi to jednak Witrynom umieszczania dalszych plik\u00f3w cookie na urz\u0105dzeniu u\u017cytkownika, chyba \u017ce u\u017cytkownik dostosuje ustawienia przegl\u0105darki internetowej zgodnie z powy\u017cszym opisem.<\/p>\n\n\n\n<p>Wi\u0119cej informacji na temat tworzenia profili u\u017cytkownik\u00f3w i korzystania z targetuj\u0105cych\/reklamowych plik\u00f3w cookie mo\u017cna znale\u017a\u0107 na stronie www.youronlinechoices.eu, je\u015bli u\u017cytkownik znajduje si\u0119 w Europie, lub na stronie www.aboutads.info\/choices, je\u015bli u\u017cytkownik znajduje si\u0119 w Stanach Zjednoczonych.<\/p>\n\n\n\n<h4 class=\"wp-block-heading\">Baner zgody na pliki cookie<\/h4>\n\n\n\n<p>Na naszych stronach internetowych i pulpitach nawigacyjnych mo\u017ce by\u0107 widoczny \"baner plik\u00f3w cookie\". Gdy u\u017cytkownik wyrazi zgod\u0119 w ten spos\u00f3b, my i nasi partnerzy reklamowi mo\u017cemy ustawi\u0107 reklamowe pliki cookie w odwiedzanej witrynie oraz w innych naszych witrynach, pulpitach nawigacyjnych i us\u0142ugach. B\u0119dziemy okresowo wy\u015bwietla\u0107 baner, na wypadek gdyby\u015b zmieni\u0142 zdanie.<\/p>","protected":false},"excerpt":{"rendered":"<p>Firma EPL Limited (dawniej znana jako Essel Propack Limited) (\u201emy\u201d, \u201enas\u201d, \u201eEPL\u201d) rozumie, \u017ce Twoja prywatno\u015b\u0107 jest wa\u017cna dla osoby, kt\u00f3rej dane dotycz\u0105 (\u201eTy\u201d, \u201eTw\u00f3j\u201d, \u201eu\u017cytkownik\u201d, \u201esubskrybent\u201d) i zobowi\u0105zuje si\u0119 do przejrzysto\u015bci w kwestii\u2026<\/p>","protected":false},"author":1,"featured_media":0,"parent":0,"menu_order":0,"comment_status":"closed","ping_status":"closed","template":"","meta":{"_acf_changed":false,"inline_featured_image":false,"footnotes":""},"class_list":["post-1740","page","type-page","status-publish","hentry"],"acf":[],"yoast_head":"<!-- This site is optimized with the Yoast SEO plugin v27.3 - https:\/\/yoast.com\/product\/yoast-seo-wordpress\/ -->\n<title>Cookie Policy - EPL - Leading the pack<\/title>\n<meta name=\"robots\" content=\"noindex, follow, max-snippet:-1, max-image-preview:large, max-video-preview:-1\" \/>\n<meta property=\"og:locale\" content=\"pl_PL\" \/>\n<meta property=\"og:type\" content=\"article\" \/>\n<meta property=\"og:title\" content=\"Cookie Policy - EPL - Leading the pack\" \/>\n<meta property=\"og:description\" content=\"EPL Limited (formerly known as Essel Propack Limited) (\u201cwe\u201d, \u201cus\u201d, \u201cEPL\u201d) understands that your privacy is important to data subject (\u201cyou\u201d, \u201cyour\u201d, \u201cuser\u201d, \u201csubscriber\u201d) and we are committed for being transparent about the...\" \/>\n<meta property=\"og:url\" content=\"https:\/\/eplglobal.verifinow.in\/pl\/cookie-policy\/\" \/>\n<meta property=\"og:site_name\" content=\"EPL - Leading the pack\" \/>\n<meta property=\"article:publisher\" content=\"https:\/\/www.facebook.com\/EPLGlobalLimited\" \/>\n<meta property=\"article:modified_time\" content=\"2024-07-31T12:31:40+00:00\" \/>\n<meta name=\"twitter:card\" content=\"summary_large_image\" \/>\n<meta name=\"twitter:site\" content=\"@EPL_Limited\" \/>\n<meta name=\"twitter:label1\" content=\"Szacowany czas czytania\" \/>\n\t<meta name=\"twitter:data1\" content=\"7 minut\" \/>\n<script type=\"application\/ld+json\" class=\"yoast-schema-graph\">{\"@context\":\"https:\\\/\\\/schema.org\",\"@graph\":[{\"@type\":\"WebPage\",\"@id\":\"https:\\\/\\\/eplglobal.verifinow.in\\\/cookie-policy\\\/\",\"url\":\"https:\\\/\\\/eplglobal.verifinow.in\\\/cookie-policy\\\/\",\"name\":\"Cookie Policy - EPL - Leading the pack\",\"isPartOf\":{\"@id\":\"https:\\\/\\\/eplglobal.verifinow.in\\\/#website\"},\"datePublished\":\"2024-07-31T12:31:39+00:00\",\"dateModified\":\"2024-07-31T12:31:40+00:00\",\"breadcrumb\":{\"@id\":\"https:\\\/\\\/eplglobal.verifinow.in\\\/cookie-policy\\\/#breadcrumb\"},\"inLanguage\":\"pl-PL\",\"potentialAction\":[{\"@type\":\"ReadAction\",\"target\":[\"https:\\\/\\\/eplglobal.verifinow.in\\\/cookie-policy\\\/\"]}]},{\"@type\":\"BreadcrumbList\",\"@id\":\"https:\\\/\\\/eplglobal.verifinow.in\\\/cookie-policy\\\/#breadcrumb\",\"itemListElement\":[{\"@type\":\"ListItem\",\"position\":1,\"name\":\"Home\",\"item\":\"https:\\\/\\\/eplglobal.verifinow.in\\\/\"},{\"@type\":\"ListItem\",\"position\":2,\"name\":\"Cookie Policy\"}]},{\"@type\":\"WebSite\",\"@id\":\"https:\\\/\\\/eplglobal.verifinow.in\\\/#website\",\"url\":\"https:\\\/\\\/eplglobal.verifinow.in\\\/\",\"name\":\"EPL\",\"description\":\"EPL ltd\",\"publisher\":{\"@id\":\"https:\\\/\\\/eplglobal.verifinow.in\\\/#organization\"},\"potentialAction\":[{\"@type\":\"SearchAction\",\"target\":{\"@type\":\"EntryPoint\",\"urlTemplate\":\"https:\\\/\\\/eplglobal.verifinow.in\\\/?s={search_term_string}\"},\"query-input\":{\"@type\":\"PropertyValueSpecification\",\"valueRequired\":true,\"valueName\":\"search_term_string\"}}],\"inLanguage\":\"pl-PL\"},{\"@type\":\"Organization\",\"@id\":\"https:\\\/\\\/eplglobal.verifinow.in\\\/#organization\",\"name\":\"EPL Ltd\",\"url\":\"https:\\\/\\\/eplglobal.verifinow.in\\\/\",\"logo\":{\"@type\":\"ImageObject\",\"inLanguage\":\"pl-PL\",\"@id\":\"https:\\\/\\\/eplglobal.verifinow.in\\\/#\\\/schema\\\/logo\\\/image\\\/\",\"url\":\"https:\\\/\\\/eplglobal.verifinow.in\\\/wp-content\\\/uploads\\\/2024\\\/07\\\/EPL-logo-300x207-1-3.png\",\"contentUrl\":\"https:\\\/\\\/eplglobal.verifinow.in\\\/wp-content\\\/uploads\\\/2024\\\/07\\\/EPL-logo-300x207-1-3.png\",\"width\":300,\"height\":207,\"caption\":\"EPL Ltd\"},\"image\":{\"@id\":\"https:\\\/\\\/eplglobal.verifinow.in\\\/#\\\/schema\\\/logo\\\/image\\\/\"},\"sameAs\":[\"https:\\\/\\\/www.facebook.com\\\/EPLGlobalLimited\",\"https:\\\/\\\/x.com\\\/EPL_Limited\",\"https:\\\/\\\/www.instagram.com\\\/epl_limited\\\/\",\"https:\\\/\\\/www.linkedin.com\\\/company\\\/epl-limited\\\/\",\"https:\\\/\\\/www.youtube.com\\\/channel\\\/UCciHlQEzUjUqievawSyoNcw\"]}]}<\/script>\n<!-- \/ Yoast SEO plugin. -->","yoast_head_json":{"title":"Polityka plik\u00f3w cookie - EPL - Prowadzenie stada","robots":{"index":"noindex","follow":"follow","max-snippet":"max-snippet:-1","max-image-preview":"max-image-preview:large","max-video-preview":"max-video-preview:-1"},"og_locale":"pl_PL","og_type":"article","og_title":"Cookie Policy - EPL - Leading the pack","og_description":"EPL Limited (formerly known as Essel Propack Limited) (\u201cwe\u201d, \u201cus\u201d, \u201cEPL\u201d) understands that your privacy is important to data subject (\u201cyou\u201d, \u201cyour\u201d, \u201cuser\u201d, \u201csubscriber\u201d) and we are committed for being transparent about the...","og_url":"https:\/\/eplglobal.verifinow.in\/pl\/cookie-policy\/","og_site_name":"EPL - Leading the pack","article_publisher":"https:\/\/www.facebook.com\/EPLGlobalLimited","article_modified_time":"2024-07-31T12:31:40+00:00","twitter_card":"summary_large_image","twitter_site":"@EPL_Limited","twitter_misc":{"Szacowany czas czytania":"7 minut"},"schema":{"@context":"https:\/\/schema.org","@graph":[{"@type":"WebPage","@id":"https:\/\/eplglobal.verifinow.in\/cookie-policy\/","url":"https:\/\/eplglobal.verifinow.in\/cookie-policy\/","name":"Polityka plik\u00f3w cookie - EPL - Prowadzenie stada","isPartOf":{"@id":"https:\/\/eplglobal.verifinow.in\/#website"},"datePublished":"2024-07-31T12:31:39+00:00","dateModified":"2024-07-31T12:31:40+00:00","breadcrumb":{"@id":"https:\/\/eplglobal.verifinow.in\/cookie-policy\/#breadcrumb"},"inLanguage":"pl-PL","potentialAction":[{"@type":"ReadAction","target":["https:\/\/eplglobal.verifinow.in\/cookie-policy\/"]}]},{"@type":"BreadcrumbList","@id":"https:\/\/eplglobal.verifinow.in\/cookie-policy\/#breadcrumb","itemListElement":[{"@type":"ListItem","position":1,"name":"Home","item":"https:\/\/eplglobal.verifinow.in\/"},{"@type":"ListItem","position":2,"name":"Cookie Policy"}]},{"@type":"WebSite","@id":"https:\/\/eplglobal.verifinow.in\/#website","url":"https:\/\/eplglobal.verifinow.in\/","name":"Premier League","description":"EPL sp\u00f3\u0142ka z ograniczon\u0105 odpowiedzialno\u015bci\u0105","publisher":{"@id":"https:\/\/eplglobal.verifinow.in\/#organization"},"potentialAction":[{"@type":"SearchAction","target":{"@type":"EntryPoint","urlTemplate":"https:\/\/eplglobal.verifinow.in\/?s={search_term_string}"},"query-input":{"@type":"PropertyValueSpecification","valueRequired":true,"valueName":"search_term_string"}}],"inLanguage":"pl-PL"},{"@type":"Organization","@id":"https:\/\/eplglobal.verifinow.in\/#organization","name":"EPL Sp. z o.o.","url":"https:\/\/eplglobal.verifinow.in\/","logo":{"@type":"ImageObject","inLanguage":"pl-PL","@id":"https:\/\/eplglobal.verifinow.in\/#\/schema\/logo\/image\/","url":"https:\/\/eplglobal.verifinow.in\/wp-content\/uploads\/2024\/07\/EPL-logo-300x207-1-3.png","contentUrl":"https:\/\/eplglobal.verifinow.in\/wp-content\/uploads\/2024\/07\/EPL-logo-300x207-1-3.png","width":300,"height":207,"caption":"EPL Ltd"},"image":{"@id":"https:\/\/eplglobal.verifinow.in\/#\/schema\/logo\/image\/"},"sameAs":["https:\/\/www.facebook.com\/EPLGlobalLimited","https:\/\/x.com\/EPL_Limited","https:\/\/www.instagram.com\/epl_limited\/","https:\/\/www.linkedin.com\/company\/epl-limited\/","https:\/\/www.youtube.com\/channel\/UCciHlQEzUjUqievawSyoNcw"]}]}},"_links":{"self":[{"href":"https:\/\/eplglobal.verifinow.in\/pl\/wp-json\/wp\/v2\/pages\/1740","targetHints":{"allow":["GET"]}}],"collection":[{"href":"https:\/\/eplglobal.verifinow.in\/pl\/wp-json\/wp\/v2\/pages"}],"about":[{"href":"https:\/\/eplglobal.verifinow.in\/pl\/wp-json\/wp\/v2\/types\/page"}],"author":[{"embeddable":true,"href":"https:\/\/eplglobal.verifinow.in\/pl\/wp-json\/wp\/v2\/users\/1"}],"replies":[{"embeddable":true,"href":"https:\/\/eplglobal.verifinow.in\/pl\/wp-json\/wp\/v2\/comments?post=1740"}],"version-history":[{"count":0,"href":"https:\/\/eplglobal.verifinow.in\/pl\/wp-json\/wp\/v2\/pages\/1740\/revisions"}],"wp:attachment":[{"href":"https:\/\/eplglobal.verifinow.in\/pl\/wp-json\/wp\/v2\/media?parent=1740"}],"curies":[{"name":"wp","href":"https:\/\/api.w.org\/{rel}","templated":true}]}}