{"id":3,"date":"2024-06-18T11:23:37","date_gmt":"2024-06-18T11:23:37","guid":{"rendered":"https:\/\/eplglobal.verifinow.in\/?page_id=3"},"modified":"2024-07-31T14:39:50","modified_gmt":"2024-07-31T14:39:50","slug":"privacy-policy","status":"publish","type":"page","link":"https:\/\/eplglobal.verifinow.in\/es\/privacy-policy\/","title":{"rendered":"Pol\u00edtica de privacidad"},"content":{"rendered":"<h2 class=\"wp-block-heading\">Introducci\u00f3n<\/h2>\n\n\n\n<p>EPL Limited (anteriormente conocida como Essel Propack Limited) es la mayor empresa mundial de envases especiales que fabrica tubos de pl\u00e1stico laminado para los sectores de bienes de consumo masivo y farmac\u00e9utico. Con m\u00e1s de 2852 empleados de 25 nacionalidades diferentes, EPL Limited (anteriormente conocida como Essel Propack Limited) opera a trav\u00e9s de 20 instalaciones de \u00faltima generaci\u00f3n y en once pa\u00edses, vende alrededor de 7 mil millones de tubos y sigue creciendo cada a\u00f1o. Este Aviso de privacidad describe el uso de la informaci\u00f3n proporcionada o recopilada, divulgada o transferida por EPL Limited (anteriormente conocida como Essel Propack Limited) Limited (en adelante denominada \u201cEPL\u201d, \u201cNosotros\u201d, \u201cNos\u201d, \u201cNuestro\u201d) y\/o su(s) subsidiaria(s) y\/o afiliada(s) (en conjunto denominadas la \u201cEmpresa\u201d). Seguimos esta pol\u00edtica de privacidad de conformidad con la ley aplicable en los lugares donde operamos. En algunos casos, podemos proporcionar avisos de privacidad de datos adicionales espec\u00edficos para ciertos servicios o regiones.<\/p>\n\n\n\n<p>Es importante que lea este Aviso de Privacidad junto con cualquier otro aviso de privacidad o aviso de procesamiento justo que podamos proporcionarle en ocasiones espec\u00edficas cuando recopilemos o procesemos informaci\u00f3n personal sobre usted, para que est\u00e9 completamente consciente de c\u00f3mo y por qu\u00e9 usamos su informaci\u00f3n. Este Aviso de Privacidad complementa los dem\u00e1s avisos y no tiene como objetivo anularlos.<\/p>\n\n\n\n<h4 class=\"wp-block-heading\">\u00bfQu\u00e9 datos se recogen?<\/h4>\n\n\n\n<p>A continuaci\u00f3n se proporcionan los tipos de informaci\u00f3n personal que recopilamos, usamos, almacenamos y transferimos sobre usted:<\/p>\n\n\n\n<figure class=\"wp-block-table\"><table class=\"has-fixed-layout\"><tbody><tr><td>Contexto<\/td><td>Tipos de datos y finalidad de su recogida<\/td><\/tr><tr><td>Conexi\u00f3n con el cliente<\/td><td>Recopilamos nombre, informaci\u00f3n de contacto como correo electr\u00f3nico, n\u00famero de tel\u00e9fono e informaci\u00f3n espec\u00edfica de la empresa junto con consultas\/mensajes de los clientes para brindar nuestros servicios de demostraci\u00f3n\/soporte.<\/td><\/tr><tr><td>Empleo<\/td><td>Si solicita un puesto de trabajo o se convierte en empleado, recopilamos la informaci\u00f3n personal necesaria para procesar su solicitud.<br>solicitud. Esto puede incluir, su nombre, correo electr\u00f3nico, direcci\u00f3n postal, n\u00famero de tel\u00e9fono, curr\u00edculum, entre otros.<\/td><\/tr><tr><td>Comentarios\/Soporte<\/td><td>Si nos proporciona comentarios, necesita asistencia t\u00e9cnica o se comunica con nosotros para obtener otro tipo de ayuda, recopilaremos su nombre y direcci\u00f3n de correo electr\u00f3nico, n\u00famero de contacto y posiblemente otra informaci\u00f3n personal, as\u00ed como cualquier otro contenido que nos env\u00ede para responderle.<\/td><\/tr><tr><td>Suscripci\u00f3n<\/td><td>Cuando usted se registra en una de nuestras listas de correo, recopilamos su direcci\u00f3n de correo electr\u00f3nico o direcci\u00f3n postal en funci\u00f3n de los datos de registro proporcionados.<\/td><\/tr><tr><td>Datos t\u00e9cnicos del usuario<\/td><td class=\"translation-block\">Direcci\u00f3n IP, agente de usuario del navegador IP y otra informaci\u00f3n del navegador, como datos de ubicaci\u00f3n del navegador recibidos del GPS<br> coordenadas, huellas dactilares del navegador, etc., para ofrecerle contenido relevante del sitio web<\/td><\/tr><\/tbody><\/table><\/figure>\n\n\n\n<h4 class=\"wp-block-heading\">\u00bfC\u00f3mo se utilizan los datos recopilados?<\/h4>\n\n\n\n<h5 class=\"wp-block-heading\">Finalidades y licitud del tratamiento<\/h5>\n\n\n\n<p>Solo recopilaremos, almacenaremos y utilizaremos sus datos personales cuando tengamos una base legal. La base legal sobre la que almacenar\u00edamos y utilizar\u00edamos su informaci\u00f3n personal incluye la obtenci\u00f3n de su consentimiento por \u201cintereses leg\u00edtimos\u201d o \u201cprop\u00f3sito leg\u00edtimo\u201d cuando el procesamiento sea necesario para brindarle servicios y\/o fines comerciales. Usamos la informaci\u00f3n para brindar, analizar, administrar, mejorar y personalizar nuestro servicio y esfuerzos comerciales, para procesar su registro, para brindar u obtener servicios y para comunicarnos con usted en relaci\u00f3n con los puntos mencionados a continuaci\u00f3n. Por ejemplo, usamos la informaci\u00f3n para:<\/p>\n\n\n\n<ul class=\"wp-block-list\">\n<li>Notificarle sobre cambios en los t\u00e9rminos del servicio o la pol\u00edtica de privacidad.<\/li>\n\n\n\n<li>Permitirle participar en funciones interactivas ofrecidas a trav\u00e9s de nuestros Servicios<\/li>\n\n\n\n<li class=\"translation-block\">Compartir con nuestro equipo de atenci\u00f3n al cliente para resolver sus consultas\/inquietudes relacionadas con su<br> derechos o servicios que se le proporcionan<\/li>\n<\/ul>\n\n\n\n<h4 class=\"wp-block-heading\">Uso de la informaci\u00f3n por parte de EPL<\/h4>\n\n\n\n<p>La informaci\u00f3n que nos proporciona nos permite mejorar nuestros servicios y brindarle la experiencia m\u00e1s sencilla de usar. En algunos casos, por ejemplo, para la prestaci\u00f3n de determinados servicios o utilidades, es posible que tambi\u00e9n le solicitemos su informaci\u00f3n de contacto. Toda la informaci\u00f3n requerida depende del servicio y la Compa\u00f1\u00eda puede utilizar la informaci\u00f3n del usuario mencionada anteriormente para mantener, proteger y mejorar los servicios proporcionados.<\/p>\n\n\n\n<p>Cualquier informaci\u00f3n de identificaci\u00f3n personal proporcionada por usted no se considerar\u00e1 confidencial si est\u00e1 disponible libremente y\/o es accesible en el dominio p\u00fablico, como cualquier comentario, mensaje, blog o garabato disponible en plataformas sociales como Facebook, Twitter, LinkedIn, etc.<\/p>\n\n\n\n<p>Cualquier publicaci\u00f3n, carga, transmisi\u00f3n o comunicaci\u00f3n realizada por los usuarios en las secciones p\u00fablicas de los sitios web o p\u00e1ginas de redes sociales se convierte en contenido publicado y no se considera informaci\u00f3n de identificaci\u00f3n personal sujeta a este Aviso de Privacidad.<\/p>\n\n\n\n<p>En caso de que usted opte por no enviar informaci\u00f3n de identificaci\u00f3n personal en el sitio web, es posible que no podamos brindarle ciertos servicios en el sitio web. Haremos todos los esfuerzos razonables para notificarle al respecto al momento de abrir su cuenta. En cualquier caso, no seremos responsables de la negaci\u00f3n de ciertos servicios a usted por no proporcionar la informaci\u00f3n personal necesaria.&nbsp;<\/p>\n\n\n\n<p>Cuando usted se registra en nuestros servicios, podemos comunicarnos con usted de vez en cuando para actualizar su informaci\u00f3n personal para brindarle funciones que creemos que pueden beneficiarlo\/interesarlo.<\/p>\n\n\n\n<h4 class=\"wp-block-heading\">Retenci\u00f3n y eliminaci\u00f3n de datos personales<\/h4>\n\n\n\n<p>Solo conservaremos su informaci\u00f3n personal durante el tiempo que sea necesario para cumplir con los fines para los que la recopilamos, incluido el cumplimiento del contrato, el inicio de un contrato o para satisfacer cualquier requisito de informes legales, contables u otros requisitos reglamentarios.<\/p>\n\n\n\n<p>Para determinar el per\u00edodo de retenci\u00f3n apropiado para la informaci\u00f3n personal, consideramos la cantidad, la naturaleza y la sensibilidad de la informaci\u00f3n personal, el riesgo potencial de da\u00f1o por el uso o la divulgaci\u00f3n no autorizados de su informaci\u00f3n personal, los fines para los cuales procesamos su informaci\u00f3n personal y si podemos lograr esos fines a trav\u00e9s de otros medios y los requisitos legales aplicables.<\/p>\n\n\n\n<p>No vendemos ni distribuimos informaci\u00f3n personal con fines generales o de marketing. Recopilamos, almacenamos y utilizamos la informaci\u00f3n personal para fines comerciales y de servicio para los que est\u00e1 destinada y seg\u00fan se indica en este Aviso.<\/p>\n\n\n\n<h4 class=\"wp-block-heading\">Sus derechos<\/h4>\n\n\n\n<p>Acceso a los Datos Personales. Usted tiene derecho a acceder, revisar y solicitar una copia f\u00edsica o electr\u00f3nica de la informaci\u00f3n que tenemos sobre usted. Tambi\u00e9n tiene derecho a solicitar informaci\u00f3n sobre la fuente de sus Datos Personales.<\/p>\n\n\n\n<p>Estos derechos pueden ejercerse envi\u00e1ndonos un correo electr\u00f3nico a infosec@eplglobal.verifinow.in adjuntando una copia de su documento de identidad o datos equivalentes (cuando lo solicitemos y lo permita la ley). Si la solicitud la env\u00eda una persona distinta a usted, sin aportar pruebas de que las reCookies\/Similarquest se realizan leg\u00edtimamente en su nombre, la solicitud ser\u00e1 rechazada. Tenga en cuenta que cualquier informaci\u00f3n de identificaci\u00f3n que nos proporcione solo se procesar\u00e1 de conformidad con las leyes aplicables y en la medida en que lo permitan.<\/p>\n\n\n\n<p>Derechos adicionales (por ejemplo, modificaci\u00f3n, eliminaci\u00f3n de Datos Personales). Cuando as\u00ed lo disponga la ley, usted puede (i) solicitar la eliminaci\u00f3n, correcci\u00f3n o revisi\u00f3n de sus Datos Personales; (ii) limitar el uso y la divulgaci\u00f3n de sus Datos Personales; y (iii) revocar el consentimiento para cualquiera de nuestras actividades de procesamiento de datos.<\/p>\n\n\n\n<p>Tenga en cuenta que, en determinadas circunstancias, no podremos eliminar sus Datos personales sin eliminar tambi\u00e9n su cuenta de usuario. Es posible que debamos conservar algunos de sus Datos personales despu\u00e9s de que haya solicitado la eliminaci\u00f3n, para cumplir con nuestras obligaciones legales o contractuales. Tambi\u00e9n es posible que las leyes aplicables nos permitan conservar algunos de sus Datos personales para satisfacer nuestras necesidades comerciales.<\/p>\n\n\n\n<p>Esperamos poder responder a las consultas que pueda tener sobre la forma en que tratamos sus Datos Personales. No obstante, si tiene dudas pendientes, tambi\u00e9n tiene derecho a presentar una reclamaci\u00f3n ante las autoridades de protecci\u00f3n de datos competentes.<\/p>\n\n\n\n<h4 class=\"wp-block-heading\">Cookies\/Tecnolog\u00edas Similares, Archivos de Registro Cookies\/Tecnolog\u00edas Similares y Balizas Web<\/h4>\n\n\n\n<p>Cookies\/Tecnolog\u00edas similares. Utilizamos cookies en funci\u00f3n del permiso que nos otorgan y definimos los fines para los que las utilizamos. Archivos de registro. Recopilamos informaci\u00f3n en forma de archivos de registro que registran la actividad del sitio web y recopilan estad\u00edsticas sobre los historiales de navegaci\u00f3n. Estas entradas se generan autom\u00e1ticamente y nos ayudan a solucionar errores, mejorar el rendimiento y mantener la seguridad de nuestros sitios web.<\/p>\n\n\n\n<p>Balizas web. Las balizas web (tambi\u00e9n conocidas como \u201cweb bugs\u201d) son peque\u00f1as cadenas de c\u00f3digo que muestran una imagen gr\u00e1fica en una p\u00e1gina web o en un correo electr\u00f3nico para transferirnos datos. La informaci\u00f3n recopilada a trav\u00e9s de las balizas web incluir\u00e1 informaci\u00f3n como la direcci\u00f3n IP, as\u00ed como informaci\u00f3n sobre c\u00f3mo responde a una campa\u00f1a de correo electr\u00f3nico (por ejemplo, a qu\u00e9 hora se abri\u00f3 el correo electr\u00f3nico, en qu\u00e9 enlaces hizo clic en el correo electr\u00f3nico, etc.). Utilizaremos balizas web en nuestros sitios web o las incluiremos en los correos electr\u00f3nicos que le enviemos. Utilizamos la informaci\u00f3n de las balizas web para diversos fines, incluidos, entre otros, informes de tr\u00e1fico del sitio, recuentos de visitantes \u00fanicos, publicidad, auditor\u00eda e informes de correo electr\u00f3nico y personalizaci\u00f3n. La pol\u00edtica de cookies detallada se encuentra aqu\u00ed<\/p>\n\n\n\n<h4 class=\"wp-block-heading\">Privacidad de los ni\u00f1os<\/h4>\n\n\n\n<p>EPL Limited (anteriormente conocida como Essel Propack Limited) no est\u00e1 dise\u00f1ada ni dirigida intencionalmente a personas menores de 18 a\u00f1os. EPL Limited (anteriormente conocida como Essel Propack Limited) no permite deliberadamente que ninguna persona menor de 18 a\u00f1os se registre en los servicios ni proporcione ning\u00fan otro tipo de informaci\u00f3n de identificaci\u00f3n personal.<\/p>\n\n\n\n<p>EPL Limited (anteriormente conocida como Essel Propack Limited) no busca ni tiene intenci\u00f3n de buscar ni recibir informaci\u00f3n personal de menores. Si un padre o tutor tiene motivos para creer que un menor ha proporcionado a EPL Limited (anteriormente conocida como Essel Propack Limited) informaci\u00f3n personal sin su consentimiento previo, comun\u00edquese con nuestro equipo de atenci\u00f3n al cliente para asegurarse de que la informaci\u00f3n personal se elimine de los servicios de EPL Limited (anteriormente conocida como Essel Propack Limited).<\/p>\n\n\n\n<h4 class=\"wp-block-heading\">Seguridad de datos<\/h4>\n\n\n\n<p>Hemos implementado medidas de seguridad adecuadas para evitar que su informaci\u00f3n personal se pierda, utilice o acceda accidentalmente de manera no autorizada, se altere o divulgue. Adem\u00e1s, limitamos el acceso a su informaci\u00f3n personal a aquellos empleados, agentes, contratistas y socios comerciales que tengan una necesidad comercial de conocerla. Solo procesar\u00e1n su informaci\u00f3n personal seg\u00fan nuestras instrucciones y est\u00e1n sujetos a un deber de confidencialidad.<\/p>\n\n\n\n<p>Hemos implementado procedimientos para abordar cualquier sospecha de violaci\u00f3n de datos personales. En caso de que la ley nos obligue a informarle sobre cualquier acceso no autorizado a su informaci\u00f3n personal, podremos notificarle electr\u00f3nicamente, por escrito o, si la ley lo permite, por tel\u00e9fono. Tambi\u00e9n notificaremos a cualquier organismo regulador aplicable sobre una violaci\u00f3n cuando estemos legalmente obligados a hacerlo. Sin embargo, ning\u00fan m\u00e9todo de transmisi\u00f3n a trav\u00e9s de Internet o m\u00e9todo de almacenamiento electr\u00f3nico es completamente seguro.<\/p>\n\n\n\n<p>Hacemos todos los esfuerzos razonables para proteger su informaci\u00f3n personal contra acceso, uso o divulgaci\u00f3n no autorizados. Sin embargo, no podemos descartar filtraciones o infracciones que escapen a nuestro control o errores humanos o impedimentos tecnol\u00f3gicos.<\/p>\n\n\n\n<h4 class=\"wp-block-heading\">Transferencia, almacenamiento y procesamiento de datos a nivel mundial<\/h4>\n\n\n\n<p>Nuestro sitio web tiene enlaces que lo redireccionan a nuestras p\u00e1ginas de redes sociales de Facebook, Twitter, LinkedIn, Google + y YouTube, y otros sitios en los que podr\u00edamos tener p\u00e1ginas en el futuro. Estas p\u00e1ginas est\u00e1n alojadas en sitios separados que se rigen por sus propias pol\u00edticas de privacidad. Lea sus pol\u00edticas de privacidad para obtener informaci\u00f3n sobre sus pr\u00e1cticas de privacidad.<\/p>\n\n\n\n<h4 class=\"wp-block-heading\">Cambios al Aviso de Privacidad<\/h4>\n\n\n\n<p>Internet es un medio en constante evoluci\u00f3n. Es posible que modifiquemos nuestra pol\u00edtica de privacidad de vez en cuando para incorporar los cambios necesarios en la tecnolog\u00eda, la legislaci\u00f3n aplicable o cualquier otra variante. En cualquier caso, nos reservamos el derecho de cambiar (en cualquier momento) los t\u00e9rminos de esta Pol\u00edtica de privacidad o los T\u00e9rminos de uso. Cualquier cambio que realicemos entrar\u00e1 en vigor inmediatamente despu\u00e9s de la notificaci\u00f3n, que podremos<br>mediante la publicaci\u00f3n de la nueva pol\u00edtica en el \u201cSitio\u201d. Su uso del Sitio o de los servicios ofrecidos a trav\u00e9s del Sitio despu\u00e9s de dicha notificaci\u00f3n se considerar\u00e1 como la aceptaci\u00f3n de dichos cambios. Tambi\u00e9n podemos hacer<\/p>\n\n\n\n<p>esfuerzos razonables para informarle por correo electr\u00f3nico. En todo caso, se le recomienda revisar peri\u00f3dicamente esta Pol\u00edtica de Privacidad en el \u201cSitio\u201d) para asegurarse de que conoce la \u00faltima versi\u00f3n.<\/p>\n\n\n\n<h4 class=\"wp-block-heading\">P\u00f3ngase en contacto con nosotros<\/h4>\n\n\n\n<p class=\"translation-block\">Apoyo<br> Si necesita alguna informaci\u00f3n o aclaraci\u00f3n con respecto al uso de su informaci\u00f3n personal o esta pol\u00edtica de privacidad o tiene alguna queja con respecto al uso de su informaci\u00f3n personal, comun\u00edquese con infosec@eplglobal.verifinow.in<\/p>\n\n\n\n<p>Quejas<br>Si tiene alguna pregunta o queja sobre la recopilaci\u00f3n, el procesamiento o la transferencia de datos o informaci\u00f3n personal, o sobre esta pol\u00edtica, comun\u00edquese con nuestro Oficial de Protecci\u00f3n de Datos. Mecanismo de reparaci\u00f3n<\/p>\n\n\n\n<p>Cualquier queja, abuso o inquietud con respecto al procesamiento de la informaci\u00f3n proporcionada por usted o incumplimiento de estos t\u00e9rminos se informar\u00e1 de inmediato al Oficial de Quejas designado como se menciona a continuaci\u00f3n por escrito o por correo electr\u00f3nico firmado con firma electr\u00f3nica a infosec@eplglobal.verifinow.in.<\/p>\n\n\n\n<p>Le solicitamos que por favor proporcione la siguiente informaci\u00f3n en su queja:<br>a) Identificaci\u00f3n de la informaci\u00f3n proporcionada por usted;<br>b) Declaraci\u00f3n clara de si la informaci\u00f3n es informaci\u00f3n personal o informaci\u00f3n personal sensible;<br>c) Su direcci\u00f3n, n\u00famero de tel\u00e9fono o direcci\u00f3n de correo electr\u00f3nico;<br>d) Una declaraci\u00f3n de que usted cree de buena fe que la informaci\u00f3n ha sido procesada incorrectamente o divulgada sin autorizaci\u00f3n, seg\u00fan sea el caso;<br>e) Una declaraci\u00f3n, bajo pena de perjurio, de que la informaci\u00f3n contenida en el aviso es exacta y que la informaci\u00f3n objeto de la queja le pertenece a usted;<br>f) Tambi\u00e9n puede ponerse en contacto con nosotros en caso de tener alguna pregunta o sugerencia sobre la Pol\u00edtica de Privacidad utilizando la informaci\u00f3n de contacto mencionada anteriormente. EPL Limited (anteriormente conocida como Essel Propack Limited) no ser\u00e1 responsable de ninguna comunicaci\u00f3n, si se dirige a cualquier persona no designada a este respecto.<\/p>","protected":false},"excerpt":{"rendered":"<p>Introducci\u00f3n EPL Limited (antes conocida como Essel Propack Limited) es la mayor empresa mundial de embalajes especiales que fabrica tubos de pl\u00e1stico laminados para los sectores de bienes de consumo masivo y farmac\u00e9utico. Cuenta con m\u00e1s de 2852 empleados que representan el 25% de la poblaci\u00f3n\u2026<\/p>","protected":false},"author":1,"featured_media":0,"parent":0,"menu_order":0,"comment_status":"closed","ping_status":"closed","template":"","meta":{"_acf_changed":false,"inline_featured_image":false,"footnotes":""},"class_list":["post-3","page","type-page","status-publish","hentry"],"acf":[],"yoast_head":"<!-- This site is optimized with the Yoast SEO plugin v27.3 - https:\/\/yoast.com\/product\/yoast-seo-wordpress\/ -->\n<title>Privacy Policy - EPL - Leading the pack<\/title>\n<meta name=\"robots\" content=\"noindex, follow, max-snippet:-1, max-image-preview:large, max-video-preview:-1\" \/>\n<meta property=\"og:locale\" content=\"es_ES\" \/>\n<meta property=\"og:type\" content=\"article\" \/>\n<meta property=\"og:title\" content=\"Privacy Policy - EPL - Leading the pack\" \/>\n<meta property=\"og:description\" content=\"Introduction EPL Limited (formerly known as Essel Propack Limited), is the largest specialty packaging global company, manufacturing laminated plastic tubes catering to the FMCG and Pharma space. Employing over 2852 people representing 25...\" \/>\n<meta property=\"og:url\" content=\"https:\/\/eplglobal.verifinow.in\/es\/privacy-policy\/\" \/>\n<meta property=\"og:site_name\" content=\"EPL - Leading the pack\" \/>\n<meta property=\"article:publisher\" content=\"https:\/\/www.facebook.com\/EPLGlobalLimited\" \/>\n<meta property=\"article:modified_time\" content=\"2024-07-31T14:39:50+00:00\" \/>\n<meta name=\"twitter:card\" content=\"summary_large_image\" \/>\n<meta name=\"twitter:site\" content=\"@EPL_Limited\" \/>\n<meta name=\"twitter:label1\" content=\"Tiempo de lectura\" \/>\n\t<meta name=\"twitter:data1\" content=\"11 minutos\" \/>\n<script type=\"application\/ld+json\" class=\"yoast-schema-graph\">{\"@context\":\"https:\\\/\\\/schema.org\",\"@graph\":[{\"@type\":\"WebPage\",\"@id\":\"https:\\\/\\\/eplglobal.verifinow.in\\\/privacy-policy\\\/\",\"url\":\"https:\\\/\\\/eplglobal.verifinow.in\\\/privacy-policy\\\/\",\"name\":\"Privacy Policy - EPL - Leading the pack\",\"isPartOf\":{\"@id\":\"https:\\\/\\\/eplglobal.verifinow.in\\\/#website\"},\"datePublished\":\"2024-06-18T11:23:37+00:00\",\"dateModified\":\"2024-07-31T14:39:50+00:00\",\"breadcrumb\":{\"@id\":\"https:\\\/\\\/eplglobal.verifinow.in\\\/privacy-policy\\\/#breadcrumb\"},\"inLanguage\":\"es\",\"potentialAction\":[{\"@type\":\"ReadAction\",\"target\":[\"https:\\\/\\\/eplglobal.verifinow.in\\\/privacy-policy\\\/\"]}]},{\"@type\":\"BreadcrumbList\",\"@id\":\"https:\\\/\\\/eplglobal.verifinow.in\\\/privacy-policy\\\/#breadcrumb\",\"itemListElement\":[{\"@type\":\"ListItem\",\"position\":1,\"name\":\"Home\",\"item\":\"https:\\\/\\\/eplglobal.verifinow.in\\\/\"},{\"@type\":\"ListItem\",\"position\":2,\"name\":\"Privacy Policy\"}]},{\"@type\":\"WebSite\",\"@id\":\"https:\\\/\\\/eplglobal.verifinow.in\\\/#website\",\"url\":\"https:\\\/\\\/eplglobal.verifinow.in\\\/\",\"name\":\"EPL\",\"description\":\"EPL ltd\",\"publisher\":{\"@id\":\"https:\\\/\\\/eplglobal.verifinow.in\\\/#organization\"},\"potentialAction\":[{\"@type\":\"SearchAction\",\"target\":{\"@type\":\"EntryPoint\",\"urlTemplate\":\"https:\\\/\\\/eplglobal.verifinow.in\\\/?s={search_term_string}\"},\"query-input\":{\"@type\":\"PropertyValueSpecification\",\"valueRequired\":true,\"valueName\":\"search_term_string\"}}],\"inLanguage\":\"es\"},{\"@type\":\"Organization\",\"@id\":\"https:\\\/\\\/eplglobal.verifinow.in\\\/#organization\",\"name\":\"EPL Ltd\",\"url\":\"https:\\\/\\\/eplglobal.verifinow.in\\\/\",\"logo\":{\"@type\":\"ImageObject\",\"inLanguage\":\"es\",\"@id\":\"https:\\\/\\\/eplglobal.verifinow.in\\\/#\\\/schema\\\/logo\\\/image\\\/\",\"url\":\"https:\\\/\\\/eplglobal.verifinow.in\\\/wp-content\\\/uploads\\\/2024\\\/07\\\/EPL-logo-300x207-1-3.png\",\"contentUrl\":\"https:\\\/\\\/eplglobal.verifinow.in\\\/wp-content\\\/uploads\\\/2024\\\/07\\\/EPL-logo-300x207-1-3.png\",\"width\":300,\"height\":207,\"caption\":\"EPL Ltd\"},\"image\":{\"@id\":\"https:\\\/\\\/eplglobal.verifinow.in\\\/#\\\/schema\\\/logo\\\/image\\\/\"},\"sameAs\":[\"https:\\\/\\\/www.facebook.com\\\/EPLGlobalLimited\",\"https:\\\/\\\/x.com\\\/EPL_Limited\",\"https:\\\/\\\/www.instagram.com\\\/epl_limited\\\/\",\"https:\\\/\\\/www.linkedin.com\\\/company\\\/epl-limited\\\/\",\"https:\\\/\\\/www.youtube.com\\\/channel\\\/UCciHlQEzUjUqievawSyoNcw\"]}]}<\/script>\n<!-- \/ Yoast SEO plugin. -->","yoast_head_json":{"title":"Pol\u00edtica de privacidad - EPL - Liderando el grupo","robots":{"index":"noindex","follow":"follow","max-snippet":"max-snippet:-1","max-image-preview":"max-image-preview:large","max-video-preview":"max-video-preview:-1"},"og_locale":"es_ES","og_type":"article","og_title":"Privacy Policy - EPL - Leading the pack","og_description":"Introduction EPL Limited (formerly known as Essel Propack Limited), is the largest specialty packaging global company, manufacturing laminated plastic tubes catering to the FMCG and Pharma space. Employing over 2852 people representing 25...","og_url":"https:\/\/eplglobal.verifinow.in\/es\/privacy-policy\/","og_site_name":"EPL - Leading the pack","article_publisher":"https:\/\/www.facebook.com\/EPLGlobalLimited","article_modified_time":"2024-07-31T14:39:50+00:00","twitter_card":"summary_large_image","twitter_site":"@EPL_Limited","twitter_misc":{"Tiempo de lectura":"11 minutos"},"schema":{"@context":"https:\/\/schema.org","@graph":[{"@type":"WebPage","@id":"https:\/\/eplglobal.verifinow.in\/privacy-policy\/","url":"https:\/\/eplglobal.verifinow.in\/privacy-policy\/","name":"Pol\u00edtica de privacidad - EPL - Liderando el grupo","isPartOf":{"@id":"https:\/\/eplglobal.verifinow.in\/#website"},"datePublished":"2024-06-18T11:23:37+00:00","dateModified":"2024-07-31T14:39:50+00:00","breadcrumb":{"@id":"https:\/\/eplglobal.verifinow.in\/privacy-policy\/#breadcrumb"},"inLanguage":"es","potentialAction":[{"@type":"ReadAction","target":["https:\/\/eplglobal.verifinow.in\/privacy-policy\/"]}]},{"@type":"BreadcrumbList","@id":"https:\/\/eplglobal.verifinow.in\/privacy-policy\/#breadcrumb","itemListElement":[{"@type":"ListItem","position":1,"name":"Home","item":"https:\/\/eplglobal.verifinow.in\/"},{"@type":"ListItem","position":2,"name":"Privacy Policy"}]},{"@type":"WebSite","@id":"https:\/\/eplglobal.verifinow.in\/#website","url":"https:\/\/eplglobal.verifinow.in\/","name":"Liga Premier Inglesa","description":"EPL Ltd.","publisher":{"@id":"https:\/\/eplglobal.verifinow.in\/#organization"},"potentialAction":[{"@type":"SearchAction","target":{"@type":"EntryPoint","urlTemplate":"https:\/\/eplglobal.verifinow.in\/?s={search_term_string}"},"query-input":{"@type":"PropertyValueSpecification","valueRequired":true,"valueName":"search_term_string"}}],"inLanguage":"es"},{"@type":"Organization","@id":"https:\/\/eplglobal.verifinow.in\/#organization","name":"EPL Ltd","url":"https:\/\/eplglobal.verifinow.in\/","logo":{"@type":"ImageObject","inLanguage":"es","@id":"https:\/\/eplglobal.verifinow.in\/#\/schema\/logo\/image\/","url":"https:\/\/eplglobal.verifinow.in\/wp-content\/uploads\/2024\/07\/EPL-logo-300x207-1-3.png","contentUrl":"https:\/\/eplglobal.verifinow.in\/wp-content\/uploads\/2024\/07\/EPL-logo-300x207-1-3.png","width":300,"height":207,"caption":"EPL Ltd"},"image":{"@id":"https:\/\/eplglobal.verifinow.in\/#\/schema\/logo\/image\/"},"sameAs":["https:\/\/www.facebook.com\/EPLGlobalLimited","https:\/\/x.com\/EPL_Limited","https:\/\/www.instagram.com\/epl_limited\/","https:\/\/www.linkedin.com\/company\/epl-limited\/","https:\/\/www.youtube.com\/channel\/UCciHlQEzUjUqievawSyoNcw"]}]}},"_links":{"self":[{"href":"https:\/\/eplglobal.verifinow.in\/es\/wp-json\/wp\/v2\/pages\/3","targetHints":{"allow":["GET"]}}],"collection":[{"href":"https:\/\/eplglobal.verifinow.in\/es\/wp-json\/wp\/v2\/pages"}],"about":[{"href":"https:\/\/eplglobal.verifinow.in\/es\/wp-json\/wp\/v2\/types\/page"}],"author":[{"embeddable":true,"href":"https:\/\/eplglobal.verifinow.in\/es\/wp-json\/wp\/v2\/users\/1"}],"replies":[{"embeddable":true,"href":"https:\/\/eplglobal.verifinow.in\/es\/wp-json\/wp\/v2\/comments?post=3"}],"version-history":[{"count":0,"href":"https:\/\/eplglobal.verifinow.in\/es\/wp-json\/wp\/v2\/pages\/3\/revisions"}],"wp:attachment":[{"href":"https:\/\/eplglobal.verifinow.in\/es\/wp-json\/wp\/v2\/media?parent=3"}],"curies":[{"name":"wp","href":"https:\/\/api.w.org\/{rel}","templated":true}]}}