{"id":1742,"date":"2024-07-31T14:37:00","date_gmt":"2024-07-31T14:37:00","guid":{"rendered":"https:\/\/eplglobal.verifinow.in\/?page_id=1742"},"modified":"2024-07-31T14:37:01","modified_gmt":"2024-07-31T14:37:01","slug":"disclaimer","status":"publish","type":"page","link":"https:\/\/eplglobal.verifinow.in\/es\/disclaimer\/","title":{"rendered":"Descargo de responsabilidad"},"content":{"rendered":"<p>Las empresas de EPL Limited (anteriormente conocida como Essel Propack Limited) tienen sus propias identidades independientes, pero en este sitio web, a veces podemos utilizar \u201cEPL\u201d, \u201cEPL Limited (anteriormente conocida como Essel Propack Limited)\u201d, \u201cGrupo\u201d, \u201cnosotros\u201d o \u201cnos\u201d cuando nos referimos a EPL Limited (anteriormente conocida como Essel Propack Limited) Limited. Exenci\u00f3n de garant\u00edas, inexactitudes o errores<\/p>\n\n\n\n<h6 class=\"wp-block-heading\">Descargo de responsabilidad por garant\u00edas, inexactitudes o errores<\/h6>\n\n\n\n<p>1. Toda la informaci\u00f3n, el contenido, el material y los productos ofrecidos en este sitio se proporcionan \u201ctal como est\u00e1n\u201d y \u201cseg\u00fan disponibilidad\u201d, y no se ofrecen declaraciones ni garant\u00edas de ning\u00fan tipo, ya sean expresas o impl\u00edcitas. EPL Limited (anteriormente conocida como Essel Propack Limited) Limited (\u201cen adelante, \u201cEPL Limited (anteriormente conocida como Essel Propack Limited)\u201d) no garantiza que la informaci\u00f3n proporcionada sea absoluta y completa de ning\u00fan modo.<\/p>\n\n\n\n<p>2. En la medida m\u00e1xima permitida por la ley aplicable, EPL Limited (anteriormente conocida como Essel Propack Limited) renuncia a todas las garant\u00edas, expresas o impl\u00edcitas, con respecto a la informaci\u00f3n, el contenido, el material y los productos, incluidas, entre otras, las garant\u00edas impl\u00edcitas de comerciabilidad, idoneidad para un fin determinado, no infracci\u00f3n, ausencia de virus inform\u00e1ticos u otras violaciones de derechos. EPL Limited (anteriormente conocida como Essel Propack Limited) no garantiza ni hace ninguna declaraci\u00f3n con respecto al uso, la validez, la precisi\u00f3n o la fiabilidad de, o los resultados del uso de, o de otro modo con respecto a, la informaci\u00f3n, el contenido, los productos y los materiales de este sitio o de cualquier sitio vinculado a este sitio.<\/p>\n\n\n\n<p>3. Adem\u00e1s, las ideas y\/o informaci\u00f3n proporcionadas u obtenidas de este sitio no necesariamente reflejan las opiniones de EPL Limited (anteriormente conocida como Essel Propack Limited) o de sus directores o empleados. EPL Limited (anteriormente conocida como Essel Propack Limited) no garantiza que este sitio refleje informaci\u00f3n precisa, completa o actual. Los usuarios del sitio deben realizar todas las verificaciones necesarias a este respecto. Los precios y otra informaci\u00f3n est\u00e1n sujetos a cambios en cualquier momento.<\/p>\n\n\n\n<p>4. SIN RESPONSABILIDAD: Bajo ninguna circunstancia, incluida, entre otras, la negligencia, EPL Limited (anteriormente conocida como Essel Propack Limited) o sus directores o empleados ser\u00e1n responsables de ning\u00fan da\u00f1o especial o consecuente que se alegue que haya resultado del uso y\/o la imposibilidad de usar este sitio o la informaci\u00f3n contenida en \u00e9l. En ning\u00fan caso EPL Limited (anteriormente conocida como Essel Propack Limited) o sus directores o empleados ser\u00e1n responsables ante ninguna persona o entidad por ning\u00fan da\u00f1o o p\u00e9rdida que resulte directa o indirectamente del acceso a este sitio. La informaci\u00f3n proporcionada en este documento y cualquier comunicaci\u00f3n recibida o respondida posteriormente son\/ser\u00e1n gratuitas y est\u00e1n\/ser\u00e1n fuera del \u00e1mbito de aplicaci\u00f3n de cualquier ley de protecci\u00f3n al consumidor. Cualquier destinatario o usuario de cualquier informaci\u00f3n o material de este sitio puede usar\/confiar en la informaci\u00f3n o el material completamente bajo su propio riesgo.<\/p>\n\n\n\n<p>5. La informaci\u00f3n se proporciona con la condici\u00f3n de que las personas que la reciban determinen por s\u00ed mismas si es adecuada para sus fines antes de utilizarla o en relaci\u00f3n con la toma de cualquier decisi\u00f3n. Ninguna informaci\u00f3n contenida en este sitio web constituye una invitaci\u00f3n a invertir en EPL Limited (anteriormente conocida como Essel Propack Limited) Limited o en cualquiera de sus filiales. Cualquier uso de este sitio web o de la informaci\u00f3n se realiza bajo su propio riesgo. Ni EPL Limited (anteriormente conocida como Essel Propack Limited) ni sus filiales, ni sus funcionarios, empleados o agentes ser\u00e1n responsables de ninguna p\u00e9rdida, da\u00f1o o gasto que surja del acceso, uso o confianza depositada en este sitio web o en la informaci\u00f3n, o en cualquier sitio web vinculado a este sitio web.<\/p>\n\n\n\n<p>6. Nada de lo contenido en este documento debe interpretarse como una recomendaci\u00f3n para utilizar cualquier producto, proceso, equipo o formulaci\u00f3n que est\u00e9 en conflicto con alguna patente o de otro modo, y EPL Limited (anteriormente conocida como Essel Propack Limited) no realiza ninguna declaraci\u00f3n o garant\u00eda, expresa o impl\u00edcita, de que su uso no infrinja ninguna patente o de otro modo.<\/p>\n\n\n\n<p>7. Este sitio web se le proporciona \u201ctal como est\u00e1\u201d y \u201cdonde est\u00e1\u201d, sin garant\u00eda alguna. EPL Limited (anteriormente conocida como Essel Propack Limited), por s\u00ed misma y por cualquier tercero que proporcione materiales, productos, servicios o contenido a este sitio web, no realiza declaraciones ni ofrece garant\u00edas, ya sean expresas, impl\u00edcitas, estatutarias o de otro tipo, de comerciabilidad, idoneidad para un fin particular o no infracci\u00f3n de los derechos de terceros, con respecto al sitio web, los servicios o los productos ofrecidos a trav\u00e9s de este sitio web, la informaci\u00f3n o cualquier producto o servicio al que se refiere la informaci\u00f3n. EPL Limited (anteriormente conocida como Essel Propack Limited) no ser\u00e1 responsable ante usted ni ante ning\u00fan tercero por ning\u00fan tipo de da\u00f1o, incluidos, entre otros, da\u00f1os directos, indirectos, incidentales, consecuentes o punitivos, que surjan de o est\u00e9n relacionados con el sitio, incluidos, entre otros, su uso de este sitio o su incapacidad para usarlo, incluso si EPL Limited (anteriormente conocida como Essel Propack Limited) ha sido informada previamente de la posibilidad de dichos da\u00f1os.<\/p>\n\n\n\n<p>8. Es posible que existan errores humanos, errores debidos a demoras en la actualizaci\u00f3n de la informaci\u00f3n u otros errores relacionados con el sistema y otros errores en el Sitio y la informaci\u00f3n contenida en el Sitio, incluida, entre otras, la informaci\u00f3n relacionada con los saldos contables\/estado de la cuenta del usuario alojado en el Sitio. EPL Limited (anteriormente conocida como Essel Propack Limited) aclara que los detalles mencionados en el Sitio no pretenden ser parte o reemplazo de los libros de contabilidad de EPL Limited (anteriormente conocida como Essel Propack Limited). EPL Limited (anteriormente conocida como Essel Propack Limited) no garantiza la integridad, precisi\u00f3n o finalidad del Sitio o de dicha informaci\u00f3n.<\/p>\n\n\n\n<h6 class=\"wp-block-heading\">Disponibilidad<\/h6>\n\n\n\n<p>1. EPL Limited (anteriormente conocida como Essel Propack Limited) controla y opera este sitio web desde la India y no garantiza que los materiales sean apropiados o est\u00e9n disponibles para su uso en otras ubicaciones. Si utiliza este sitio web desde fuera de la India, tambi\u00e9n estar\u00e1 sujeto a la condici\u00f3n adicional de que usted es completamente responsable del cumplimiento de todas las leyes locales aplicables a su caso, junto con las disposiciones de las leyes de control de cambio aplicables en la India.<\/p>\n\n\n\n<p>2. EPL Limited (anteriormente conocida como Essel Propack Limited) puede tener varios sitios web que ofrecen productos, servicios, contenido y otras funcionalidades (en conjunto, los \u201cServicios\u201d) a regiones espec\u00edficas en todo el mundo. Los Servicios ofrecidos en una regi\u00f3n pueden diferir de los de otras regiones debido a la disponibilidad, las leyes locales o regionales, el env\u00edo y otras consideraciones. EPL Limited (anteriormente conocida como Essel Propack Limited) no ofrece garant\u00edas ni declaraciones de que un usuario de una regi\u00f3n pueda obtener los Servicios del sitio de EPL Limited (anteriormente conocida como Essel Propack Limited) en otra regi\u00f3n y EPL Limited (anteriormente conocida como Essel Propack Limited) puede cancelar el pedido de un usuario o redirigirlo al sitio de la regi\u00f3n de ese usuario si este intenta solicitar los Servicios ofrecidos en un sitio de otra regi\u00f3n.<\/p>\n\n\n\n<p>3. La informaci\u00f3n que EPL Limited (anteriormente conocida como Essel Propack Limited) publica en la World Wide Web puede contener referencias o referencias cruzadas a productos, programas y servicios de EPL Limited (anteriormente conocida como Essel Propack Limited) que no se anuncian ni est\u00e1n disponibles en su pa\u00eds. Dichas referencias no implican que EPL Limited (anteriormente conocida como Essel Propack Limited) tenga la intenci\u00f3n de anunciar dichos productos, programas o servicios en su pa\u00eds. Consulte a su contacto comercial local de EPL Limited (anteriormente conocida como Essel Propack Limited) para obtener informaci\u00f3n sobre los productos, programas y servicios que pueden estar disponibles para usted.<\/p>\n\n\n\n<h6 class=\"wp-block-heading\">Derechos de autor<\/h6>\n\n\n\n<p>1. Ninguno de los materiales contenidos en este Sitio puede ser copiado, reproducido, distribuido, republicado, descargado, exhibido, publicado o transmitido en ninguna forma o por ning\u00fan medio, incluyendo, pero no limitado a, medios electr\u00f3nicos, mec\u00e1nicos, fotocopias, grabaciones u otros, sin el consentimiento previo por escrito de EPL Limited (anteriormente conocida como Essel Propack Limited). Todos los derechos de autor y otros derechos de propiedad intelectual sobre este material son propiedad de EPL Limited (anteriormente conocida como Essel Propack Limited) o han sido licenciados para su uso por los propietarios de los derechos.<\/p>\n\n\n\n<h6 class=\"wp-block-heading\">No puedes<\/h6>\n\n\n\n<p>Copiar (ya sea imprimiendo en papel, almacenando en disco, descargando o de cualquier otra forma), distribuir (incluida la distribuci\u00f3n de copias), descargar, exhibir, ejecutar, reproducir, distribuir, modificar, editar, alterar, mejorar, transmitir o manipular de cualquier forma o de cualquier otra forma utilizar cualquier material contenido en el sitio web. Estas restricciones se aplican en relaci\u00f3n con todo o parte del material del sitio web;<\/p>\n\n\n\n<p>Copiar y distribuir esta informaci\u00f3n en cualquier otro servidor, o modificar o reutilizar texto o gr\u00e1ficos en este sistema o en otro sistema. No se podr\u00e1 vender ni distribuir ninguna reproducci\u00f3n de ninguna parte del sitio web con fines comerciales, ni modificarla ni incorporarla en ning\u00fan otro trabajo, publicaci\u00f3n o sitio web, ya sea en formato impreso o electr\u00f3nico, incluidas las publicaciones en cualquier otro sitio web.<\/p>\n\n\n\n<p>Eliminar cualquier derecho de autor, marca registrada u otros avisos de propiedad intelectual contenidos en el material original de cualquier material copiado o impreso del sitio web; o enlace a este sitio web, sin nuestro consentimiento expreso por escrito.<\/p>\n\n\n\n<h6 class=\"wp-block-heading\">Interacci\u00f3n con terceros y enlaces a sitios de terceros<\/h6>\n\n\n\n<p>1. Al utilizar el sitio web, puede entablar correspondencia con, comprar bienes y\/o servicios de, o participar en promociones de anunciantes o miembros o patrocinadores o sitios vinculados desde el sitio web. Toda correspondencia, publicidad, compra o promoci\u00f3n de este tipo, incluida la entrega y el pago de bienes y\/o servicios, y cualquier otro t\u00e9rmino, condici\u00f3n, garant\u00eda o representaci\u00f3n asociada con dicha correspondencia, compra o promoci\u00f3n, se realiza exclusivamente entre usted y el tercero correspondiente. Usted acepta que EPL Limited (anteriormente conocida como Essel Propack Limited) no tiene responsabilidad, obligaci\u00f3n o responsabilidad por dicha correspondencia, compra o promoci\u00f3n entre usted y dicho tercero.<\/p>\n\n\n\n<p>2. Este sitio web puede estar vinculado a otros sitios web de la World Wide Web que no est\u00e1n bajo el control ni son mantenidos por EPL Limited (anteriormente conocida como Essel Propack Limited). Dichos v\u00ednculos no indican ninguna responsabilidad o respaldo de nuestra parte por el sitio web externo en cuesti\u00f3n, su contenido o los v\u00ednculos que se muestran en \u00e9l. Estos v\u00ednculos se proporcionan \u00fanicamente para su comodidad, con el fin de ayudarlo a encontrar sitios web, servicios y\/o productos relevantes que puedan ser de su inter\u00e9s, de manera r\u00e1pida y sencilla. Es su responsabilidad decidir si los servicios y\/o productos disponibles a trav\u00e9s de cualquiera de estos sitios web son adecuados para sus prop\u00f3sitos. EPL Limited (anteriormente conocida como Essel Propack Limited) no es responsable de los propietarios u operadores de estos sitios web ni de los bienes o servicios que proporcionen ni del contenido de sus sitios web y no otorga ni acepta ninguna condici\u00f3n, garant\u00eda u otros t\u00e9rminos o representaciones en relaci\u00f3n con ninguno de estos ni acepta ninguna responsabilidad en relaci\u00f3n con ninguno de estos (incluida cualquier responsabilidad que surja de cualquier reclamo de que el contenido de cualquier sitio web externo al que este sitio web incluye un v\u00ednculo infringe los derechos de propiedad intelectual de un tercero).<\/p>\n\n\n\n<h6 class=\"wp-block-heading\">Marcas comerciales<\/h6>\n\n\n\n<p>Las marcas comerciales, marcas de servicio y logotipos (Marcas comerciales) utilizados y exhibidos en este Sitio son Marcas comerciales registradas o no registradas de EPL Limited (anteriormente conocida como Essel Propack Limited) Limited. Nada de lo contenido en este Sitio se interpretar\u00e1 como el otorgamiento, por implicaci\u00f3n, preclusi\u00f3n o de otro modo, de ninguna licencia o derecho para usar ninguna Marca comercial exhibida en el Sitio sin el consentimiento previo por escrito del propietario de la Marca comercial. EPL Limited (anteriormente conocida como Essel Propack Limited) Limited proh\u00edbe el uso de cualquier logotipo y Marca comercial de EPL Limited (anteriormente conocida como Essel Propack Limited) Limited incluso al crear enlaces en cualquier sitio, a menos que el establecimiento de dicho enlace sea aprobado previamente por EPL Limited (anteriormente conocida como Essel Propack Limited) por escrito.<\/p>\n\n\n\n<h6 class=\"wp-block-heading\">Declaraci\u00f3n de privacidad con respecto a las solicitudes de empleo en l\u00ednea<\/h6>\n\n\n\n<p>Declaraci\u00f3n de privacidad de Carreras EPL Limited (antes conocida como Essel Propack Limited) Limited tomar\u00e1 todas las medidas razonables para proteger la informaci\u00f3n personal que usted proporcione al postularse para un trabajo en EPL Limited (antes conocida como Essel Propack Limited) a trav\u00e9s de la secci\u00f3n Carreras de este sitio web. Al realizar solicitudes en l\u00ednea para vacantes de trabajo en EPL Limited (antes conocida como Essel Propack Limited), debe proporcionar informaci\u00f3n completa y correcta seg\u00fan su leal saber y entender. Si proporciona informaci\u00f3n falsa, su solicitud ser\u00e1 rechazada.<br>Autorizaci\u00f3n Al postularse para un trabajo en EPL Limited (anteriormente conocida como Essel Propack Limited) a trav\u00e9s de la secci\u00f3n Carreras de este sitio web, usted autoriza a EPL Limited (anteriormente conocida como Essel Propack Limited) y\/o sus agentes autorizados a realizar una investigaci\u00f3n de antecedentes que incluye, entre otras cosas, una verificaci\u00f3n de antecedentes penales, una verificaci\u00f3n de referencias laborales y la verificaci\u00f3n de cualquier informaci\u00f3n que haya proporcionado, y autoriza a todas las corporaciones, empresas, instituciones educativas, personas, agencias de aplicaci\u00f3n de la ley, tribunales penales y civiles y antiguos empleadores a divulgar la informaci\u00f3n que puedan tener sobre usted.<br>Descargo de responsabilidad Bajo ninguna circunstancia, incluida, entre otras, la negligencia, EPL Limited (anteriormente conocida como Essel Propack Limited) o sus directores o empleados tendr\u00e1n responsabilidad de ning\u00fan tipo con respecto a la informaci\u00f3n personal proporcionada por usted en este sitio web.<\/p>","protected":false},"excerpt":{"rendered":"<p>Las empresas de EPL Limited (antes conocida como Essel Propack Limited) tienen sus propias identidades separadas, pero en este sitio web a veces podemos utilizar \u201cEPL\u201d, \u201cEPL Limited (antes conocida como Essel Propack Limited)\u201d,\u2026<\/p>","protected":false},"author":1,"featured_media":0,"parent":0,"menu_order":0,"comment_status":"closed","ping_status":"closed","template":"","meta":{"_acf_changed":false,"inline_featured_image":false,"footnotes":""},"class_list":["post-1742","page","type-page","status-publish","hentry"],"acf":[],"yoast_head":"<!-- This site is optimized with the Yoast SEO plugin v27.3 - https:\/\/yoast.com\/product\/yoast-seo-wordpress\/ -->\n<title>Disclaimer - EPL - Leading the pack<\/title>\n<meta name=\"robots\" content=\"noindex, follow, max-snippet:-1, max-image-preview:large, max-video-preview:-1\" \/>\n<meta property=\"og:locale\" content=\"es_ES\" \/>\n<meta property=\"og:type\" content=\"article\" \/>\n<meta property=\"og:title\" content=\"Disclaimer - EPL - Leading the pack\" \/>\n<meta property=\"og:description\" content=\"EPL Limited (formerly known as Essel Propack Limited) companies have their own separate identities but in this web site we may sometimes use \u201cEPL\u201d, \u201cEPL Limited (formerly known as Essel Propack Limited) \u201c,...\" \/>\n<meta property=\"og:url\" content=\"https:\/\/eplglobal.verifinow.in\/es\/disclaimer\/\" \/>\n<meta property=\"og:site_name\" content=\"EPL - Leading the pack\" \/>\n<meta property=\"article:publisher\" content=\"https:\/\/www.facebook.com\/EPLGlobalLimited\" \/>\n<meta property=\"article:modified_time\" content=\"2024-07-31T14:37:01+00:00\" \/>\n<meta name=\"twitter:card\" content=\"summary_large_image\" \/>\n<meta name=\"twitter:site\" content=\"@EPL_Limited\" \/>\n<meta name=\"twitter:label1\" content=\"Tiempo de lectura\" \/>\n\t<meta name=\"twitter:data1\" content=\"11 minutos\" \/>\n<script type=\"application\/ld+json\" class=\"yoast-schema-graph\">{\"@context\":\"https:\\\/\\\/schema.org\",\"@graph\":[{\"@type\":\"WebPage\",\"@id\":\"https:\\\/\\\/eplglobal.verifinow.in\\\/disclaimer\\\/\",\"url\":\"https:\\\/\\\/eplglobal.verifinow.in\\\/disclaimer\\\/\",\"name\":\"Disclaimer - EPL - Leading the pack\",\"isPartOf\":{\"@id\":\"https:\\\/\\\/eplglobal.verifinow.in\\\/#website\"},\"datePublished\":\"2024-07-31T14:37:00+00:00\",\"dateModified\":\"2024-07-31T14:37:01+00:00\",\"breadcrumb\":{\"@id\":\"https:\\\/\\\/eplglobal.verifinow.in\\\/disclaimer\\\/#breadcrumb\"},\"inLanguage\":\"es\",\"potentialAction\":[{\"@type\":\"ReadAction\",\"target\":[\"https:\\\/\\\/eplglobal.verifinow.in\\\/disclaimer\\\/\"]}]},{\"@type\":\"BreadcrumbList\",\"@id\":\"https:\\\/\\\/eplglobal.verifinow.in\\\/disclaimer\\\/#breadcrumb\",\"itemListElement\":[{\"@type\":\"ListItem\",\"position\":1,\"name\":\"Home\",\"item\":\"https:\\\/\\\/eplglobal.verifinow.in\\\/\"},{\"@type\":\"ListItem\",\"position\":2,\"name\":\"Disclaimer\"}]},{\"@type\":\"WebSite\",\"@id\":\"https:\\\/\\\/eplglobal.verifinow.in\\\/#website\",\"url\":\"https:\\\/\\\/eplglobal.verifinow.in\\\/\",\"name\":\"EPL\",\"description\":\"EPL ltd\",\"publisher\":{\"@id\":\"https:\\\/\\\/eplglobal.verifinow.in\\\/#organization\"},\"potentialAction\":[{\"@type\":\"SearchAction\",\"target\":{\"@type\":\"EntryPoint\",\"urlTemplate\":\"https:\\\/\\\/eplglobal.verifinow.in\\\/?s={search_term_string}\"},\"query-input\":{\"@type\":\"PropertyValueSpecification\",\"valueRequired\":true,\"valueName\":\"search_term_string\"}}],\"inLanguage\":\"es\"},{\"@type\":\"Organization\",\"@id\":\"https:\\\/\\\/eplglobal.verifinow.in\\\/#organization\",\"name\":\"EPL Ltd\",\"url\":\"https:\\\/\\\/eplglobal.verifinow.in\\\/\",\"logo\":{\"@type\":\"ImageObject\",\"inLanguage\":\"es\",\"@id\":\"https:\\\/\\\/eplglobal.verifinow.in\\\/#\\\/schema\\\/logo\\\/image\\\/\",\"url\":\"https:\\\/\\\/eplglobal.verifinow.in\\\/wp-content\\\/uploads\\\/2024\\\/07\\\/EPL-logo-300x207-1-3.png\",\"contentUrl\":\"https:\\\/\\\/eplglobal.verifinow.in\\\/wp-content\\\/uploads\\\/2024\\\/07\\\/EPL-logo-300x207-1-3.png\",\"width\":300,\"height\":207,\"caption\":\"EPL Ltd\"},\"image\":{\"@id\":\"https:\\\/\\\/eplglobal.verifinow.in\\\/#\\\/schema\\\/logo\\\/image\\\/\"},\"sameAs\":[\"https:\\\/\\\/www.facebook.com\\\/EPLGlobalLimited\",\"https:\\\/\\\/x.com\\\/EPL_Limited\",\"https:\\\/\\\/www.instagram.com\\\/epl_limited\\\/\",\"https:\\\/\\\/www.linkedin.com\\\/company\\\/epl-limited\\\/\",\"https:\\\/\\\/www.youtube.com\\\/channel\\\/UCciHlQEzUjUqievawSyoNcw\"]}]}<\/script>\n<!-- \/ Yoast SEO plugin. -->","yoast_head_json":{"title":"Aviso legal - EPL - Liderando el grupo","robots":{"index":"noindex","follow":"follow","max-snippet":"max-snippet:-1","max-image-preview":"max-image-preview:large","max-video-preview":"max-video-preview:-1"},"og_locale":"es_ES","og_type":"article","og_title":"Disclaimer - EPL - Leading the pack","og_description":"EPL Limited (formerly known as Essel Propack Limited) companies have their own separate identities but in this web site we may sometimes use \u201cEPL\u201d, \u201cEPL Limited (formerly known as Essel Propack Limited) \u201c,...","og_url":"https:\/\/eplglobal.verifinow.in\/es\/disclaimer\/","og_site_name":"EPL - Leading the pack","article_publisher":"https:\/\/www.facebook.com\/EPLGlobalLimited","article_modified_time":"2024-07-31T14:37:01+00:00","twitter_card":"summary_large_image","twitter_site":"@EPL_Limited","twitter_misc":{"Tiempo de lectura":"11 minutos"},"schema":{"@context":"https:\/\/schema.org","@graph":[{"@type":"WebPage","@id":"https:\/\/eplglobal.verifinow.in\/disclaimer\/","url":"https:\/\/eplglobal.verifinow.in\/disclaimer\/","name":"Aviso legal - EPL - Liderando el grupo","isPartOf":{"@id":"https:\/\/eplglobal.verifinow.in\/#website"},"datePublished":"2024-07-31T14:37:00+00:00","dateModified":"2024-07-31T14:37:01+00:00","breadcrumb":{"@id":"https:\/\/eplglobal.verifinow.in\/disclaimer\/#breadcrumb"},"inLanguage":"es","potentialAction":[{"@type":"ReadAction","target":["https:\/\/eplglobal.verifinow.in\/disclaimer\/"]}]},{"@type":"BreadcrumbList","@id":"https:\/\/eplglobal.verifinow.in\/disclaimer\/#breadcrumb","itemListElement":[{"@type":"ListItem","position":1,"name":"Home","item":"https:\/\/eplglobal.verifinow.in\/"},{"@type":"ListItem","position":2,"name":"Disclaimer"}]},{"@type":"WebSite","@id":"https:\/\/eplglobal.verifinow.in\/#website","url":"https:\/\/eplglobal.verifinow.in\/","name":"Liga Premier Inglesa","description":"EPL Ltd.","publisher":{"@id":"https:\/\/eplglobal.verifinow.in\/#organization"},"potentialAction":[{"@type":"SearchAction","target":{"@type":"EntryPoint","urlTemplate":"https:\/\/eplglobal.verifinow.in\/?s={search_term_string}"},"query-input":{"@type":"PropertyValueSpecification","valueRequired":true,"valueName":"search_term_string"}}],"inLanguage":"es"},{"@type":"Organization","@id":"https:\/\/eplglobal.verifinow.in\/#organization","name":"EPL Ltd","url":"https:\/\/eplglobal.verifinow.in\/","logo":{"@type":"ImageObject","inLanguage":"es","@id":"https:\/\/eplglobal.verifinow.in\/#\/schema\/logo\/image\/","url":"https:\/\/eplglobal.verifinow.in\/wp-content\/uploads\/2024\/07\/EPL-logo-300x207-1-3.png","contentUrl":"https:\/\/eplglobal.verifinow.in\/wp-content\/uploads\/2024\/07\/EPL-logo-300x207-1-3.png","width":300,"height":207,"caption":"EPL Ltd"},"image":{"@id":"https:\/\/eplglobal.verifinow.in\/#\/schema\/logo\/image\/"},"sameAs":["https:\/\/www.facebook.com\/EPLGlobalLimited","https:\/\/x.com\/EPL_Limited","https:\/\/www.instagram.com\/epl_limited\/","https:\/\/www.linkedin.com\/company\/epl-limited\/","https:\/\/www.youtube.com\/channel\/UCciHlQEzUjUqievawSyoNcw"]}]}},"_links":{"self":[{"href":"https:\/\/eplglobal.verifinow.in\/es\/wp-json\/wp\/v2\/pages\/1742","targetHints":{"allow":["GET"]}}],"collection":[{"href":"https:\/\/eplglobal.verifinow.in\/es\/wp-json\/wp\/v2\/pages"}],"about":[{"href":"https:\/\/eplglobal.verifinow.in\/es\/wp-json\/wp\/v2\/types\/page"}],"author":[{"embeddable":true,"href":"https:\/\/eplglobal.verifinow.in\/es\/wp-json\/wp\/v2\/users\/1"}],"replies":[{"embeddable":true,"href":"https:\/\/eplglobal.verifinow.in\/es\/wp-json\/wp\/v2\/comments?post=1742"}],"version-history":[{"count":0,"href":"https:\/\/eplglobal.verifinow.in\/es\/wp-json\/wp\/v2\/pages\/1742\/revisions"}],"wp:attachment":[{"href":"https:\/\/eplglobal.verifinow.in\/es\/wp-json\/wp\/v2\/media?parent=1742"}],"curies":[{"name":"wp","href":"https:\/\/api.w.org\/{rel}","templated":true}]}}