{"id":1740,"date":"2024-07-31T12:31:39","date_gmt":"2024-07-31T12:31:39","guid":{"rendered":"https:\/\/eplglobal.verifinow.in\/?page_id=1740"},"modified":"2024-07-31T12:31:40","modified_gmt":"2024-07-31T12:31:40","slug":"cookie-policy","status":"publish","type":"page","link":"https:\/\/eplglobal.verifinow.in\/es\/cookie-policy\/","title":{"rendered":"Pol\u00edtica de cookies"},"content":{"rendered":"<p>EPL Limited (anteriormente conocida como Essel Propack Limited) (\"nosotros\", \"nos\", \"EPL\") entiende que su privacidad es importante para el titular de los datos (\"usted\", \"su\", \"usuario\", \"suscriptor\") y nos comprometemos a ser transparentes sobre las tecnolog\u00edas que utilizamos. Esta Pol\u00edtica de Cookies explica c\u00f3mo y por qu\u00e9 las cookies y otras tecnolog\u00edas similares pueden almacenarse en su dispositivo y acceder a ellas cuando utiliza o visita el sitio web o la aplicaci\u00f3n de EPL Limited (anteriormente conocida como Essel Propack Limited) que publica un enlace a esta Pol\u00edtica (colectivamente, \"los Sitios\"). Esta Pol\u00edtica de Cookies debe leerse junto con nuestra Pol\u00edtica de Privacidad y Condiciones de Uso.<\/p>\n\n\n\n<h4 class=\"wp-block-heading\">\u00bfQu\u00e9 son las cookies y otras tecnolog\u00edas de seguimiento?<\/h4>\n\n\n\n<p>Una cookie es un peque\u00f1o archivo de texto que un sitio web guarda en su ordenador o dispositivo m\u00f3vil cuando lo visita. Permite al sitio web recordar sus acciones y preferencias (como inicio de sesi\u00f3n, idioma, tama\u00f1o de letra y otras preferencias de visualizaci\u00f3n) durante un periodo de tiempo, para que no tenga que volver a introducirlas cada vez que regrese al sitio o navegue de una p\u00e1gina a otra. Las dem\u00e1s tecnolog\u00edas de seguimiento funcionan de forma similar a las cookies y colocan peque\u00f1os archivos de datos en sus dispositivos o supervisan su actividad en el sitio web para permitirnos recopilar informaci\u00f3n sobre c\u00f3mo utiliza nuestros sitios web. Esto permite a nuestros sitios web reconocer su dispositivo entre los de otros usuarios de los sitios web. La informaci\u00f3n que se ofrece a continuaci\u00f3n sobre las cookies tambi\u00e9n se aplica a estas otras tecnolog\u00edas de seguimiento.<\/p>\n\n\n\n<h4 class=\"wp-block-heading\">\u00bfC\u00f3mo utilizan nuestros sitios web las cookies y otras tecnolog\u00edas de seguimiento?<\/h4>\n\n\n\n<p>Utilizamos cookies para recopilar y almacenar informaci\u00f3n cuando usted accede a nuestro sitio web y utiliza otros servicios de EPL Limited (anteriormente conocida como Essel Propack Limited). Utilizamos cookies para diversos fines, como:<\/p>\n\n\n\n<ul class=\"wp-block-list\">\n<li>Para prestarle los servicios de EPL Limited (anteriormente conocida como Essel Propack Limited)<\/li>\n\n\n\n<li>Para proporcionar anuncios no personalizados o personalizados<\/li>\n\n\n\n<li>Para identificar su ubicaci\u00f3n<\/li>\n\n\n\n<li>Para identificar su navegador y dispositivo.<\/li>\n\n\n\n<li>Para an\u00e1lisis e investigaci\u00f3n<\/li>\n<\/ul>\n\n\n\n<p>Medir y analizar la audiencia de cada p\u00e1gina para mejorar posteriormente la ergonom\u00eda, la navegaci\u00f3n o la visibilidad de los contenidos; Medir la fiabilidad del sitio web analizando el n\u00famero de visitas a sus p\u00e1ginas en tiempo real, y ofrecer anuncios variados y adaptados a las \u00e1reas de inter\u00e9s de los usuarios; Las cookies tambi\u00e9n pueden ser guardadas por herramientas de medios sociales si utiliza estas funcionalidades (por ejemplo, Facebook, Twitter).<\/p>\n\n\n\n<p>Tipo de cookies<\/p>\n\n\n\n<p>\"Cookies de origen\" son las cookies que nos pertenecen y que colocamos en su dispositivo o son las establecidas por un sitio web que est\u00e1 siendo visitado por el usuario en ese momento (por ejemplo, las cookies colocadas por EPL Limited (anteriormente conocido como Essel Propack Limited) Group).<\/p>\n\n\n\n<p>Las \"cookies de terceros\" son cookies que otra parte coloca en su dispositivo a trav\u00e9s de nuestro sitio web (por ejemplo, las agencias de publicidad pueden colocar sus cookies en nuestro sitio web para recopilar informaci\u00f3n de seguimiento y ofrecerle publicidad).<\/p>\n\n\n\n<p>Utilizamos los siguientes tipos de cookies:<br>Cookies persistentes. Utilizamos cookies persistentes para mejorar su experiencia de uso de los sitios. Esto incluye registrar su aceptaci\u00f3n de nuestra Pol\u00edtica de Cookies para eliminar el mensaje de cookies que aparece por primera vez cuando visita el sitio.<\/p>\n\n\n\n<p>Cookies de sesi\u00f3n. Las cookies de sesi\u00f3n son temporales y se borran de su ordenador cuando se cierra el navegador. Utilizamos cookies de sesi\u00f3n para realizar un seguimiento del uso de Internet, tal y como se ha descrito anteriormente.<\/p>\n\n\n\n<p>Puede negarse a aceptar las cookies del navegador activando la configuraci\u00f3n correspondiente en su navegador. Sin embargo, si selecciona esta configuraci\u00f3n es posible que no pueda acceder a ciertas partes de los Sitios. A menos que haya ajustado la configuraci\u00f3n de su navegador para que rechace las Cookies, nuestro sistema comprobar\u00e1 si se pueden capturar Cookies cuando dirija su navegador a nuestros Sitios. Los datos recogidos por los sitios web y\/o a trav\u00e9s de las cookies que puedan colocarse en su ordenador no se conservar\u00e1n durante m\u00e1s tiempo del necesario para cumplir los fines mencionados anteriormente. En cualquier caso, dicha informaci\u00f3n se conservar\u00e1 en nuestra base de datos hasta que obtengamos su consentimiento expl\u00edcito para eliminar todas las cookies almacenadas.<\/p>\n\n\n\n<p>Clasificamos las cookies de la siguiente manera:<\/p>\n\n\n\n<h4 class=\"wp-block-heading\">Estrictamente necesario\/t\u00e9cnico<\/h4>\n\n\n\n<p>Estas Cookies son necesarias para permitirnos operar nuestros Sitios para que usted pueda acceder a ellos como lo ha solicitado. Estas Cookies, por ejemplo, nos permiten reconocer que usted ha creado una cuenta y ha iniciado o cerrado sesi\u00f3n para acceder al contenido del Sitio. Tambi\u00e9n incluyen Cookies que nos permiten recordar sus acciones anteriores dentro de la misma sesi\u00f3n de navegaci\u00f3n y proteger nuestros Sitios.<\/p>\n\n\n\n<h4 class=\"wp-block-heading\">Anal\u00edtica\/Rendimiento<\/h4>\n\n\n\n<p>Estas Cookies son utilizadas por nosotros o por terceros proveedores de servicios para analizar c\u00f3mo se utilizan los Sitios y su rendimiento. Por ejemplo, estas cookies rastrean los contenidos m\u00e1s visitados, el historial de visitas y la procedencia de los visitantes. Si se suscribe a un bolet\u00edn de noticias o se registra de otro modo en los Sitios, estas Cookies pueden estar correlacionadas con usted. Estas Cookies incluyen, por ejemplo, cookies de Google Analytics, cookies de Comscore.<\/p>\n\n\n\n<h4 class=\"wp-block-heading\">Funcionalidad<\/h4>\n\n\n\n<p>Estas Cookies nos permiten operar los Sitios de acuerdo con las opciones que usted elija. Estas Cookies nos permiten \"recordarle\" entre visitas. Por ejemplo, reconoceremos su nombre de usuario y recordaremos c\u00f3mo ha personalizado los Sitios y los servicios, por ejemplo ajustando el tama\u00f1o del texto, las fuentes, los idiomas y otras partes de las p\u00e1ginas web que son modificables, y le proporcionaremos<br>las mismas personalizaciones en futuras visitas.<\/p>\n\n\n\n<h4 class=\"wp-block-heading\">Cookies de segmentaci\u00f3n o publicitarias.<\/h4>\n\n\n\n<p>Estas cookies se utilizan para ofrecer contenidos m\u00e1s relevantes para usted y sus intereses. Tambi\u00e9n se utilizan para ofrecer publicidad dirigida o limitar el n\u00famero de veces que ve un anuncio, as\u00ed como para ayudar a medir la eficacia de las campa\u00f1as publicitarias en EPL Limited (anteriormente conocido como Essel Propack Limited) Group y otros sitios web. Recuerdan que ha visitado uno de nuestros sitios web y esta informaci\u00f3n se comparte con otras partes, incluidos los anunciantes y nuestras agencias. Estas cookies tambi\u00e9n pueden estar vinculadas a funciones del sitio proporcionadas por terceros, como Google DFP y Affinity.<\/p>\n\n\n\n<h4 class=\"wp-block-heading\">\u00bfRecogen estas cookies datos personales\/me identifican?<\/h4>\n\n\n\n<p>La mayor\u00eda de estos tipos de cookies rastrean a los consumidores a trav\u00e9s de su ID de dispositivo o direcci\u00f3n IP, por lo que pueden recopilar datos personales.<\/p>\n\n\n\n<p>En funci\u00f3n del tipo de cookies que utilice el tercero en cuesti\u00f3n, la informaci\u00f3n que recopilen estas cookies puede incluir datos personales, pero no podr\u00e1n identificarle directamente como individuo ni disponer de informaci\u00f3n personal como su nombre, direcci\u00f3n de correo electr\u00f3nico o n\u00famero de tel\u00e9fono m\u00f3vil.<\/p>\n\n\n\n<h4 class=\"wp-block-heading\">Gesti\u00f3n de cookies publicitarias<\/h4>\n\n\n\n<p>Tenga en cuenta que si desea optar por no recibir publicidad dirigida, esto no significa que vaya a recibir menos publicidad cuando utilice nuestro sitio web. Solo significa que la publicidad que vea no estar\u00e1 tan personalizada para usted.&nbsp;<\/p>\n\n\n\n<p>No obstante, si a\u00fan as\u00ed desea desactivar las cookies publicitarias de terceros, puede hacerlo visitando el sitio de asesoramiento al consumidor de la Oficina de Publicidad en Internet, Youronlinechoices.com. En \u00e9l encontrar\u00e1 una lista de todas las cookies instaladas actualmente en su dispositivo y c\u00f3mo desactivar cada una de ellas.<\/p>\n\n\n\n<p>Para obtener m\u00e1s informaci\u00f3n sobre los anuncios basados en intereses de muchas redes publicitarias y para rechazarlos, visite Uni\u00f3n Europea:&nbsp;<a href=\"http:\/\/www.youronlinechoices.eu\/\" target=\"_blank\" rel=\"noreferrer noopener\">www.youronlinechoices.eu<\/a><\/p>\n\n\n\n<h4 class=\"wp-block-heading\">\u00bfC\u00f3mo puedo denegar o retirar mi consentimiento para el uso de Cookies?<\/h4>\n\n\n\n<p>Si no desea que se instalen cookies en su dispositivo, puede ajustar la configuraci\u00f3n de su navegador de Internet para rechazar la instalaci\u00f3n de todas o algunas cookies y para que le avise cuando se instale una cookie en su dispositivo. Para m\u00e1s informaci\u00f3n sobre c\u00f3mo hacerlo, consulte la secci\u00f3n de \"ayuda\" \/ \"herramientas\" o \"editar\" de su navegador para conocer la configuraci\u00f3n de las cookies en su navegador, que puede ser Google Chrome, Safari, Mozilla Firefox, etc.<\/p>\n\n\n\n<p>Tenga en cuenta que si la configuraci\u00f3n de su navegador ya est\u00e1 configurada para bloquear todas las Cookies (incluidas las Cookies estrictamente necesarias) es posible que no pueda acceder o utilizar la totalidad o parte de las funcionalidades de nuestros Sitios.<\/p>\n\n\n\n<p>Si desea eliminar las cookies almacenadas anteriormente, puede eliminarlas manualmente en cualquier momento. Sin embargo, esto no impedir\u00e1 que los Sitios coloquen m\u00e1s Cookies en su dispositivo a menos y hasta que ajuste la configuraci\u00f3n de su navegador de Internet como se describe anteriormente.<\/p>\n\n\n\n<p>Para obtener m\u00e1s informaci\u00f3n sobre el desarrollo de perfiles de usuario y el uso de cookies de segmentaci\u00f3n\/publicidad, consulte www.youronlinechoices.eu si se encuentra en Europa o www.aboutads.info\/choices si se encuentra en Estados Unidos.<\/p>\n\n\n\n<h4 class=\"wp-block-heading\">Banner de consentimiento de cookies<\/h4>\n\n\n\n<p>Es posible que vea un \"banner de cookies\" en nuestros sitios web y cuadros de mando. Cuando da su consentimiento de este modo, nosotros y nuestros socios publicitarios podemos instalar cookies publicitarias en el sitio que est\u00e1 visitando y en otros de nuestros sitios web, cuadros de mando y servicios. Le mostraremos el banner peri\u00f3dicamente, por si cambia de opini\u00f3n.<\/p>","protected":false},"excerpt":{"rendered":"<p>EPL Limited (anteriormente conocida como Essel Propack Limited) (\u201cnosotros\u201d, \u201cnos\u201d, \u201cEPL\u201d) comprende que su privacidad es importante para el titular de los datos (\u201custed\u201d, \u201csu\u201d, \u201cusuario\u201d, \u201csuscriptor\u201d) y nos comprometemos a ser transparentes sobre\u2026<\/p>","protected":false},"author":1,"featured_media":0,"parent":0,"menu_order":0,"comment_status":"closed","ping_status":"closed","template":"","meta":{"_acf_changed":false,"inline_featured_image":false,"footnotes":""},"class_list":["post-1740","page","type-page","status-publish","hentry"],"acf":[],"yoast_head":"<!-- This site is optimized with the Yoast SEO plugin v27.3 - https:\/\/yoast.com\/product\/yoast-seo-wordpress\/ -->\n<title>Cookie Policy - EPL - Leading the pack<\/title>\n<meta name=\"robots\" content=\"noindex, follow, max-snippet:-1, max-image-preview:large, max-video-preview:-1\" \/>\n<meta property=\"og:locale\" content=\"es_ES\" \/>\n<meta property=\"og:type\" content=\"article\" \/>\n<meta property=\"og:title\" content=\"Cookie Policy - EPL - Leading the pack\" \/>\n<meta property=\"og:description\" content=\"EPL Limited (formerly known as Essel Propack Limited) (\u201cwe\u201d, \u201cus\u201d, \u201cEPL\u201d) understands that your privacy is important to data subject (\u201cyou\u201d, \u201cyour\u201d, \u201cuser\u201d, \u201csubscriber\u201d) and we are committed for being transparent about the...\" \/>\n<meta property=\"og:url\" content=\"https:\/\/eplglobal.verifinow.in\/es\/cookie-policy\/\" \/>\n<meta property=\"og:site_name\" content=\"EPL - Leading the pack\" \/>\n<meta property=\"article:publisher\" content=\"https:\/\/www.facebook.com\/EPLGlobalLimited\" \/>\n<meta property=\"article:modified_time\" content=\"2024-07-31T12:31:40+00:00\" \/>\n<meta name=\"twitter:card\" content=\"summary_large_image\" \/>\n<meta name=\"twitter:site\" content=\"@EPL_Limited\" \/>\n<meta name=\"twitter:label1\" content=\"Tiempo de lectura\" \/>\n\t<meta name=\"twitter:data1\" content=\"7 minutos\" \/>\n<script type=\"application\/ld+json\" class=\"yoast-schema-graph\">{\"@context\":\"https:\\\/\\\/schema.org\",\"@graph\":[{\"@type\":\"WebPage\",\"@id\":\"https:\\\/\\\/eplglobal.verifinow.in\\\/cookie-policy\\\/\",\"url\":\"https:\\\/\\\/eplglobal.verifinow.in\\\/cookie-policy\\\/\",\"name\":\"Cookie Policy - EPL - Leading the pack\",\"isPartOf\":{\"@id\":\"https:\\\/\\\/eplglobal.verifinow.in\\\/#website\"},\"datePublished\":\"2024-07-31T12:31:39+00:00\",\"dateModified\":\"2024-07-31T12:31:40+00:00\",\"breadcrumb\":{\"@id\":\"https:\\\/\\\/eplglobal.verifinow.in\\\/cookie-policy\\\/#breadcrumb\"},\"inLanguage\":\"es\",\"potentialAction\":[{\"@type\":\"ReadAction\",\"target\":[\"https:\\\/\\\/eplglobal.verifinow.in\\\/cookie-policy\\\/\"]}]},{\"@type\":\"BreadcrumbList\",\"@id\":\"https:\\\/\\\/eplglobal.verifinow.in\\\/cookie-policy\\\/#breadcrumb\",\"itemListElement\":[{\"@type\":\"ListItem\",\"position\":1,\"name\":\"Home\",\"item\":\"https:\\\/\\\/eplglobal.verifinow.in\\\/\"},{\"@type\":\"ListItem\",\"position\":2,\"name\":\"Cookie Policy\"}]},{\"@type\":\"WebSite\",\"@id\":\"https:\\\/\\\/eplglobal.verifinow.in\\\/#website\",\"url\":\"https:\\\/\\\/eplglobal.verifinow.in\\\/\",\"name\":\"EPL\",\"description\":\"EPL ltd\",\"publisher\":{\"@id\":\"https:\\\/\\\/eplglobal.verifinow.in\\\/#organization\"},\"potentialAction\":[{\"@type\":\"SearchAction\",\"target\":{\"@type\":\"EntryPoint\",\"urlTemplate\":\"https:\\\/\\\/eplglobal.verifinow.in\\\/?s={search_term_string}\"},\"query-input\":{\"@type\":\"PropertyValueSpecification\",\"valueRequired\":true,\"valueName\":\"search_term_string\"}}],\"inLanguage\":\"es\"},{\"@type\":\"Organization\",\"@id\":\"https:\\\/\\\/eplglobal.verifinow.in\\\/#organization\",\"name\":\"EPL Ltd\",\"url\":\"https:\\\/\\\/eplglobal.verifinow.in\\\/\",\"logo\":{\"@type\":\"ImageObject\",\"inLanguage\":\"es\",\"@id\":\"https:\\\/\\\/eplglobal.verifinow.in\\\/#\\\/schema\\\/logo\\\/image\\\/\",\"url\":\"https:\\\/\\\/eplglobal.verifinow.in\\\/wp-content\\\/uploads\\\/2024\\\/07\\\/EPL-logo-300x207-1-3.png\",\"contentUrl\":\"https:\\\/\\\/eplglobal.verifinow.in\\\/wp-content\\\/uploads\\\/2024\\\/07\\\/EPL-logo-300x207-1-3.png\",\"width\":300,\"height\":207,\"caption\":\"EPL Ltd\"},\"image\":{\"@id\":\"https:\\\/\\\/eplglobal.verifinow.in\\\/#\\\/schema\\\/logo\\\/image\\\/\"},\"sameAs\":[\"https:\\\/\\\/www.facebook.com\\\/EPLGlobalLimited\",\"https:\\\/\\\/x.com\\\/EPL_Limited\",\"https:\\\/\\\/www.instagram.com\\\/epl_limited\\\/\",\"https:\\\/\\\/www.linkedin.com\\\/company\\\/epl-limited\\\/\",\"https:\\\/\\\/www.youtube.com\\\/channel\\\/UCciHlQEzUjUqievawSyoNcw\"]}]}<\/script>\n<!-- \/ Yoast SEO plugin. -->","yoast_head_json":{"title":"Pol\u00edtica de cookies - EPL - Liderando el grupo","robots":{"index":"noindex","follow":"follow","max-snippet":"max-snippet:-1","max-image-preview":"max-image-preview:large","max-video-preview":"max-video-preview:-1"},"og_locale":"es_ES","og_type":"article","og_title":"Cookie Policy - EPL - Leading the pack","og_description":"EPL Limited (formerly known as Essel Propack Limited) (\u201cwe\u201d, \u201cus\u201d, \u201cEPL\u201d) understands that your privacy is important to data subject (\u201cyou\u201d, \u201cyour\u201d, \u201cuser\u201d, \u201csubscriber\u201d) and we are committed for being transparent about the...","og_url":"https:\/\/eplglobal.verifinow.in\/es\/cookie-policy\/","og_site_name":"EPL - Leading the pack","article_publisher":"https:\/\/www.facebook.com\/EPLGlobalLimited","article_modified_time":"2024-07-31T12:31:40+00:00","twitter_card":"summary_large_image","twitter_site":"@EPL_Limited","twitter_misc":{"Tiempo de lectura":"7 minutos"},"schema":{"@context":"https:\/\/schema.org","@graph":[{"@type":"WebPage","@id":"https:\/\/eplglobal.verifinow.in\/cookie-policy\/","url":"https:\/\/eplglobal.verifinow.in\/cookie-policy\/","name":"Pol\u00edtica de cookies - EPL - Liderando el grupo","isPartOf":{"@id":"https:\/\/eplglobal.verifinow.in\/#website"},"datePublished":"2024-07-31T12:31:39+00:00","dateModified":"2024-07-31T12:31:40+00:00","breadcrumb":{"@id":"https:\/\/eplglobal.verifinow.in\/cookie-policy\/#breadcrumb"},"inLanguage":"es","potentialAction":[{"@type":"ReadAction","target":["https:\/\/eplglobal.verifinow.in\/cookie-policy\/"]}]},{"@type":"BreadcrumbList","@id":"https:\/\/eplglobal.verifinow.in\/cookie-policy\/#breadcrumb","itemListElement":[{"@type":"ListItem","position":1,"name":"Home","item":"https:\/\/eplglobal.verifinow.in\/"},{"@type":"ListItem","position":2,"name":"Cookie Policy"}]},{"@type":"WebSite","@id":"https:\/\/eplglobal.verifinow.in\/#website","url":"https:\/\/eplglobal.verifinow.in\/","name":"Liga Premier Inglesa","description":"EPL Ltd.","publisher":{"@id":"https:\/\/eplglobal.verifinow.in\/#organization"},"potentialAction":[{"@type":"SearchAction","target":{"@type":"EntryPoint","urlTemplate":"https:\/\/eplglobal.verifinow.in\/?s={search_term_string}"},"query-input":{"@type":"PropertyValueSpecification","valueRequired":true,"valueName":"search_term_string"}}],"inLanguage":"es"},{"@type":"Organization","@id":"https:\/\/eplglobal.verifinow.in\/#organization","name":"EPL Ltd","url":"https:\/\/eplglobal.verifinow.in\/","logo":{"@type":"ImageObject","inLanguage":"es","@id":"https:\/\/eplglobal.verifinow.in\/#\/schema\/logo\/image\/","url":"https:\/\/eplglobal.verifinow.in\/wp-content\/uploads\/2024\/07\/EPL-logo-300x207-1-3.png","contentUrl":"https:\/\/eplglobal.verifinow.in\/wp-content\/uploads\/2024\/07\/EPL-logo-300x207-1-3.png","width":300,"height":207,"caption":"EPL Ltd"},"image":{"@id":"https:\/\/eplglobal.verifinow.in\/#\/schema\/logo\/image\/"},"sameAs":["https:\/\/www.facebook.com\/EPLGlobalLimited","https:\/\/x.com\/EPL_Limited","https:\/\/www.instagram.com\/epl_limited\/","https:\/\/www.linkedin.com\/company\/epl-limited\/","https:\/\/www.youtube.com\/channel\/UCciHlQEzUjUqievawSyoNcw"]}]}},"_links":{"self":[{"href":"https:\/\/eplglobal.verifinow.in\/es\/wp-json\/wp\/v2\/pages\/1740","targetHints":{"allow":["GET"]}}],"collection":[{"href":"https:\/\/eplglobal.verifinow.in\/es\/wp-json\/wp\/v2\/pages"}],"about":[{"href":"https:\/\/eplglobal.verifinow.in\/es\/wp-json\/wp\/v2\/types\/page"}],"author":[{"embeddable":true,"href":"https:\/\/eplglobal.verifinow.in\/es\/wp-json\/wp\/v2\/users\/1"}],"replies":[{"embeddable":true,"href":"https:\/\/eplglobal.verifinow.in\/es\/wp-json\/wp\/v2\/comments?post=1740"}],"version-history":[{"count":0,"href":"https:\/\/eplglobal.verifinow.in\/es\/wp-json\/wp\/v2\/pages\/1740\/revisions"}],"wp:attachment":[{"href":"https:\/\/eplglobal.verifinow.in\/es\/wp-json\/wp\/v2\/media?parent=1740"}],"curies":[{"name":"wp","href":"https:\/\/api.w.org\/{rel}","templated":true}]}}