{"id":3,"date":"2024-06-18T11:23:37","date_gmt":"2024-06-18T11:23:37","guid":{"rendered":"https:\/\/eplglobal.verifinow.in\/?page_id=3"},"modified":"2024-07-31T14:39:50","modified_gmt":"2024-07-31T14:39:50","slug":"privacy-policy","status":"publish","type":"page","link":"https:\/\/eplglobal.verifinow.in\/de\/privacy-policy\/","title":{"rendered":"Datenschutz"},"content":{"rendered":"<h2 class=\"wp-block-heading\">Einf\u00fchrung<\/h2>\n\n\n\n<p>EPL Limited (fr\u00fcher bekannt als Essel Propack Limited) ist das weltweit gr\u00f6\u00dfte Unternehmen f\u00fcr Spezialverpackungen, das laminierte Kunststofftuben f\u00fcr den FMCG- und Pharmabereich herstellt. EPL Limited (fr\u00fcher bekannt als Essel Propack Limited) besch\u00e4ftigt \u00fcber 2852 Mitarbeiter aus 25 verschiedenen Nationalit\u00e4ten, ist in 20 hochmodernen Niederlassungen und elf L\u00e4ndern t\u00e4tig, verkauft ungef\u00e4hr 7 Milliarden Tuben und w\u00e4chst jedes Jahr weiter. Diese Datenschutzrichtlinie beschreibt die Verwendung der von EPL Limited (fr\u00fcher bekannt als Essel Propack Limited) Limited (nachfolgend \u201eEPL\u201c, \u201eWir\u201c, \u201eUns\u201c, \u201eUnser\u201c genannt) und\/oder ihrer Tochtergesellschaft(en) und\/oder verbundenen Unternehmen (zusammen als \u201eUnternehmen\u201c bezeichnet) bereitgestellten oder gesammelten, offengelegten oder \u00fcbermittelten Informationen. Wir befolgen diese Datenschutzrichtlinie in \u00dcbereinstimmung mit den geltenden Gesetzen an den Orten, an denen wir t\u00e4tig sind. In manchen F\u00e4llen k\u00f6nnen wir zus\u00e4tzliche Datenschutzhinweise bereitstellen, die spezifisch f\u00fcr bestimmte Dienste oder Regionen sind.<\/p>\n\n\n\n<p>Es ist wichtig, dass Sie diese Datenschutzrichtlinie zusammen mit allen anderen Datenschutzrichtlinies oder Hinweisen zur fairen Verarbeitung lesen, die wir Ihnen bei bestimmten Gelegenheiten zur Verf\u00fcgung stellen, wenn wir personenbezogene Daten \u00fcber Sie erfassen oder verarbeiten, damit Sie genau wissen, wie und warum wir Ihre Daten verwenden. Diese Datenschutzrichtlinie erg\u00e4nzt die anderen Hinweise und soll diese nicht au\u00dfer Kraft setzen.<\/p>\n\n\n\n<h4 class=\"wp-block-heading\">Welche Daten werden erhoben<\/h4>\n\n\n\n<p>Im Folgenden finden Sie die Arten personenbezogener Daten, die wir \u00fcber Sie erheben, verwenden, speichern und \u00fcbermitteln:<\/p>\n\n\n\n<figure class=\"wp-block-table\"><table class=\"has-fixed-layout\"><tbody><tr><td>Kontext<\/td><td>Arten der Daten und Zweck der Erhebung<\/td><\/tr><tr><td>Kundenverbindung<\/td><td>Wir erfassen Namen, Kontaktinformationen wie E-Mail, Telefonnummer und unternehmensspezifische Informationen zusammen mit Kundenanfragen\/-nachrichten, um unsere Demo-\/Supportdienste bereitzustellen.<\/td><\/tr><tr><td>Anstellung<\/td><td>Wenn Sie sich auf eine Stellenausschreibung bewerben oder Mitarbeiter werden, erheben wir die f\u00fcr die Bearbeitung Ihrer<br>Bewerbung. Dazu k\u00f6nnen unter anderem Ihr Name, Ihre E-Mail-Adresse, Postanschrift, Telefonnummer und Ihr Lebenslauf geh\u00f6ren.<\/td><\/tr><tr><td>Feedback\/Support<\/td><td>Wenn Sie uns Feedback geben, technischen Support ben\u00f6tigen oder uns f\u00fcr sonstige Hilfe kontaktieren, erfassen wir Ihren Namen und Ihre E-Mail-Adresse, Ihre Kontaktnummer und m\u00f6glicherweise andere pers\u00f6nliche Informationen sowie alle anderen Inhalte, die Sie uns senden, um Ihnen antworten zu k\u00f6nnen.<\/td><\/tr><tr><td>Abonnement<\/td><td>Wenn Sie sich f\u00fcr eine unserer Mailinglisten anmelden, erfassen wir Ihre E-Mail-Adresse oder Postanschrift auf Grundlage der von Ihnen bei der Anmeldung angegebenen Daten.<\/td><\/tr><tr><td>Technische Benutzerdaten<\/td><td class=\"translation-block\">IP-Adresse, IP-Browser-Benutzeragent und andere Browserinformationen wie vom GPS empfangene Browser-Standortdaten<br> Koordinaten, Browser-Fingerabdr\u00fccke usw., um Ihnen relevante Website-Inhalte bereitzustellen<\/td><\/tr><\/tbody><\/table><\/figure>\n\n\n\n<h4 class=\"wp-block-heading\">Wie werden die gesammelten Daten verwendet?<\/h4>\n\n\n\n<h5 class=\"wp-block-heading\">Zwecke und Rechtm\u00e4\u00dfigkeit der Verarbeitung<\/h5>\n\n\n\n<p>Wir erheben, speichern und verwenden personenbezogene Daten \u00fcber Sie nur, wenn wir eine gesetzliche Grundlage daf\u00fcr haben. Die gesetzliche Grundlage, auf der wir Ihre personenbezogenen Daten speichern und verwenden, umfasst die Einholung Ihrer Einwilligung f\u00fcr \u201elegitime Interessen\u201c oder \u201elegitime Zwecke\u201c, wenn die Verarbeitung f\u00fcr uns erforderlich ist, um Ihnen Dienste und\/oder Gesch\u00e4ftszwecke bereitzustellen. Wir verwenden die Informationen, um unsere Dienste und Gesch\u00e4ftsbem\u00fchungen bereitzustellen, zu analysieren, zu verwalten, zu verbessern und zu personalisieren, um Ihre Registrierung zu verarbeiten, Dienste bereitzustellen oder zu erhalten und um mit Ihnen bez\u00fcglich der unten genannten Punkte zu kommunizieren. Beispielsweise verwenden wir die Informationen, um:<\/p>\n\n\n\n<ul class=\"wp-block-list\">\n<li>Benachrichtigen Sie uns \u00fcber \u00c4nderungen der Servicebedingungen oder der Datenschutzrichtlinie<\/li>\n\n\n\n<li>Erm\u00f6glichen Ihnen die Teilnahme an interaktiven Funktionen, die \u00fcber unsere Dienste angeboten werden<\/li>\n\n\n\n<li class=\"translation-block\">Weitergabe an unser Kundensupportteam zur L\u00f6sung Ihrer Fragen\/Bedenken in Bezug auf Ihre<br> Rechte oder Dienste, die Ihnen zur Verf\u00fcgung gestellt werden<\/li>\n<\/ul>\n\n\n\n<h4 class=\"wp-block-heading\">Informationsnutzung durch EPL<\/h4>\n\n\n\n<p>Die von Ihnen bereitgestellten Informationen erm\u00f6glichen es uns, unsere Dienste zu verbessern und Ihnen die benutzerfreundlichsten Erfahrungen zu bieten. In einigen F\u00e4llen, z. B. bei der Bereitstellung bestimmter Dienste oder Dienstprogramme, ben\u00f6tigen wir m\u00f6glicherweise auch Ihre Kontaktinformationen. Alle erforderlichen Informationen sind dienstabh\u00e4ngig und das Unternehmen kann die oben genannten Benutzerinformationen verwenden, um die bereitgestellten Dienste zu pflegen, zu sch\u00fctzen und zu verbessern.<\/p>\n\n\n\n<p>Von Ihnen bereitgestellte personenbezogene Daten werden nicht als vertraulich betrachtet, wenn sie frei verf\u00fcgbar und\/oder \u00f6ffentlich zug\u00e4nglich sind, wie etwa Kommentare, Nachrichten, Blogs oder Kritzeleien auf sozialen Plattformen wie Facebook, Twitter, LinkedIn usw.<\/p>\n\n\n\n<p>Alle von Benutzern in den \u00f6ffentlichen Bereichen der Websites\/Social-Media-Seiten geposteten\/hochgeladenen\/\u00fcbermittelten Mitteilungen werden zu ver\u00f6ffentlichten Inhalten und gelten nicht als personenbezogene Daten, die dieser Datenschutzerkl\u00e4rung unterliegen.<\/p>\n\n\n\n<p>Falls Sie sich dazu entschlie\u00dfen, keine personenbezogenen Daten auf der Website anzugeben, k\u00f6nnen wir Ihnen m\u00f6glicherweise bestimmte Dienste auf der Website nicht zur Verf\u00fcgung stellen. Wir werden angemessene Anstrengungen unternehmen, um Sie bei der Er\u00f6ffnung Ihres Kontos dar\u00fcber zu informieren. In jedem Fall sind wir nicht haftbar und\/oder verantwortlich f\u00fcr die Verweigerung bestimmter Dienste f\u00fcr Sie, weil Sie die erforderlichen personenbezogenen Daten nicht angeben.&nbsp;<\/p>\n\n\n\n<p>Wenn Sie sich f\u00fcr unsere Dienste registrieren, setzen wir uns m\u00f6glicherweise von Zeit zu Zeit mit Ihnen in Verbindung, um Ihre pers\u00f6nlichen Daten zu aktualisieren und Ihnen Funktionen bereitzustellen, von denen wir glauben, dass sie f\u00fcr Sie von Nutzen\/Interesse sein k\u00f6nnten.<\/p>\n\n\n\n<h4 class=\"wp-block-heading\">Aufbewahrung und Entsorgung personenbezogener Daten<\/h4>\n\n\n\n<p>Wir bewahren Ihre personenbezogenen Daten nur so lange auf, wie dies f\u00fcr die Erf\u00fcllung der Zwecke, f\u00fcr die wir sie erhoben haben, erforderlich ist, einschlie\u00dflich der Vertragserf\u00fcllung, der Anbahnung eines Vertrages oder zur Erf\u00fcllung gesetzlicher, buchhalterischer oder sonstiger beh\u00f6rdlicher Meldepflichten.<\/p>\n\n\n\n<p>Um die angemessene Aufbewahrungsfrist f\u00fcr personenbezogene Daten zu bestimmen, ber\u00fccksichtigen wir die Menge, Art und Sensibilit\u00e4t der personenbezogenen Daten, das potenzielle Schadensrisiko durch unbefugte Verwendung oder Offenlegung Ihrer personenbezogenen Daten, die Zwecke, f\u00fcr die wir Ihre personenbezogenen Daten verarbeiten und ob wir diese Zwecke auch auf andere Weise erreichen k\u00f6nnen, sowie die geltenden gesetzlichen Anforderungen.<\/p>\n\n\n\n<p>Wir verkaufen oder verteilen keine personenbezogenen Daten f\u00fcr allgemeine oder Marketingzwecke. Wir erfassen, speichern und verwenden die personenbezogenen Daten f\u00fcr Gesch\u00e4fts- und Servicezwecke, f\u00fcr die sie bestimmt sind und wie in dieser Mitteilung beschrieben.<\/p>\n\n\n\n<h4 class=\"wp-block-heading\">Ihre Rechte<\/h4>\n\n\n\n<p>Zugriff auf personenbezogene Daten. Sie haben das Recht, auf die \u00fcber Sie gespeicherten Informationen zuzugreifen, diese zu \u00fcberpr\u00fcfen und eine physische oder elektronische Kopie anzufordern. Sie haben auch das Recht, Informationen \u00fcber die Quelle Ihrer personenbezogenen Daten anzufordern.<\/p>\n\n\n\n<p>Sie k\u00f6nnen diese Rechte aus\u00fcben, indem Sie uns eine E-Mail an infosec@eplglobal.verifinow.in senden und eine Kopie Ihres Personalausweises oder gleichwertige Angaben anh\u00e4ngen (sofern von uns verlangt und gesetzlich zul\u00e4ssig). Wenn die Anfrage von einer anderen Person als Ihnen gestellt wird, ohne dass ein Nachweis erbracht wird, dass die ReCookies\/Similarquest rechtm\u00e4\u00dfig in Ihrem Namen durchgef\u00fchrt wird, wird die Anfrage abgelehnt. Bitte beachten Sie, dass alle uns zur Verf\u00fcgung gestellten Identifikationsinformationen nur in \u00dcbereinstimmung mit den geltenden Gesetzen und in dem von diesen zul\u00e4ssigen Umfang verarbeitet werden.<\/p>\n\n\n\n<p>Zus\u00e4tzliche Rechte (z. B. \u00c4nderung, L\u00f6schung personenbezogener Daten). Sofern gesetzlich vorgesehen, k\u00f6nnen Sie (i) die L\u00f6schung, Korrektur oder \u00dcberarbeitung Ihrer personenbezogenen Daten verlangen, (ii) die Verwendung und Offenlegung Ihrer personenbezogenen Daten einschr\u00e4nken und (iii) Ihre Zustimmung zu allen unseren Datenverarbeitungsaktivit\u00e4ten widerrufen.<\/p>\n\n\n\n<p>Bitte beachten Sie, dass wir unter bestimmten Umst\u00e4nden Ihre personenbezogenen Daten nicht l\u00f6schen k\u00f6nnen, ohne auch Ihr Benutzerkonto zu l\u00f6schen. Wir sind m\u00f6glicherweise verpflichtet, einige Ihrer personenbezogenen Daten auch nach Ihrer L\u00f6schungsanfrage aufzubewahren, um unseren gesetzlichen oder vertraglichen Verpflichtungen nachzukommen. Es kann auch sein, dass wir nach geltendem Recht einige Ihrer personenbezogenen Daten aufbewahren d\u00fcrfen, um unseren Gesch\u00e4ftsanforderungen nachzukommen.<\/p>\n\n\n\n<p>Wir hoffen, dass wir Ihre Fragen zur Verarbeitung Ihrer personenbezogenen Daten beantworten k\u00f6nnen. Sollten Ihre Bedenken jedoch ungel\u00f6st bleiben, haben Sie auch das Recht, sich bei den zust\u00e4ndigen Datenschutzbeh\u00f6rden zu beschweren.<\/p>\n\n\n\n<h4 class=\"wp-block-heading\">Cookies\/\u00c4hnliche Technologien, Logfiles Cookies\/\u00c4hnliche Technologien und Web Beacons<\/h4>\n\n\n\n<p>Cookies\/\u00c4hnliche Technologien. Wir verwenden Cookies auf Grundlage der erteilten Erlaubnis und legen die Zwecke fest, f\u00fcr die wir sie verwenden. Protokolldateien. Wir sammeln Informationen in Form von Protokolldateien, die die Website-Aktivit\u00e4t aufzeichnen und Statistiken \u00fcber den Browserverlauf erstellen. Diese Eintr\u00e4ge werden automatisch generiert und helfen uns, Fehler zu beheben, die Leistung zu verbessern und die Sicherheit unserer Websites aufrechtzuerhalten.<\/p>\n\n\n\n<p>Web Beacons. Web Beacons (auch als \u201eWeb Bugs\u201c bekannt) sind kleine Codezeichenfolgen, die ein Grafikbild auf einer Webseite oder in einer E-Mail darstellen, um Daten an uns zur\u00fcckzusenden. Die \u00fcber Web Beacons gesammelten Informationen umfassen Informationen wie die IP-Adresse sowie Informationen dar\u00fcber, wie Sie auf eine E-Mail-Kampagne reagieren (z. B. zu welcher Zeit die E-Mail ge\u00f6ffnet wurde, auf welche Links Sie in der E-Mail klicken usw.). Wir verwenden Web Beacons auf unseren Websites oder f\u00fcgen sie in E-Mails ein, die wir Ihnen senden. Wir verwenden Web Beacon-Informationen f\u00fcr eine Vielzahl von Zwecken, einschlie\u00dflich, aber nicht beschr\u00e4nkt auf, Berichte zum Website-Verkehr, Z\u00e4hlung eindeutiger Besucher, Werbung, E-Mail-Auditing und -Berichte sowie Personalisierung. Die detaillierte Cookie-Richtlinie finden Sie hier<\/p>\n\n\n\n<h4 class=\"wp-block-heading\">Datenschutz f\u00fcr Kinder<\/h4>\n\n\n\n<p>EPL Limited (fr\u00fcher bekannt als Essel Propack Limited) ist nicht absichtlich f\u00fcr Personen unter 18 Jahren konzipiert oder an diese gerichtet. EPL Limited (fr\u00fcher bekannt als Essel Propack Limited) gestattet wissentlich keiner Person unter 18 Jahren, sich f\u00fcr die Dienste zu registrieren oder andere personenbezogene Daten anzugeben.<\/p>\n\n\n\n<p>EPL Limited (ehemals Essel Propack Limited) sucht und beabsichtigt nicht, personenbezogene Daten von Kindern zu suchen oder zu erhalten. Sollte ein Elternteil oder Erziehungsberechtigter Grund zu der Annahme haben, dass ein Minderj\u00e4hriger EPL Limited (ehemals Essel Propack Limited) ohne vorherige Zustimmung personenbezogene Daten zur Verf\u00fcgung gestellt hat, wenden Sie sich bitte an unser Kundensupportteam, um sicherzustellen, dass die personenbezogenen Daten aus den Diensten von EPL Limited (ehemals Essel Propack Limited) entfernt werden.<\/p>\n\n\n\n<h4 class=\"wp-block-heading\">Datensicherheit<\/h4>\n\n\n\n<p>Wir haben entsprechende Sicherheitsma\u00dfnahmen ergriffen, um zu verhindern, dass Ihre pers\u00f6nlichen Daten versehentlich verloren gehen, verwendet oder auf unbefugte Weise abgerufen, ver\u00e4ndert oder offengelegt werden. Dar\u00fcber hinaus beschr\u00e4nken wir den Zugriff auf Ihre pers\u00f6nlichen Daten auf diejenigen Mitarbeiter, Vertreter, Auftragnehmer und Gesch\u00e4ftspartner, die diese aus gesch\u00e4ftlichen Gr\u00fcnden kennen m\u00fcssen. Sie verarbeiten Ihre pers\u00f6nlichen Daten nur auf unsere Anweisung hin und unterliegen der Geheimhaltungspflicht.<\/p>\n\n\n\n<p>Wir haben Verfahren eingerichtet, um auf jeden vermuteten Versto\u00df gegen den Datenschutz zu reagieren. Falls wir gesetzlich dazu verpflichtet sind, Sie \u00fcber einen unbefugten Zugriff auf Ihre pers\u00f6nlichen Daten zu informieren, k\u00f6nnen wir Sie elektronisch, schriftlich oder, sofern gesetzlich zul\u00e4ssig, telefonisch benachrichtigen. Wir werden auch alle zust\u00e4ndigen Aufsichtsbeh\u00f6rden \u00fcber einen Versto\u00df informieren, wenn wir gesetzlich dazu verpflichtet sind. Allerdings ist keine Methode der \u00dcbertragung \u00fcber das Internet oder Methode der elektronischen Speicherung vollkommen sicher.<\/p>\n\n\n\n<p>Wir unternehmen alle angemessenen Anstrengungen, um Ihre pers\u00f6nlichen Daten vor unbefugtem Zugriff, Verwendung oder Offenlegung zu sch\u00fctzen. Wir k\u00f6nnen jedoch nicht ausschlie\u00dfen, dass Daten unkontrolliert oder durch menschliches Versagen oder technische Hindernisse verloren gehen oder verletzt werden.<\/p>\n\n\n\n<h4 class=\"wp-block-heading\">Daten\u00fcbertragung, -speicherung und -verarbeitung weltweit<\/h4>\n\n\n\n<p>Unsere Website enth\u00e4lt Links, die Sie zu unseren Social-Networking-Seiten Facebook, Twitter, LinkedIn, Google + und YouTube sowie zu anderen Websites weiterleiten, auf denen wir in Zukunft m\u00f6glicherweise Seiten haben. Diese Seiten werden auf separaten Websites gehostet, die ihren eigenen Datenschutzrichtlinien unterliegen. Bitte lesen Sie deren Datenschutzrichtlinien, um Informationen zu ihren Datenschutzpraktiken zu erhalten.<\/p>\n\n\n\n<h4 class=\"wp-block-heading\">\u00c4nderungen der Datenschutzerkl\u00e4rung<\/h4>\n\n\n\n<p>Das Internet ist ein sich st\u00e4ndig weiterentwickelndes Medium. Wir k\u00f6nnen unsere Datenschutzrichtlinie von Zeit zu Zeit \u00e4ndern, um notwendige \u00c4nderungen in der Technologie, im geltenden Recht oder in anderen Varianten zu ber\u00fccksichtigen. In jedem Fall behalten wir uns das Recht vor, die Bedingungen dieser Datenschutzrichtlinie oder der Nutzungsbedingungen (jederzeit) zu \u00e4ndern. Alle von uns vorgenommenen \u00c4nderungen werden sofort nach Benachrichtigung wirksam, die wir<br>geben Sie durch die Ver\u00f6ffentlichung der neuen Richtlinie auf der \u201eSite\u201c. Ihre Nutzung der Site oder der \u00fcber die Site angebotenen Dienste nach einer solchen Benachrichtigung gilt als Zustimmung zu diesen \u00c4nderungen. Wir k\u00f6nnen auch<\/p>\n\n\n\n<p>angemessene Anstrengungen, Sie per E-Mail zu informieren. In jedem Fall wird Ihnen empfohlen, diese Datenschutzrichtlinie regelm\u00e4\u00dfig auf der \u201eSite\u201c) zu \u00fcberpr\u00fcfen, um sicherzustellen, dass Sie \u00fcber die neueste Version informiert sind.<\/p>\n\n\n\n<h4 class=\"wp-block-heading\">Kontakt<\/h4>\n\n\n\n<p class=\"translation-block\">Unterst\u00fctzung<br> Wenn Sie Informationen oder Erl\u00e4uterungen zur Verwendung Ihrer pers\u00f6nlichen Daten oder dieser Datenschutzrichtlinie ben\u00f6tigen oder Beschwerden in Bezug auf die Verwendung Ihrer pers\u00f6nlichen Daten haben, wenden Sie sich bitte an infosec@eplglobal.verifinow.in<\/p>\n\n\n\n<p>Beschwerden<br>Wenn Sie Fragen oder Beschwerden bez\u00fcglich der Erhebung, Verarbeitung oder \u00dcbermittlung personenbezogener Daten\/Informationen oder bez\u00fcglich dieser Richtlinie haben, wenden Sie sich bitte an unseren Datenschutzbeauftragten. Beschwerdemechanismus<\/p>\n\n\n\n<p>Jegliche Beschwerden, Missbr\u00e4uche oder Bedenken hinsichtlich der Verarbeitung der von Ihnen bereitgestellten Informationen oder Verst\u00f6\u00dfe gegen diese Bedingungen sind dem unten genannten Beschwerdebeauftragten unverz\u00fcglich schriftlich oder per E-Mail mit elektronischer Signatur an infosec@eplglobal.verifinow.in mitzuteilen.<\/p>\n\n\n\n<p>Wir bitten Sie, Ihrer Beschwerde die folgenden Informationen beizuf\u00fcgen:<br>a) Identifizierung der von Ihnen bereitgestellten Informationen;<br>b) Klare Angabe, ob es sich bei den Informationen um personenbezogene Daten oder sensible personenbezogene Daten handelt;<br>c) Ihre Adresse, Telefonnummer oder E-Mail-Adresse;<br>d) eine Erkl\u00e4rung, dass Sie nach bestem Wissen der Ansicht sind, dass die Informationen falsch verarbeitet bzw. unbefugt weitergegeben wurden;<br>e) eine eidesstattliche Erkl\u00e4rung, dass die Informationen in der Mitteilung richtig sind und dass die beanstandeten Informationen Ihnen geh\u00f6ren;<br>f) Sie k\u00f6nnen uns auch unter den oben genannten Kontaktdaten kontaktieren, wenn Sie Fragen oder Anregungen zur Datenschutzrichtlinie haben. EPL Limited (fr\u00fcher bekannt als Essel Propack Limited) ist nicht f\u00fcr diesbez\u00fcgliche Mitteilungen an nicht benannte Personen verantwortlich.<\/p>","protected":false},"excerpt":{"rendered":"<p>Einf\u00fchrung EPL Limited (fr\u00fcher bekannt als Essel Propack Limited) ist das weltweit gr\u00f6\u00dfte Unternehmen f\u00fcr Spezialverpackungen und stellt laminierte Kunststofftuben f\u00fcr den Konsumg\u00fcter- und Pharmabereich her. Das Unternehmen besch\u00e4ftigt \u00fcber 2852 Mitarbeiter aus 25\u2026<\/p>","protected":false},"author":1,"featured_media":0,"parent":0,"menu_order":0,"comment_status":"closed","ping_status":"closed","template":"","meta":{"_acf_changed":false,"inline_featured_image":false,"footnotes":""},"class_list":["post-3","page","type-page","status-publish","hentry"],"acf":[],"yoast_head":"<!-- This site is optimized with the Yoast SEO plugin v27.3 - https:\/\/yoast.com\/product\/yoast-seo-wordpress\/ -->\n<title>Privacy Policy - EPL - Leading the pack<\/title>\n<meta name=\"robots\" content=\"noindex, follow, max-snippet:-1, max-image-preview:large, max-video-preview:-1\" \/>\n<meta property=\"og:locale\" content=\"de_DE\" \/>\n<meta property=\"og:type\" content=\"article\" \/>\n<meta property=\"og:title\" content=\"Privacy Policy - EPL - Leading the pack\" \/>\n<meta property=\"og:description\" content=\"Introduction EPL Limited (formerly known as Essel Propack Limited), is the largest specialty packaging global company, manufacturing laminated plastic tubes catering to the FMCG and Pharma space. Employing over 2852 people representing 25...\" \/>\n<meta property=\"og:url\" content=\"https:\/\/eplglobal.verifinow.in\/de\/privacy-policy\/\" \/>\n<meta property=\"og:site_name\" content=\"EPL - Leading the pack\" \/>\n<meta property=\"article:publisher\" content=\"https:\/\/www.facebook.com\/EPLGlobalLimited\" \/>\n<meta property=\"article:modified_time\" content=\"2024-07-31T14:39:50+00:00\" \/>\n<meta name=\"twitter:card\" content=\"summary_large_image\" \/>\n<meta name=\"twitter:site\" content=\"@EPL_Limited\" \/>\n<meta name=\"twitter:label1\" content=\"Gesch\u00e4tzte Lesezeit\" \/>\n\t<meta name=\"twitter:data1\" content=\"11\u00a0Minuten\" \/>\n<script type=\"application\/ld+json\" class=\"yoast-schema-graph\">{\"@context\":\"https:\\\/\\\/schema.org\",\"@graph\":[{\"@type\":\"WebPage\",\"@id\":\"https:\\\/\\\/eplglobal.verifinow.in\\\/privacy-policy\\\/\",\"url\":\"https:\\\/\\\/eplglobal.verifinow.in\\\/privacy-policy\\\/\",\"name\":\"Privacy Policy - EPL - Leading the pack\",\"isPartOf\":{\"@id\":\"https:\\\/\\\/eplglobal.verifinow.in\\\/#website\"},\"datePublished\":\"2024-06-18T11:23:37+00:00\",\"dateModified\":\"2024-07-31T14:39:50+00:00\",\"breadcrumb\":{\"@id\":\"https:\\\/\\\/eplglobal.verifinow.in\\\/privacy-policy\\\/#breadcrumb\"},\"inLanguage\":\"de\",\"potentialAction\":[{\"@type\":\"ReadAction\",\"target\":[\"https:\\\/\\\/eplglobal.verifinow.in\\\/privacy-policy\\\/\"]}]},{\"@type\":\"BreadcrumbList\",\"@id\":\"https:\\\/\\\/eplglobal.verifinow.in\\\/privacy-policy\\\/#breadcrumb\",\"itemListElement\":[{\"@type\":\"ListItem\",\"position\":1,\"name\":\"Home\",\"item\":\"https:\\\/\\\/eplglobal.verifinow.in\\\/\"},{\"@type\":\"ListItem\",\"position\":2,\"name\":\"Privacy Policy\"}]},{\"@type\":\"WebSite\",\"@id\":\"https:\\\/\\\/eplglobal.verifinow.in\\\/#website\",\"url\":\"https:\\\/\\\/eplglobal.verifinow.in\\\/\",\"name\":\"EPL\",\"description\":\"EPL ltd\",\"publisher\":{\"@id\":\"https:\\\/\\\/eplglobal.verifinow.in\\\/#organization\"},\"potentialAction\":[{\"@type\":\"SearchAction\",\"target\":{\"@type\":\"EntryPoint\",\"urlTemplate\":\"https:\\\/\\\/eplglobal.verifinow.in\\\/?s={search_term_string}\"},\"query-input\":{\"@type\":\"PropertyValueSpecification\",\"valueRequired\":true,\"valueName\":\"search_term_string\"}}],\"inLanguage\":\"de\"},{\"@type\":\"Organization\",\"@id\":\"https:\\\/\\\/eplglobal.verifinow.in\\\/#organization\",\"name\":\"EPL Ltd\",\"url\":\"https:\\\/\\\/eplglobal.verifinow.in\\\/\",\"logo\":{\"@type\":\"ImageObject\",\"inLanguage\":\"de\",\"@id\":\"https:\\\/\\\/eplglobal.verifinow.in\\\/#\\\/schema\\\/logo\\\/image\\\/\",\"url\":\"https:\\\/\\\/eplglobal.verifinow.in\\\/wp-content\\\/uploads\\\/2024\\\/07\\\/EPL-logo-300x207-1-3.png\",\"contentUrl\":\"https:\\\/\\\/eplglobal.verifinow.in\\\/wp-content\\\/uploads\\\/2024\\\/07\\\/EPL-logo-300x207-1-3.png\",\"width\":300,\"height\":207,\"caption\":\"EPL Ltd\"},\"image\":{\"@id\":\"https:\\\/\\\/eplglobal.verifinow.in\\\/#\\\/schema\\\/logo\\\/image\\\/\"},\"sameAs\":[\"https:\\\/\\\/www.facebook.com\\\/EPLGlobalLimited\",\"https:\\\/\\\/x.com\\\/EPL_Limited\",\"https:\\\/\\\/www.instagram.com\\\/epl_limited\\\/\",\"https:\\\/\\\/www.linkedin.com\\\/company\\\/epl-limited\\\/\",\"https:\\\/\\\/www.youtube.com\\\/channel\\\/UCciHlQEzUjUqievawSyoNcw\"]}]}<\/script>\n<!-- \/ Yoast SEO plugin. -->","yoast_head_json":{"title":"Datenschutzrichtlinie - EPL - F\u00fchrend im Rudel","robots":{"index":"noindex","follow":"follow","max-snippet":"max-snippet:-1","max-image-preview":"max-image-preview:large","max-video-preview":"max-video-preview:-1"},"og_locale":"de_DE","og_type":"article","og_title":"Privacy Policy - EPL - Leading the pack","og_description":"Introduction EPL Limited (formerly known as Essel Propack Limited), is the largest specialty packaging global company, manufacturing laminated plastic tubes catering to the FMCG and Pharma space. Employing over 2852 people representing 25...","og_url":"https:\/\/eplglobal.verifinow.in\/de\/privacy-policy\/","og_site_name":"EPL - Leading the pack","article_publisher":"https:\/\/www.facebook.com\/EPLGlobalLimited","article_modified_time":"2024-07-31T14:39:50+00:00","twitter_card":"summary_large_image","twitter_site":"@EPL_Limited","twitter_misc":{"Gesch\u00e4tzte Lesezeit":"11\u00a0Minuten"},"schema":{"@context":"https:\/\/schema.org","@graph":[{"@type":"WebPage","@id":"https:\/\/eplglobal.verifinow.in\/privacy-policy\/","url":"https:\/\/eplglobal.verifinow.in\/privacy-policy\/","name":"Datenschutzrichtlinie - EPL - F\u00fchrend im Rudel","isPartOf":{"@id":"https:\/\/eplglobal.verifinow.in\/#website"},"datePublished":"2024-06-18T11:23:37+00:00","dateModified":"2024-07-31T14:39:50+00:00","breadcrumb":{"@id":"https:\/\/eplglobal.verifinow.in\/privacy-policy\/#breadcrumb"},"inLanguage":"de","potentialAction":[{"@type":"ReadAction","target":["https:\/\/eplglobal.verifinow.in\/privacy-policy\/"]}]},{"@type":"BreadcrumbList","@id":"https:\/\/eplglobal.verifinow.in\/privacy-policy\/#breadcrumb","itemListElement":[{"@type":"ListItem","position":1,"name":"Home","item":"https:\/\/eplglobal.verifinow.in\/"},{"@type":"ListItem","position":2,"name":"Privacy Policy"}]},{"@type":"WebSite","@id":"https:\/\/eplglobal.verifinow.in\/#website","url":"https:\/\/eplglobal.verifinow.in\/","name":"EPL","description":"EPL GmbH","publisher":{"@id":"https:\/\/eplglobal.verifinow.in\/#organization"},"potentialAction":[{"@type":"SearchAction","target":{"@type":"EntryPoint","urlTemplate":"https:\/\/eplglobal.verifinow.in\/?s={search_term_string}"},"query-input":{"@type":"PropertyValueSpecification","valueRequired":true,"valueName":"search_term_string"}}],"inLanguage":"de"},{"@type":"Organization","@id":"https:\/\/eplglobal.verifinow.in\/#organization","name":"EPL GmbH","url":"https:\/\/eplglobal.verifinow.in\/","logo":{"@type":"ImageObject","inLanguage":"de","@id":"https:\/\/eplglobal.verifinow.in\/#\/schema\/logo\/image\/","url":"https:\/\/eplglobal.verifinow.in\/wp-content\/uploads\/2024\/07\/EPL-logo-300x207-1-3.png","contentUrl":"https:\/\/eplglobal.verifinow.in\/wp-content\/uploads\/2024\/07\/EPL-logo-300x207-1-3.png","width":300,"height":207,"caption":"EPL Ltd"},"image":{"@id":"https:\/\/eplglobal.verifinow.in\/#\/schema\/logo\/image\/"},"sameAs":["https:\/\/www.facebook.com\/EPLGlobalLimited","https:\/\/x.com\/EPL_Limited","https:\/\/www.instagram.com\/epl_limited\/","https:\/\/www.linkedin.com\/company\/epl-limited\/","https:\/\/www.youtube.com\/channel\/UCciHlQEzUjUqievawSyoNcw"]}]}},"_links":{"self":[{"href":"https:\/\/eplglobal.verifinow.in\/de\/wp-json\/wp\/v2\/pages\/3","targetHints":{"allow":["GET"]}}],"collection":[{"href":"https:\/\/eplglobal.verifinow.in\/de\/wp-json\/wp\/v2\/pages"}],"about":[{"href":"https:\/\/eplglobal.verifinow.in\/de\/wp-json\/wp\/v2\/types\/page"}],"author":[{"embeddable":true,"href":"https:\/\/eplglobal.verifinow.in\/de\/wp-json\/wp\/v2\/users\/1"}],"replies":[{"embeddable":true,"href":"https:\/\/eplglobal.verifinow.in\/de\/wp-json\/wp\/v2\/comments?post=3"}],"version-history":[{"count":0,"href":"https:\/\/eplglobal.verifinow.in\/de\/wp-json\/wp\/v2\/pages\/3\/revisions"}],"wp:attachment":[{"href":"https:\/\/eplglobal.verifinow.in\/de\/wp-json\/wp\/v2\/media?parent=3"}],"curies":[{"name":"wp","href":"https:\/\/api.w.org\/{rel}","templated":true}]}}