{"id":1742,"date":"2024-07-31T14:37:00","date_gmt":"2024-07-31T14:37:00","guid":{"rendered":"https:\/\/eplglobal.verifinow.in\/?page_id=1742"},"modified":"2024-07-31T14:37:01","modified_gmt":"2024-07-31T14:37:01","slug":"disclaimer","status":"publish","type":"page","link":"https:\/\/eplglobal.verifinow.in\/de\/disclaimer\/","title":{"rendered":"Haftungsausschluss"},"content":{"rendered":"<p>Die Unternehmen von EPL Limited (fr\u00fcher bekannt als Essel Propack Limited) haben ihre eigenen Identit\u00e4ten, aber auf dieser Website verwenden wir manchmal \u201eEPL\u201c, \u201eEPL Limited (fr\u00fcher bekannt als Essel Propack Limited)\u201c, \u201eGruppe\u201c, \u201ewir\u201c oder \u201euns\u201c, wenn wir uns auf EPL Limited (fr\u00fcher bekannt als Essel Propack Limited) Limited beziehen. Haftungsausschluss f\u00fcr Garantien, Ungenauigkeiten oder Fehler<\/p>\n\n\n\n<h6 class=\"wp-block-heading\">Haftungsausschluss f\u00fcr Garantien, Ungenauigkeiten oder Fehler<\/h6>\n\n\n\n<p>1. Alle auf dieser Website angebotenen Informationen, Inhalte, Materialien und Produkte werden \u201ewie besehen\u201c und \u201ewie verf\u00fcgbar\u201c bereitgestellt und sind ohne jegliche ausdr\u00fcckliche oder stillschweigende Zusicherungen, Gew\u00e4hrleistungen oder Garantien jeglicher Art. EPL Limited (fr\u00fcher bekannt als Essel Propack Limited) Limited (im Folgenden \u201eEPL Limited (fr\u00fcher bekannt als Essel Propack Limited)\u201c) \u00fcbernimmt keine Gew\u00e4hrleistung daf\u00fcr, dass die bereitgestellten Informationen in irgendeiner Weise absolut und vollst\u00e4ndig sind.<\/p>\n\n\n\n<p>2. Soweit nach geltendem Recht zul\u00e4ssig, lehnt EPL Limited (fr\u00fcher bekannt als Essel Propack Limited) alle ausdr\u00fccklichen oder stillschweigenden Gew\u00e4hrleistungen in Bezug auf Informationen, Inhalte, Materialien und Produkte ab, einschlie\u00dflich, aber nicht beschr\u00e4nkt auf stillschweigende Gew\u00e4hrleistungen f\u00fcr die Marktg\u00e4ngigkeit, Eignung f\u00fcr einen bestimmten Zweck, Nichtverletzung von Rechten, Freiheit von Computerviren oder andere Rechtsverletzungen. EPL Limited (fr\u00fcher bekannt als Essel Propack Limited) \u00fcbernimmt keine Gew\u00e4hrleistung oder Zusicherung hinsichtlich der Nutzung, G\u00fcltigkeit, Genauigkeit oder Zuverl\u00e4ssigkeit oder der Ergebnisse der Nutzung oder anderweitiger Beachtung der Informationen, Inhalte, Produkte und Materialien auf dieser Site oder mit dieser Site verlinkten Sites.<\/p>\n\n\n\n<p>3. Dar\u00fcber hinaus spiegeln alle auf dieser Website bereitgestellten oder von dieser Website erhaltenen Ideen und\/oder Informationen nicht unbedingt die Ansichten von EPL Limited (fr\u00fcher bekannt als Essel Propack Limited) oder seiner Direktoren oder Mitarbeiter wider. EPL Limited (fr\u00fcher bekannt als Essel Propack Limited) garantiert nicht, dass diese Website Informationen enth\u00e4lt, die korrekt, vollst\u00e4ndig oder aktuell sind. Benutzer der Website m\u00fcssen diesbez\u00fcglich alle erforderlichen \u00dcberpr\u00fcfungen vornehmen. Preise und andere Informationen k\u00f6nnen jederzeit ge\u00e4ndert werden.<\/p>\n\n\n\n<p>4. KEINE HAFTUNG: Unter keinen Umst\u00e4nden, einschlie\u00dflich, aber nicht beschr\u00e4nkt auf Fahrl\u00e4ssigkeit, haftet EPL Limited (fr\u00fcher bekannt als Essel Propack Limited) oder seine Direktoren oder Mitarbeiter f\u00fcr spezielle oder Folgesch\u00e4den, die angeblich aus der Nutzung und\/oder der Unm\u00f6glichkeit der Nutzung dieser Site oder der darin enthaltenen Informationen entstanden sind. Unter keinen Umst\u00e4nden haftet EPL Limited (fr\u00fcher bekannt als Essel Propack Limited) oder seine Direktoren oder Mitarbeiter gegen\u00fcber einer Person oder Einrichtung f\u00fcr Sch\u00e4den oder Verluste, die direkt oder indirekt aus dem Zugriff auf diese Site entstehen. Die hier bereitgestellten Informationen und alle anschlie\u00dfend erhaltenen oder beantworteten Mitteilungen sind\/sollen kostenlos sein und fallen nicht in den Geltungsbereich jeglicher Verbraucherschutzgesetze. Jeder Empf\u00e4nger oder Nutzer von Informationen oder Materialien auf dieser Site kann die Informationen oder Materialien ausschlie\u00dflich auf eigenes Risiko verwenden\/sich darauf verlassen.<\/p>\n\n\n\n<p>5. Informationen werden unter der Bedingung bereitgestellt, dass die Empf\u00e4nger der Informationen vor der Verwendung oder im Zusammenhang mit der Entscheidungsfindung selbst entscheiden, ob sie f\u00fcr ihre Zwecke geeignet sind. Keine der auf dieser Website enthaltenen Informationen stellt eine Aufforderung dar, in EPL Limited (fr\u00fcher bekannt als Essel Propack Limited) Limited oder verbundene Unternehmen zu investieren. Die Nutzung dieser Website oder der Informationen erfolgt auf eigene Gefahr. Weder EPL Limited (fr\u00fcher bekannt als Essel Propack Limited) und verbundene Unternehmen von EPL Limited (fr\u00fcher bekannt als Essel Propack Limited) noch deren leitende Angestellte, Mitarbeiter oder Vertreter haften f\u00fcr Verluste, Sch\u00e4den oder Kosten, die sich aus dem Zugriff auf diese Website oder die Informationen oder aus deren Nutzung oder dem Vertrauen auf diese Website oder die Informationen oder auf mit dieser Website verlinkte Websites ergeben.<\/p>\n\n\n\n<p>6. Nichts hierin Enthaltenes ist als Empfehlung zur Verwendung eines Produkts, Prozesses, Ger\u00e4tes oder einer Formulierung auszulegen, die im Widerspruch zu einem Patent steht oder anderweitig vorliegt, und EPL Limited (fr\u00fcher bekannt als Essel Propack Limited) \u00fcbernimmt keine ausdr\u00fcckliche oder stillschweigende Zusicherung oder Garantie, dass die Verwendung dieser Informationen keine Patente oder anderweitig verletzt.<\/p>\n\n\n\n<p>7. Diese Website wird Ihnen \u201ewie besehen\u201c und \u201ewo besehen\u201c ohne jegliche Gew\u00e4hrleistung zur Verf\u00fcgung gestellt. EPL Limited (fr\u00fcher bekannt als Essel Propack Limited) \u00fcbernimmt weder f\u00fcr sich selbst noch f\u00fcr Dritte, die Materialien, Produkte, Dienstleistungen oder Inhalte f\u00fcr diese Website bereitstellen, ausdr\u00fcckliche, stillschweigende, gesetzliche oder sonstige Zusicherungen oder Gew\u00e4hrleistungen hinsichtlich der Marktg\u00e4ngigkeit, Eignung f\u00fcr einen bestimmten Zweck oder Nichtverletzung von Rechten Dritter in Bezug auf die Website, die Dienstleistungen oder die \u00fcber diese Website angebotenen Produkte, die Informationen oder jegliche Produkte oder Dienstleistungen, auf die sich die Informationen beziehen. EPL Limited (fr\u00fcher bekannt als Essel Propack Limited) haftet weder Ihnen noch Dritten gegen\u00fcber f\u00fcr Sch\u00e4den jeglicher Art, einschlie\u00dflich, aber nicht beschr\u00e4nkt auf direkte, indirekte, zuf\u00e4llige, Folge- oder Strafsch\u00e4den, die aus der Site entstehen oder mit ihr in Verbindung stehen, einschlie\u00dflich, aber nicht beschr\u00e4nkt auf Ihre Nutzung dieser Site oder Ihre Unf\u00e4higkeit zur Nutzung der Site, selbst wenn EPL Limited (fr\u00fcher bekannt als Essel Propack Limited) zuvor auf die M\u00f6glichkeit derartiger Sch\u00e4den hingewiesen wurde.<\/p>\n\n\n\n<p>8. Es ist m\u00f6glich, dass auf der Site und in den auf der Site enthaltenen Informationen menschliche Fehler, Fehler aufgrund von Verz\u00f6gerungen bei der Aktualisierung von Informationen oder andere systembedingte und andere Fehler auftreten, einschlie\u00dflich, aber nicht beschr\u00e4nkt auf Informationen in Bezug auf die Kontost\u00e4nde\/Kontost\u00e4nde des auf der Site gehosteten Site-Benutzers. EPL Limited (fr\u00fcher bekannt als Essel Propack Limited) stellt klar, dass die auf der Site genannten Details nicht als Teil oder Ersatz f\u00fcr die Gesch\u00e4ftsb\u00fccher von EPL Limited (fr\u00fcher bekannt als Essel Propack Limited) gedacht sind. EPL Limited (fr\u00fcher bekannt als Essel Propack Limited) \u00fcbernimmt keine Garantie f\u00fcr die Vollst\u00e4ndigkeit, Richtigkeit oder Endg\u00fcltigkeit der Site oder der genannten Informationen.<\/p>\n\n\n\n<h6 class=\"wp-block-heading\">Verf\u00fcgbarkeit<\/h6>\n\n\n\n<p>1. EPL Limited (fr\u00fcher bekannt als Essel Propack Limited) kontrolliert und betreibt diese Website von Indien aus und \u00fcbernimmt keine Gew\u00e4hr daf\u00fcr, dass die Materialien f\u00fcr die Nutzung an anderen Standorten geeignet sind oder dort verf\u00fcgbar sein werden. Wenn Sie diese Website von au\u00dferhalb Indiens nutzen, unterliegt sie au\u00dferdem der zus\u00e4tzlichen Bedingung, dass Sie die volle Verantwortung f\u00fcr die Einhaltung aller f\u00fcr Sie geltenden lokalen Gesetze sowie der Bestimmungen der in Indien geltenden Devisenkontrollgesetze tragen.<\/p>\n\n\n\n<p>2. EPL Limited (fr\u00fcher bekannt als Essel Propack Limited) kann mehrere Websites haben, die Produkte, Dienstleistungen, Inhalte und verschiedene andere Funktionen (zusammen die \u201eDienstleistungen\u201c) f\u00fcr bestimmte Regionen weltweit anbieten. Die in einer Region angebotenen Dienstleistungen k\u00f6nnen sich aufgrund der Verf\u00fcgbarkeit, lokaler oder regionaler Gesetze, des Versands und anderer \u00dcberlegungen von denen in anderen Regionen unterscheiden. EPL Limited (fr\u00fcher bekannt als Essel Propack Limited) \u00fcbernimmt keine Garantie oder Zusicherung, dass ein Benutzer in einer Region die Dienstleistungen von der Website von EPL Limited (fr\u00fcher bekannt als Essel Propack Limited) in einer anderen Region erhalten kann, und EPL Limited (fr\u00fcher bekannt als Essel Propack Limited) kann die Bestellung eines Benutzers stornieren oder einen Benutzer auf die Website f\u00fcr die Region dieses Benutzers umleiten, wenn ein Benutzer versucht, Dienstleistungen zu bestellen, die auf einer Website in einer anderen Region angeboten werden.<\/p>\n\n\n\n<p>3. Informationen, die EPL Limited (fr\u00fcher bekannt als Essel Propack Limited) im World Wide Web ver\u00f6ffentlicht, k\u00f6nnen Verweise oder Querverweise auf Produkte, Programme und Dienstleistungen von EPL Limited (fr\u00fcher bekannt als Essel Propack Limited) enthalten, die in Ihrem Land nicht angek\u00fcndigt oder verf\u00fcgbar sind. Solche Verweise bedeuten nicht, dass EPL Limited (fr\u00fcher bekannt als Essel Propack Limited) beabsichtigt, solche Produkte, Programme oder Dienstleistungen in Ihrem Land anzuk\u00fcndigen. Wenden Sie sich an Ihren lokalen Gesch\u00e4ftskontakt von EPL Limited (fr\u00fcher bekannt als Essel Propack Limited), um Informationen zu den Produkten, Programmen und Dienstleistungen zu erhalten, die f\u00fcr Sie verf\u00fcgbar sein k\u00f6nnten.<\/p>\n\n\n\n<h6 class=\"wp-block-heading\">Urheberrechte<\/h6>\n\n\n\n<p>1. Die auf dieser Site enthaltenen Materialien d\u00fcrfen ohne vorherige schriftliche Zustimmung von EPL Limited (fr\u00fcher bekannt als Essel Propack Limited) Limited weder in irgendeiner Form noch mit irgendwelchen Mitteln kopiert, reproduziert, verteilt, erneut ver\u00f6ffentlicht, heruntergeladen, angezeigt, gepostet oder \u00fcbertragen werden, einschlie\u00dflich, aber nicht beschr\u00e4nkt auf elektronisch, mechanisch, durch Fotokopieren, Aufzeichnen oder auf andere Weise. Alle Urheberrechte und sonstigen geistigen Eigentumsrechte an diesen Materialien liegen bei EPL Limited (fr\u00fcher bekannt als Essel Propack Limited) oder wurden von den Rechteinhabern zur Nutzung an EPL Limited (fr\u00fcher bekannt als Essel Propack Limited) lizenziert.<\/p>\n\n\n\n<h6 class=\"wp-block-heading\">Das d\u00fcrfen Sie nicht<\/h6>\n\n\n\n<p>Das Kopieren (durch Ausdrucken auf Papier, Speichern auf Festplatte, Herunterladen oder auf andere Weise), Verteilen (einschlie\u00dflich Verteilen von Kopien), Herunterladen, Anzeigen, Ausf\u00fchren, Reproduzieren, Verteilen, Modifizieren, Bearbeiten, \u00c4ndern, Verbessern, Senden oder Manipulieren jeglicher auf der Website enthaltener Materialien oder deren sonstige Verwendung. Diese Beschr\u00e4nkungen gelten f\u00fcr alle oder Teile der Materialien auf der Website.<\/p>\n\n\n\n<p>Kopieren und verteilen Sie diese Informationen auf einem anderen Server oder \u00e4ndern oder verwenden Sie Texte oder Grafiken auf diesem oder einem anderen System erneut. Es ist nicht gestattet, Reproduktionen von Teilen dieser Website zu kommerziellen Zwecken zu verkaufen oder zu verteilen, noch d\u00fcrfen sie ge\u00e4ndert oder in andere Werke, Ver\u00f6ffentlichungen oder Websites aufgenommen werden, weder in Papierform noch in elektronischer Form, einschlie\u00dflich der Ver\u00f6ffentlichung auf anderen Websites.<\/p>\n\n\n\n<p>Entfernen Sie ohne unsere ausdr\u00fcckliche schriftliche Zustimmung keine im Originalmaterial enthaltenen Urheberrechts-, Marken- oder sonstigen Hinweise zum geistigen Eigentum aus Materialien, die von der Website kopiert oder ausgedruckt wurden, oder verlinken Sie nicht auf diese Website.<\/p>\n\n\n\n<h6 class=\"wp-block-heading\">Interaktion mit Drittanbietern und Links zu Websites von Drittanbietern<\/h6>\n\n\n\n<p>1. Im Rahmen Ihrer Nutzung der Website k\u00f6nnen Sie mit Werbetreibenden, Mitgliedern, Sponsoren oder Websites, auf die von der Website aus verwiesen wird, in Korrespondenz treten, Waren und\/oder Dienstleistungen von ihnen kaufen oder an Werbeaktionen von ihnen teilnehmen. Jegliche derartige Korrespondenz, Werbung, K\u00e4ufe oder Werbeaktionen, einschlie\u00dflich der Lieferung und Bezahlung von Waren und\/oder Dienstleistungen, sowie jegliche andere Bedingungen, Garantien oder Zusicherungen im Zusammenhang mit einer derartigen Korrespondenz, K\u00e4ufen oder Werbeaktionen, gelten ausschlie\u00dflich zwischen Ihnen und dem jeweiligen Dritten. Sie erkl\u00e4ren sich damit einverstanden, dass EPL Limited (fr\u00fcher bekannt als Essel Propack Limited) keine Haftung, Verpflichtung oder Verantwortung f\u00fcr eine derartige Korrespondenz, K\u00e4ufe oder Werbeaktionen zwischen Ihnen und einem derartigen Dritten \u00fcbernimmt.<\/p>\n\n\n\n<p>2. Diese Website kann mit anderen Websites im World Wide Web verkn\u00fcpft sein, die nicht von EPL Limited (fr\u00fcher bekannt als Essel Propack Limited) kontrolliert oder verwaltet werden. Solche Links bedeuten keine Verantwortung oder Billigung unsererseits f\u00fcr die betreffende externe Website, deren Inhalt oder die darauf angezeigten Links. Diese Links werden nur als Annehmlichkeit bereitgestellt, um Ihnen zu helfen, schnell und einfach relevante Websites, Dienste und\/oder Produkte zu finden, die f\u00fcr Sie von Interesse sein k\u00f6nnten. Es liegt in Ihrer Verantwortung, zu entscheiden, ob die \u00fcber eine dieser Websites verf\u00fcgbaren Dienste und\/oder Produkte f\u00fcr Ihre Zwecke geeignet sind. EPL Limited (fr\u00fcher bekannt als Essel Propack Limited) ist nicht verantwortlich f\u00fcr die Eigent\u00fcmer oder Betreiber dieser Websites oder f\u00fcr die von ihnen bereitgestellten Waren oder Dienste oder f\u00fcr den Inhalt ihrer Websites und gibt keine Bedingungen, Garantien oder andere Bestimmungen oder Zusicherungen in Bezug auf diese ab oder \u00fcbernimmt keine Haftung in Bezug auf diese (einschlie\u00dflich jeglicher Haftung, die sich aus der Behauptung ergibt, dass der Inhalt einer externen Website, zu der diese Website einen Link enth\u00e4lt, die geistigen Eigentumsrechte Dritter verletzt).<\/p>\n\n\n\n<h6 class=\"wp-block-heading\">Handelsmarken<\/h6>\n\n\n\n<p>Die auf dieser Site verwendeten und angezeigten Marken, Dienstleistungsmarken und Logos (Marken) sind eingetragene oder nicht eingetragene Marken von EPL Limited (fr\u00fcher bekannt als Essel Propack Limited) Limited. Nichts auf dieser Site darf als stillschweigende, durch Rechtsverwirkung oder auf andere Weise erteilte Lizenz oder Recht zur Nutzung einer auf der Site angezeigten Marke ohne vorherige schriftliche Zustimmung des Markeninhabers ausgelegt werden. EPL Limited (fr\u00fcher bekannt als Essel Propack Limited) Limited verbietet die Verwendung von Logos und Marken von EPL Limited (fr\u00fcher bekannt als Essel Propack Limited) Limited, auch beim Erstellen von Links auf Websites, es sei denn, die Erstellung eines solchen Links wurde zuvor schriftlich von EPL Limited (fr\u00fcher bekannt als Essel Propack Limited) genehmigt.<\/p>\n\n\n\n<h6 class=\"wp-block-heading\">Datenschutzerkl\u00e4rung f\u00fcr Online-Bewerbungen<\/h6>\n\n\n\n<p>Datenschutzrichtlinie f\u00fcr Karriere EPL Limited (fr\u00fcher bekannt als Essel Propack Limited) Limited unternimmt alle angemessenen Schritte, um die pers\u00f6nlichen Daten zu sch\u00fctzen, die Sie bei Ihrer Bewerbung um eine Stelle bei EPL Limited (fr\u00fcher bekannt als Essel Propack Limited) \u00fcber den Karrierebereich dieser Website angeben. Bei Online-Bewerbungen f\u00fcr offene Stellen bei EPL Limited (fr\u00fcher bekannt als Essel Propack Limited) sollten Sie nach bestem Wissen vollst\u00e4ndige und richtige Angaben machen. Die Angabe falscher Informationen f\u00fchrt zur Ablehnung Ihrer Bewerbung.<br>Autorisierung: Indem Sie sich \u00fcber den Karrierebereich dieser Website auf eine Stelle bei EPL Limited (fr\u00fcher bekannt als Essel Propack Limited) bewerben, erm\u00e4chtigen Sie EPL Limited (fr\u00fcher bekannt als Essel Propack Limited) und\/oder seine autorisierten Vertreter, eine Hintergrund\u00fcberpr\u00fcfung durchzuf\u00fchren, einschlie\u00dflich, aber nicht beschr\u00e4nkt auf eine \u00dcberpr\u00fcfung des Vorstrafenregisters, einer \u00dcberpr\u00fcfung der Arbeitszeugnisse und der Verifizierung aller von Ihnen bereitgestellten Informationen, und Sie erm\u00e4chtigen alle Unternehmen, Firmen, Bildungseinrichtungen, Personen, Strafverfolgungsbeh\u00f6rden, Straf- und Zivilgerichte und ehemaligen Arbeitgeber, Informationen freizugeben, die sie m\u00f6glicherweise \u00fcber Sie haben.<br>Haftungsausschluss: Unter keinen Umst\u00e4nden, einschlie\u00dflich, aber nicht beschr\u00e4nkt auf Fahrl\u00e4ssigkeit, \u00fcbernimmt EPL Limited (fr\u00fcher bekannt als Essel Propack Limited) oder seine Direktoren oder Mitarbeiter irgendeine Haftung jeglicher Art in Bezug auf die pers\u00f6nlichen Daten, die Sie auf dieser Website angeben.<\/p>","protected":false},"excerpt":{"rendered":"<p>EPL Limited (formerly known as Essel Propack Limited) companies have their own separate identities but in this web site we may sometimes use \u201cEPL\u201d, \u201cEPL Limited (formerly known as Essel Propack Limited) \u201c,&#8230;<\/p>","protected":false},"author":1,"featured_media":0,"parent":0,"menu_order":0,"comment_status":"closed","ping_status":"closed","template":"","meta":{"_acf_changed":false,"inline_featured_image":false,"footnotes":""},"class_list":["post-1742","page","type-page","status-publish","hentry"],"acf":[],"yoast_head":"<!-- This site is optimized with the Yoast SEO plugin v27.3 - https:\/\/yoast.com\/product\/yoast-seo-wordpress\/ -->\n<title>Disclaimer - EPL - Leading the pack<\/title>\n<meta name=\"robots\" content=\"noindex, follow, max-snippet:-1, max-image-preview:large, max-video-preview:-1\" \/>\n<meta property=\"og:locale\" content=\"de_DE\" \/>\n<meta property=\"og:type\" content=\"article\" \/>\n<meta property=\"og:title\" content=\"Disclaimer - EPL - Leading the pack\" \/>\n<meta property=\"og:description\" content=\"EPL Limited (formerly known as Essel Propack Limited) companies have their own separate identities but in this web site we may sometimes use \u201cEPL\u201d, \u201cEPL Limited (formerly known as Essel Propack Limited) \u201c,...\" \/>\n<meta property=\"og:url\" content=\"https:\/\/eplglobal.verifinow.in\/de\/disclaimer\/\" \/>\n<meta property=\"og:site_name\" content=\"EPL - Leading the pack\" \/>\n<meta property=\"article:publisher\" content=\"https:\/\/www.facebook.com\/EPLGlobalLimited\" \/>\n<meta property=\"article:modified_time\" content=\"2024-07-31T14:37:01+00:00\" \/>\n<meta name=\"twitter:card\" content=\"summary_large_image\" \/>\n<meta name=\"twitter:site\" content=\"@EPL_Limited\" \/>\n<meta name=\"twitter:label1\" content=\"Gesch\u00e4tzte Lesezeit\" \/>\n\t<meta name=\"twitter:data1\" content=\"11\u00a0Minuten\" \/>\n<script type=\"application\/ld+json\" class=\"yoast-schema-graph\">{\"@context\":\"https:\\\/\\\/schema.org\",\"@graph\":[{\"@type\":\"WebPage\",\"@id\":\"https:\\\/\\\/eplglobal.verifinow.in\\\/disclaimer\\\/\",\"url\":\"https:\\\/\\\/eplglobal.verifinow.in\\\/disclaimer\\\/\",\"name\":\"Disclaimer - EPL - Leading the pack\",\"isPartOf\":{\"@id\":\"https:\\\/\\\/eplglobal.verifinow.in\\\/#website\"},\"datePublished\":\"2024-07-31T14:37:00+00:00\",\"dateModified\":\"2024-07-31T14:37:01+00:00\",\"breadcrumb\":{\"@id\":\"https:\\\/\\\/eplglobal.verifinow.in\\\/disclaimer\\\/#breadcrumb\"},\"inLanguage\":\"de\",\"potentialAction\":[{\"@type\":\"ReadAction\",\"target\":[\"https:\\\/\\\/eplglobal.verifinow.in\\\/disclaimer\\\/\"]}]},{\"@type\":\"BreadcrumbList\",\"@id\":\"https:\\\/\\\/eplglobal.verifinow.in\\\/disclaimer\\\/#breadcrumb\",\"itemListElement\":[{\"@type\":\"ListItem\",\"position\":1,\"name\":\"Home\",\"item\":\"https:\\\/\\\/eplglobal.verifinow.in\\\/\"},{\"@type\":\"ListItem\",\"position\":2,\"name\":\"Disclaimer\"}]},{\"@type\":\"WebSite\",\"@id\":\"https:\\\/\\\/eplglobal.verifinow.in\\\/#website\",\"url\":\"https:\\\/\\\/eplglobal.verifinow.in\\\/\",\"name\":\"EPL\",\"description\":\"EPL ltd\",\"publisher\":{\"@id\":\"https:\\\/\\\/eplglobal.verifinow.in\\\/#organization\"},\"potentialAction\":[{\"@type\":\"SearchAction\",\"target\":{\"@type\":\"EntryPoint\",\"urlTemplate\":\"https:\\\/\\\/eplglobal.verifinow.in\\\/?s={search_term_string}\"},\"query-input\":{\"@type\":\"PropertyValueSpecification\",\"valueRequired\":true,\"valueName\":\"search_term_string\"}}],\"inLanguage\":\"de\"},{\"@type\":\"Organization\",\"@id\":\"https:\\\/\\\/eplglobal.verifinow.in\\\/#organization\",\"name\":\"EPL Ltd\",\"url\":\"https:\\\/\\\/eplglobal.verifinow.in\\\/\",\"logo\":{\"@type\":\"ImageObject\",\"inLanguage\":\"de\",\"@id\":\"https:\\\/\\\/eplglobal.verifinow.in\\\/#\\\/schema\\\/logo\\\/image\\\/\",\"url\":\"https:\\\/\\\/eplglobal.verifinow.in\\\/wp-content\\\/uploads\\\/2024\\\/07\\\/EPL-logo-300x207-1-3.png\",\"contentUrl\":\"https:\\\/\\\/eplglobal.verifinow.in\\\/wp-content\\\/uploads\\\/2024\\\/07\\\/EPL-logo-300x207-1-3.png\",\"width\":300,\"height\":207,\"caption\":\"EPL Ltd\"},\"image\":{\"@id\":\"https:\\\/\\\/eplglobal.verifinow.in\\\/#\\\/schema\\\/logo\\\/image\\\/\"},\"sameAs\":[\"https:\\\/\\\/www.facebook.com\\\/EPLGlobalLimited\",\"https:\\\/\\\/x.com\\\/EPL_Limited\",\"https:\\\/\\\/www.instagram.com\\\/epl_limited\\\/\",\"https:\\\/\\\/www.linkedin.com\\\/company\\\/epl-limited\\\/\",\"https:\\\/\\\/www.youtube.com\\\/channel\\\/UCciHlQEzUjUqievawSyoNcw\"]}]}<\/script>\n<!-- \/ Yoast SEO plugin. -->","yoast_head_json":{"title":"Haftungsausschluss - EPL - F\u00fchrend","robots":{"index":"noindex","follow":"follow","max-snippet":"max-snippet:-1","max-image-preview":"max-image-preview:large","max-video-preview":"max-video-preview:-1"},"og_locale":"de_DE","og_type":"article","og_title":"Disclaimer - EPL - Leading the pack","og_description":"EPL Limited (formerly known as Essel Propack Limited) companies have their own separate identities but in this web site we may sometimes use \u201cEPL\u201d, \u201cEPL Limited (formerly known as Essel Propack Limited) \u201c,...","og_url":"https:\/\/eplglobal.verifinow.in\/de\/disclaimer\/","og_site_name":"EPL - Leading the pack","article_publisher":"https:\/\/www.facebook.com\/EPLGlobalLimited","article_modified_time":"2024-07-31T14:37:01+00:00","twitter_card":"summary_large_image","twitter_site":"@EPL_Limited","twitter_misc":{"Gesch\u00e4tzte Lesezeit":"11\u00a0Minuten"},"schema":{"@context":"https:\/\/schema.org","@graph":[{"@type":"WebPage","@id":"https:\/\/eplglobal.verifinow.in\/disclaimer\/","url":"https:\/\/eplglobal.verifinow.in\/disclaimer\/","name":"Haftungsausschluss - EPL - F\u00fchrend","isPartOf":{"@id":"https:\/\/eplglobal.verifinow.in\/#website"},"datePublished":"2024-07-31T14:37:00+00:00","dateModified":"2024-07-31T14:37:01+00:00","breadcrumb":{"@id":"https:\/\/eplglobal.verifinow.in\/disclaimer\/#breadcrumb"},"inLanguage":"de","potentialAction":[{"@type":"ReadAction","target":["https:\/\/eplglobal.verifinow.in\/disclaimer\/"]}]},{"@type":"BreadcrumbList","@id":"https:\/\/eplglobal.verifinow.in\/disclaimer\/#breadcrumb","itemListElement":[{"@type":"ListItem","position":1,"name":"Home","item":"https:\/\/eplglobal.verifinow.in\/"},{"@type":"ListItem","position":2,"name":"Disclaimer"}]},{"@type":"WebSite","@id":"https:\/\/eplglobal.verifinow.in\/#website","url":"https:\/\/eplglobal.verifinow.in\/","name":"EPL","description":"EPL GmbH","publisher":{"@id":"https:\/\/eplglobal.verifinow.in\/#organization"},"potentialAction":[{"@type":"SearchAction","target":{"@type":"EntryPoint","urlTemplate":"https:\/\/eplglobal.verifinow.in\/?s={search_term_string}"},"query-input":{"@type":"PropertyValueSpecification","valueRequired":true,"valueName":"search_term_string"}}],"inLanguage":"de"},{"@type":"Organization","@id":"https:\/\/eplglobal.verifinow.in\/#organization","name":"EPL GmbH","url":"https:\/\/eplglobal.verifinow.in\/","logo":{"@type":"ImageObject","inLanguage":"de","@id":"https:\/\/eplglobal.verifinow.in\/#\/schema\/logo\/image\/","url":"https:\/\/eplglobal.verifinow.in\/wp-content\/uploads\/2024\/07\/EPL-logo-300x207-1-3.png","contentUrl":"https:\/\/eplglobal.verifinow.in\/wp-content\/uploads\/2024\/07\/EPL-logo-300x207-1-3.png","width":300,"height":207,"caption":"EPL Ltd"},"image":{"@id":"https:\/\/eplglobal.verifinow.in\/#\/schema\/logo\/image\/"},"sameAs":["https:\/\/www.facebook.com\/EPLGlobalLimited","https:\/\/x.com\/EPL_Limited","https:\/\/www.instagram.com\/epl_limited\/","https:\/\/www.linkedin.com\/company\/epl-limited\/","https:\/\/www.youtube.com\/channel\/UCciHlQEzUjUqievawSyoNcw"]}]}},"_links":{"self":[{"href":"https:\/\/eplglobal.verifinow.in\/de\/wp-json\/wp\/v2\/pages\/1742","targetHints":{"allow":["GET"]}}],"collection":[{"href":"https:\/\/eplglobal.verifinow.in\/de\/wp-json\/wp\/v2\/pages"}],"about":[{"href":"https:\/\/eplglobal.verifinow.in\/de\/wp-json\/wp\/v2\/types\/page"}],"author":[{"embeddable":true,"href":"https:\/\/eplglobal.verifinow.in\/de\/wp-json\/wp\/v2\/users\/1"}],"replies":[{"embeddable":true,"href":"https:\/\/eplglobal.verifinow.in\/de\/wp-json\/wp\/v2\/comments?post=1742"}],"version-history":[{"count":0,"href":"https:\/\/eplglobal.verifinow.in\/de\/wp-json\/wp\/v2\/pages\/1742\/revisions"}],"wp:attachment":[{"href":"https:\/\/eplglobal.verifinow.in\/de\/wp-json\/wp\/v2\/media?parent=1742"}],"curies":[{"name":"wp","href":"https:\/\/api.w.org\/{rel}","templated":true}]}}