{"id":1740,"date":"2024-07-31T12:31:39","date_gmt":"2024-07-31T12:31:39","guid":{"rendered":"https:\/\/eplglobal.verifinow.in\/?page_id=1740"},"modified":"2024-07-31T12:31:40","modified_gmt":"2024-07-31T12:31:40","slug":"cookie-policy","status":"publish","type":"page","link":"https:\/\/eplglobal.verifinow.in\/de\/cookie-policy\/","title":{"rendered":"Cookie-Richtlinie"},"content":{"rendered":"<p>EPL Limited (fr\u00fcher bekannt als Essel Propack Limited) (\"wir\", \"uns\", \"EPL\") ist sich bewusst, dass Ihre Privatsph\u00e4re f\u00fcr die betroffenen Personen (\"Sie\", \"Ihr\", \"Nutzer\", \"Abonnent\") wichtig ist, und wir verpflichten uns, die von uns verwendeten Technologien transparent zu machen. In dieser Cookie-Richtlinie wird erl\u00e4utert, wie und warum Cookies und andere \u00e4hnliche Technologien auf Ihrem Ger\u00e4t gespeichert werden und wie auf diese zugegriffen werden kann, wenn Sie die Website von EPL Limited (fr\u00fcher bekannt als Essel Propack Limited) oder eine Anwendung, die einen Link zu dieser Richtlinie enth\u00e4lt (zusammenfassend als \"die Websites\" bezeichnet), nutzen oder besuchen. Diese Cookie-Richtlinie sollte zusammen mit unserer Datenschutzrichtlinie und unseren Nutzungsbedingungen gelesen werden.<\/p>\n\n\n\n<h4 class=\"wp-block-heading\">Was sind Cookies und andere Tracking-Technologien?<\/h4>\n\n\n\n<p>Ein Cookie ist eine kleine Textdatei, die eine Website auf Ihrem Computer oder Mobilger\u00e4t speichert, wenn Sie die Website besuchen. Sie erm\u00f6glicht es der Website, sich Ihre Aktionen und Pr\u00e4ferenzen (wie Anmeldung, Sprache, Schriftgr\u00f6\u00dfe und andere Anzeigeeinstellungen) \u00fcber einen bestimmten Zeitraum zu merken, so dass Sie sie nicht jedes Mal neu eingeben m\u00fcssen, wenn Sie die Website erneut besuchen oder von einer Seite zur anderen wechseln. Die anderen Tracking-Technologien funktionieren \u00e4hnlich wie Cookies und platzieren kleine Datendateien auf Ihren Ger\u00e4ten oder \u00fcberwachen Ihre Website-Aktivit\u00e4ten, damit wir Informationen dar\u00fcber sammeln k\u00f6nnen, wie Sie unsere Websites nutzen. Dies erm\u00f6glicht es unseren Websites, Ihr Ger\u00e4t von denen anderer Nutzer der Websites zu unterscheiden. Die unten stehenden Informationen \u00fcber Cookies gelten auch f\u00fcr diese anderen Tracking-Technologien.<\/p>\n\n\n\n<h4 class=\"wp-block-heading\">Wie werden auf unseren Websites Cookies und andere Tracking-Technologien verwendet?<\/h4>\n\n\n\n<p>Wir verwenden Cookies, um Informationen zu sammeln und zu speichern, wenn Sie auf unsere Website zugreifen und andere Dienste von EPL Limited (fr\u00fcher bekannt als Essel Propack Limited) nutzen. Wir verwenden Cookies f\u00fcr verschiedene Zwecke wie z.B.:<\/p>\n\n\n\n<ul class=\"wp-block-list\">\n<li>Um Ihnen die Dienste von EPL Limited (fr\u00fcher bekannt als Essel Propack Limited) anbieten zu k\u00f6nnen<\/li>\n\n\n\n<li>Zur Bereitstellung von nicht-personalisierter oder personalisierter Werbung<\/li>\n\n\n\n<li>So identifizieren Sie Ihren Standort<\/li>\n\n\n\n<li>Um Ihren Browser und Ihr Ger\u00e4t zu identifizieren.<\/li>\n\n\n\n<li>F\u00fcr Analytik und Forschung<\/li>\n<\/ul>\n\n\n\n<p>Messung und Analyse des Publikums f\u00fcr jede Seite, um anschlie\u00dfend die Ergonomie, das Browsing oder die Sichtbarkeit der Inhalte zu verbessern; Messung der Zuverl\u00e4ssigkeit der Website durch Analyse der Anzahl der Besuche auf ihren Seiten in Echtzeit und Angebot von abwechslungsreicher Werbung, die an die Interessenbereiche der Nutzer angepasst ist; Cookies k\u00f6nnen auch von Social-Media-Tools gespeichert werden, wenn Sie diese Funktionen nutzen (z. B. Facebook, Twitter).<\/p>\n\n\n\n<p>Art der Cookies<\/p>\n\n\n\n<p>\"Erstanbieter-Cookies\" sind Cookies, die uns geh\u00f6ren und die wir auf Ihrem Ger\u00e4t platzieren oder die von einer Website gesetzt werden, die der Nutzer gerade besucht (z. B. Cookies, die von der EPL Limited (fr\u00fcher bekannt als Essel Propack Limited) Group gesetzt werden).<\/p>\n\n\n\n<p>\"Cookies von Drittanbietern\" sind Cookies, die eine andere Partei \u00fcber unsere Website auf Ihrem Ger\u00e4t platziert (z. B. k\u00f6nnen Werbeagenturen ihre Cookies auf unserer Website platzieren, die Tracking-Informationen sammeln und Sie mit Werbung versorgen).<\/p>\n\n\n\n<p>Wir verwenden die folgenden Arten von Cookies:<br>Dauerhafte Cookies. Wir verwenden dauerhafte Cookies, um Ihre Erfahrung bei der Nutzung der Websites zu verbessern. Dazu geh\u00f6rt die Aufzeichnung Ihrer Zustimmung zu unserer Cookie-Richtlinie, um die Cookie-Meldung zu entfernen, die beim ersten Besuch der Website erscheint.<\/p>\n\n\n\n<p>Sitzungs-Cookies. Sitzungs-Cookies sind tempor\u00e4r und werden von Ihrem Rechner gel\u00f6scht, wenn Ihr Webbrowser geschlossen wird. Wir verwenden Session-Cookies, um die Internetnutzung wie oben beschrieben zu verfolgen.<\/p>\n\n\n\n<p>Sie k\u00f6nnen die Annahme von Browser-Cookies verweigern, indem Sie die entsprechende Einstellung in Ihrem Browser aktivieren. Wenn Sie diese Einstellung w\u00e4hlen, kann es jedoch sein, dass Sie auf bestimmte Teile der Websites nicht zugreifen k\u00f6nnen. Sofern Sie Ihren Browser nicht so eingestellt haben, dass er Cookies ablehnt, pr\u00fcft unser System, ob Cookies erfasst werden k\u00f6nnen, wenn Sie Ihren Browser auf unsere Websites richten. Die von den Websites und\/oder durch Cookies, die auf Ihrem Computer platziert werden k\u00f6nnen, gesammelten Daten werden nicht l\u00e4nger aufbewahrt, als es f\u00fcr die Erf\u00fcllung der oben genannten Zwecke erforderlich ist. In jedem Fall werden diese Informationen in unserer Datenbank gespeichert, bis wir Ihre ausdr\u00fcckliche Zustimmung erhalten, alle gespeicherten Cookies zu l\u00f6schen.<\/p>\n\n\n\n<p>Wir kategorisieren Cookies wie folgt:<\/p>\n\n\n\n<h4 class=\"wp-block-heading\">Streng Notwendig\/Technisch<\/h4>\n\n\n\n<p>Diese Cookies sind notwendig, damit wir unsere Websites so betreiben k\u00f6nnen, dass Sie auf sie zugreifen k\u00f6nnen, wie Sie es gew\u00fcnscht haben. Anhand dieser Cookies k\u00f6nnen wir beispielsweise erkennen, dass Sie ein Konto erstellt haben und sich ein- oder ausloggen, um auf den Inhalt der Website zuzugreifen. Dazu geh\u00f6ren auch Cookies, die es uns erm\u00f6glichen, uns an Ihre fr\u00fcheren Aktionen innerhalb derselben Browsing-Sitzung zu erinnern und unsere Websites zu sichern.<\/p>\n\n\n\n<h4 class=\"wp-block-heading\">Analytisch\/Leistung<\/h4>\n\n\n\n<p>Diese Cookies werden von uns oder Drittanbietern verwendet, um zu analysieren, wie die Websites genutzt werden und wie sie funktionieren. Diese Cookies verfolgen zum Beispiel, welche Inhalte am h\u00e4ufigsten besucht werden, den Verlauf des Besuchs und von welchen Orten unsere Besucher kommen. Wenn Sie einen Newsletter abonnieren oder sich anderweitig auf den Websites registrieren, k\u00f6nnen diese Cookies mit Ihnen in Verbindung gebracht werden. Zu diesen Cookies geh\u00f6ren beispielsweise Google Analytics-Cookies und Comscore-Cookies.<\/p>\n\n\n\n<h4 class=\"wp-block-heading\">Funktionsweise<\/h4>\n\n\n\n<p>Diese Cookies erm\u00f6glichen es uns, die Seiten in \u00dcbereinstimmung mit den von Ihnen getroffenen Auswahlen zu betreiben. Diese Cookies erm\u00f6glichen es uns, uns zwischen den Besuchen an Sie zu \"erinnern\". So erkennen wir beispielsweise Ihren Benutzernamen und merken uns, wie Sie die Sites und Dienste angepasst haben, z. B. durch die Anpassung von Textgr\u00f6\u00dfe, Schriftarten, Sprachen und anderen Teilen der Webseiten, die ge\u00e4ndert werden k\u00f6nnen, und bieten Ihnen<br>die gleichen Anpassungen bei zuk\u00fcnftigen Besuchen.<\/p>\n\n\n\n<h4 class=\"wp-block-heading\">Targeting- oder Werbe-Cookies.<\/h4>\n\n\n\n<p>Diese Cookies werden verwendet, um Inhalte zu liefern, die f\u00fcr Sie und Ihre Interessen relevanter sind. Sie werden auch verwendet, um gezielte Werbung zu liefern oder die Anzahl der Anzeigen zu begrenzen, die Sie sehen, und um die Effektivit\u00e4t der Werbekampagnen der EPL Limited (fr\u00fcher bekannt als Essel Propack Limited) Group und anderer Websites zu messen. Sie merken sich, dass Sie eine unserer Websites besucht haben, und diese Informationen werden an andere Parteien weitergegeben, einschlie\u00dflich Werbekunden und unsere Agenturen. Diese Cookies k\u00f6nnen auch mit Website-Funktionen verkn\u00fcpft sein, die von Drittanbietern wie Google DFP und Affinity bereitgestellt werden.<\/p>\n\n\n\n<h4 class=\"wp-block-heading\">Erfassen diese Cookies pers\u00f6nliche Daten\/identifizieren sie mich?<\/h4>\n\n\n\n<p>Die meisten dieser Cookies verfolgen die Verbraucher \u00fcber ihre Ger\u00e4te-ID oder IP-Adresse, so dass sie personenbezogene Daten erfassen k\u00f6nnen.<\/p>\n\n\n\n<p>Je nach Art der Cookies, die von dem betreffenden Drittanbieter verwendet werden, k\u00f6nnen die von diesen Cookies gesammelten Informationen personenbezogene Daten enthalten, die jedoch nicht in der Lage sind, Sie direkt als Person zu identifizieren oder Ihre pers\u00f6nlichen Daten wie Name, E-Mail-Adresse oder Mobiltelefonnummer zu speichern.<\/p>\n\n\n\n<h4 class=\"wp-block-heading\">Verwaltung von Werbe-Cookies<\/h4>\n\n\n\n<p>Bitte beachten Sie, dass, wenn Sie den Erhalt gezielter Werbung ablehnen, dies nicht bedeutet, dass Sie weniger Werbung erhalten, wenn Sie unsere Website nutzen. Es bedeutet nur, dass die Werbung, die Sie sehen, nicht so individuell auf Sie zugeschnitten ist.&nbsp;<\/p>\n\n\n\n<p>Wenn Sie dennoch Werbecookies von Drittanbietern deaktivieren m\u00f6chten, k\u00f6nnen Sie dies auf der Verbraucherberatungsseite des Internet Advertising Bureau, Youronlinechoices.com, tun. Dort finden Sie eine Liste aller Cookies, die derzeit auf Ihrem Ger\u00e4t gesetzt sind, und erfahren, wie Sie sie jeweils deaktivieren k\u00f6nnen.<\/p>\n\n\n\n<p>Weitere Informationen \u00fcber die interessenbezogene Werbung vieler Werbenetzwerke und die M\u00f6glichkeit, diese abzulehnen, finden Sie hier: Europ\u00e4ische Union:&nbsp;<a href=\"http:\/\/www.youronlinechoices.eu\/\" target=\"_blank\" rel=\"noreferrer noopener\">www.youronlinechoices.eu<\/a><\/p>\n\n\n\n<h4 class=\"wp-block-heading\">Wie kann ich meine Zustimmung zur Verwendung von Cookies verweigern oder zur\u00fcckziehen?<\/h4>\n\n\n\n<p>Wenn Sie nicht m\u00f6chten, dass Cookies auf Ihrem Ger\u00e4t abgelegt werden, k\u00f6nnen Sie Ihren Internet-Browser so einstellen, dass er alle oder einige Cookies ablehnt und Sie warnt, wenn ein Cookie auf Ihrem Ger\u00e4t abgelegt wird. Weitere Informationen dazu finden Sie in der \"Hilfe\"\/\"Tool\"- oder \"Bearbeiten\"-Sektion Ihres Browsers, z. B. Google Chrome, Safari, Mozilla Firefox usw.<\/p>\n\n\n\n<p>Bitte beachten Sie, dass Sie, wenn Ihr Browser bereits so eingestellt ist, dass er alle Cookies (einschlie\u00dflich unbedingt notwendiger Cookies) blockiert, m\u00f6glicherweise nicht in der Lage sind, auf unsere Websites zuzugreifen oder sie ganz oder teilweise zu nutzen.<\/p>\n\n\n\n<p>Wenn Sie zuvor gespeicherte Cookies entfernen m\u00f6chten, k\u00f6nnen Sie diese jederzeit manuell l\u00f6schen. Dies wird jedoch nicht verhindern, dass die Sites weitere Cookies auf Ihrem Ger\u00e4t ablegen, es sei denn, Sie passen die Einstellungen Ihres Internetbrowsers wie oben beschrieben an.<\/p>\n\n\n\n<p>Weitere Informationen \u00fcber die Erstellung von Nutzerprofilen und die Verwendung von Targeting-\/Werbe-Cookies finden Sie unter www.youronlinechoices.eu, wenn Sie sich in Europa befinden, oder unter www.aboutads.info\/choices, wenn Sie sich in den Vereinigten Staaten befinden.<\/p>\n\n\n\n<h4 class=\"wp-block-heading\">Cookie-Zustimmungsbanner<\/h4>\n\n\n\n<p>M\u00f6glicherweise sehen Sie auf unseren Websites und Dashboards ein \"Cookie-Banner\". Wenn Sie auf diese Weise zustimmen, k\u00f6nnen wir und unsere Werbepartner Werbe-Cookies auf der von Ihnen besuchten Website und auf anderen unserer Websites, Dashboards und Dienste setzen. Wir zeigen Ihnen das Banner in regelm\u00e4\u00dfigen Abst\u00e4nden an, nur f\u00fcr den Fall, dass Sie Ihre Meinung \u00e4ndern.<\/p>","protected":false},"excerpt":{"rendered":"<p>EPL Limited (formerly known as Essel Propack Limited) (\u201cwe\u201d, \u201cus\u201d, \u201cEPL\u201d) understands that your privacy is important to data subject (\u201cyou\u201d, \u201cyour\u201d, \u201cuser\u201d, \u201csubscriber\u201d) and we are committed for being transparent about the&#8230;<\/p>","protected":false},"author":1,"featured_media":0,"parent":0,"menu_order":0,"comment_status":"closed","ping_status":"closed","template":"","meta":{"_acf_changed":false,"inline_featured_image":false,"footnotes":""},"class_list":["post-1740","page","type-page","status-publish","hentry"],"acf":[],"yoast_head":"<!-- This site is optimized with the Yoast SEO plugin v27.3 - https:\/\/yoast.com\/product\/yoast-seo-wordpress\/ -->\n<title>Cookie Policy - EPL - Leading the pack<\/title>\n<meta name=\"robots\" content=\"noindex, follow, max-snippet:-1, max-image-preview:large, max-video-preview:-1\" \/>\n<meta property=\"og:locale\" content=\"de_DE\" \/>\n<meta property=\"og:type\" content=\"article\" \/>\n<meta property=\"og:title\" content=\"Cookie Policy - EPL - Leading the pack\" \/>\n<meta property=\"og:description\" content=\"EPL Limited (formerly known as Essel Propack Limited) (\u201cwe\u201d, \u201cus\u201d, \u201cEPL\u201d) understands that your privacy is important to data subject (\u201cyou\u201d, \u201cyour\u201d, \u201cuser\u201d, \u201csubscriber\u201d) and we are committed for being transparent about the...\" \/>\n<meta property=\"og:url\" content=\"https:\/\/eplglobal.verifinow.in\/de\/cookie-policy\/\" \/>\n<meta property=\"og:site_name\" content=\"EPL - Leading the pack\" \/>\n<meta property=\"article:publisher\" content=\"https:\/\/www.facebook.com\/EPLGlobalLimited\" \/>\n<meta property=\"article:modified_time\" content=\"2024-07-31T12:31:40+00:00\" \/>\n<meta name=\"twitter:card\" content=\"summary_large_image\" \/>\n<meta name=\"twitter:site\" content=\"@EPL_Limited\" \/>\n<meta name=\"twitter:label1\" content=\"Gesch\u00e4tzte Lesezeit\" \/>\n\t<meta name=\"twitter:data1\" content=\"7\u00a0Minuten\" \/>\n<script type=\"application\/ld+json\" class=\"yoast-schema-graph\">{\"@context\":\"https:\\\/\\\/schema.org\",\"@graph\":[{\"@type\":\"WebPage\",\"@id\":\"https:\\\/\\\/eplglobal.verifinow.in\\\/cookie-policy\\\/\",\"url\":\"https:\\\/\\\/eplglobal.verifinow.in\\\/cookie-policy\\\/\",\"name\":\"Cookie Policy - EPL - Leading the pack\",\"isPartOf\":{\"@id\":\"https:\\\/\\\/eplglobal.verifinow.in\\\/#website\"},\"datePublished\":\"2024-07-31T12:31:39+00:00\",\"dateModified\":\"2024-07-31T12:31:40+00:00\",\"breadcrumb\":{\"@id\":\"https:\\\/\\\/eplglobal.verifinow.in\\\/cookie-policy\\\/#breadcrumb\"},\"inLanguage\":\"de\",\"potentialAction\":[{\"@type\":\"ReadAction\",\"target\":[\"https:\\\/\\\/eplglobal.verifinow.in\\\/cookie-policy\\\/\"]}]},{\"@type\":\"BreadcrumbList\",\"@id\":\"https:\\\/\\\/eplglobal.verifinow.in\\\/cookie-policy\\\/#breadcrumb\",\"itemListElement\":[{\"@type\":\"ListItem\",\"position\":1,\"name\":\"Home\",\"item\":\"https:\\\/\\\/eplglobal.verifinow.in\\\/\"},{\"@type\":\"ListItem\",\"position\":2,\"name\":\"Cookie Policy\"}]},{\"@type\":\"WebSite\",\"@id\":\"https:\\\/\\\/eplglobal.verifinow.in\\\/#website\",\"url\":\"https:\\\/\\\/eplglobal.verifinow.in\\\/\",\"name\":\"EPL\",\"description\":\"EPL ltd\",\"publisher\":{\"@id\":\"https:\\\/\\\/eplglobal.verifinow.in\\\/#organization\"},\"potentialAction\":[{\"@type\":\"SearchAction\",\"target\":{\"@type\":\"EntryPoint\",\"urlTemplate\":\"https:\\\/\\\/eplglobal.verifinow.in\\\/?s={search_term_string}\"},\"query-input\":{\"@type\":\"PropertyValueSpecification\",\"valueRequired\":true,\"valueName\":\"search_term_string\"}}],\"inLanguage\":\"de\"},{\"@type\":\"Organization\",\"@id\":\"https:\\\/\\\/eplglobal.verifinow.in\\\/#organization\",\"name\":\"EPL Ltd\",\"url\":\"https:\\\/\\\/eplglobal.verifinow.in\\\/\",\"logo\":{\"@type\":\"ImageObject\",\"inLanguage\":\"de\",\"@id\":\"https:\\\/\\\/eplglobal.verifinow.in\\\/#\\\/schema\\\/logo\\\/image\\\/\",\"url\":\"https:\\\/\\\/eplglobal.verifinow.in\\\/wp-content\\\/uploads\\\/2024\\\/07\\\/EPL-logo-300x207-1-3.png\",\"contentUrl\":\"https:\\\/\\\/eplglobal.verifinow.in\\\/wp-content\\\/uploads\\\/2024\\\/07\\\/EPL-logo-300x207-1-3.png\",\"width\":300,\"height\":207,\"caption\":\"EPL Ltd\"},\"image\":{\"@id\":\"https:\\\/\\\/eplglobal.verifinow.in\\\/#\\\/schema\\\/logo\\\/image\\\/\"},\"sameAs\":[\"https:\\\/\\\/www.facebook.com\\\/EPLGlobalLimited\",\"https:\\\/\\\/x.com\\\/EPL_Limited\",\"https:\\\/\\\/www.instagram.com\\\/epl_limited\\\/\",\"https:\\\/\\\/www.linkedin.com\\\/company\\\/epl-limited\\\/\",\"https:\\\/\\\/www.youtube.com\\\/channel\\\/UCciHlQEzUjUqievawSyoNcw\"]}]}<\/script>\n<!-- \/ Yoast SEO plugin. -->","yoast_head_json":{"title":"Cookie-Richtlinie - EPL - F\u00fchrend im Rudel","robots":{"index":"noindex","follow":"follow","max-snippet":"max-snippet:-1","max-image-preview":"max-image-preview:large","max-video-preview":"max-video-preview:-1"},"og_locale":"de_DE","og_type":"article","og_title":"Cookie Policy - EPL - Leading the pack","og_description":"EPL Limited (formerly known as Essel Propack Limited) (\u201cwe\u201d, \u201cus\u201d, \u201cEPL\u201d) understands that your privacy is important to data subject (\u201cyou\u201d, \u201cyour\u201d, \u201cuser\u201d, \u201csubscriber\u201d) and we are committed for being transparent about the...","og_url":"https:\/\/eplglobal.verifinow.in\/de\/cookie-policy\/","og_site_name":"EPL - Leading the pack","article_publisher":"https:\/\/www.facebook.com\/EPLGlobalLimited","article_modified_time":"2024-07-31T12:31:40+00:00","twitter_card":"summary_large_image","twitter_site":"@EPL_Limited","twitter_misc":{"Gesch\u00e4tzte Lesezeit":"7\u00a0Minuten"},"schema":{"@context":"https:\/\/schema.org","@graph":[{"@type":"WebPage","@id":"https:\/\/eplglobal.verifinow.in\/cookie-policy\/","url":"https:\/\/eplglobal.verifinow.in\/cookie-policy\/","name":"Cookie-Richtlinie - EPL - F\u00fchrend im Rudel","isPartOf":{"@id":"https:\/\/eplglobal.verifinow.in\/#website"},"datePublished":"2024-07-31T12:31:39+00:00","dateModified":"2024-07-31T12:31:40+00:00","breadcrumb":{"@id":"https:\/\/eplglobal.verifinow.in\/cookie-policy\/#breadcrumb"},"inLanguage":"de","potentialAction":[{"@type":"ReadAction","target":["https:\/\/eplglobal.verifinow.in\/cookie-policy\/"]}]},{"@type":"BreadcrumbList","@id":"https:\/\/eplglobal.verifinow.in\/cookie-policy\/#breadcrumb","itemListElement":[{"@type":"ListItem","position":1,"name":"Home","item":"https:\/\/eplglobal.verifinow.in\/"},{"@type":"ListItem","position":2,"name":"Cookie Policy"}]},{"@type":"WebSite","@id":"https:\/\/eplglobal.verifinow.in\/#website","url":"https:\/\/eplglobal.verifinow.in\/","name":"EPL","description":"EPL GmbH","publisher":{"@id":"https:\/\/eplglobal.verifinow.in\/#organization"},"potentialAction":[{"@type":"SearchAction","target":{"@type":"EntryPoint","urlTemplate":"https:\/\/eplglobal.verifinow.in\/?s={search_term_string}"},"query-input":{"@type":"PropertyValueSpecification","valueRequired":true,"valueName":"search_term_string"}}],"inLanguage":"de"},{"@type":"Organization","@id":"https:\/\/eplglobal.verifinow.in\/#organization","name":"EPL GmbH","url":"https:\/\/eplglobal.verifinow.in\/","logo":{"@type":"ImageObject","inLanguage":"de","@id":"https:\/\/eplglobal.verifinow.in\/#\/schema\/logo\/image\/","url":"https:\/\/eplglobal.verifinow.in\/wp-content\/uploads\/2024\/07\/EPL-logo-300x207-1-3.png","contentUrl":"https:\/\/eplglobal.verifinow.in\/wp-content\/uploads\/2024\/07\/EPL-logo-300x207-1-3.png","width":300,"height":207,"caption":"EPL Ltd"},"image":{"@id":"https:\/\/eplglobal.verifinow.in\/#\/schema\/logo\/image\/"},"sameAs":["https:\/\/www.facebook.com\/EPLGlobalLimited","https:\/\/x.com\/EPL_Limited","https:\/\/www.instagram.com\/epl_limited\/","https:\/\/www.linkedin.com\/company\/epl-limited\/","https:\/\/www.youtube.com\/channel\/UCciHlQEzUjUqievawSyoNcw"]}]}},"_links":{"self":[{"href":"https:\/\/eplglobal.verifinow.in\/de\/wp-json\/wp\/v2\/pages\/1740","targetHints":{"allow":["GET"]}}],"collection":[{"href":"https:\/\/eplglobal.verifinow.in\/de\/wp-json\/wp\/v2\/pages"}],"about":[{"href":"https:\/\/eplglobal.verifinow.in\/de\/wp-json\/wp\/v2\/types\/page"}],"author":[{"embeddable":true,"href":"https:\/\/eplglobal.verifinow.in\/de\/wp-json\/wp\/v2\/users\/1"}],"replies":[{"embeddable":true,"href":"https:\/\/eplglobal.verifinow.in\/de\/wp-json\/wp\/v2\/comments?post=1740"}],"version-history":[{"count":0,"href":"https:\/\/eplglobal.verifinow.in\/de\/wp-json\/wp\/v2\/pages\/1740\/revisions"}],"wp:attachment":[{"href":"https:\/\/eplglobal.verifinow.in\/de\/wp-json\/wp\/v2\/media?parent=1740"}],"curies":[{"name":"wp","href":"https:\/\/api.w.org\/{rel}","templated":true}]}}